{"id":14124,"date":"2022-11-06T07:41:27","date_gmt":"2022-11-06T07:41:27","guid":{"rendered":"https:\/\/limakthermal.com\/?page_id=14124"},"modified":"2026-03-25T08:13:08","modified_gmt":"2026-03-25T08:13:08","slug":"qualitaet-lebensmittelsicherheit","status":"publish","type":"page","link":"https:\/\/limakthermal.com\/de\/qualitaet-lebensmittelsicherheit\/","title":{"rendered":"Unsere Qualit\u00e4tspolitik"},"content":{"rendered":"\t\t<div data-elementor-type=\"wp-page\" data-elementor-id=\"14124\" class=\"elementor elementor-14124 elementor-1424\" data-elementor-post-type=\"page\">\n\t\t\t\t\t\t<section class=\"elementor-section elementor-top-section elementor-element elementor-element-319a41e elementor-section-height-min-height elementor-section-boxed elementor-section-height-default elementor-section-items-middle\" data-id=\"319a41e\" data-element_type=\"section\" data-e-type=\"section\" data-settings=\"{&quot;background_background&quot;:&quot;classic&quot;}\">\n\t\t\t\t\t\t<div class=\"elementor-container elementor-column-gap-default\">\n\t\t\t\t\t<div class=\"elementor-column elementor-col-100 elementor-top-column elementor-element elementor-element-6d82a88\" data-id=\"6d82a88\" data-element_type=\"column\" data-e-type=\"column\">\n\t\t\t<div class=\"elementor-widget-wrap elementor-element-populated\">\n\t\t\t\t\t\t<div class=\"elementor-element elementor-element-ee54176 elementor-widget elementor-widget-spacer\" data-id=\"ee54176\" data-element_type=\"widget\" data-e-type=\"widget\" data-widget_type=\"spacer.default\">\n\t\t\t\t<div class=\"elementor-widget-container\">\n\t\t\t\t\t\t\t<div class=\"elementor-spacer\">\n\t\t\t<div class=\"elementor-spacer-inner\"><\/div>\n\t\t<\/div>\n\t\t\t\t\t\t<\/div>\n\t\t\t\t<\/div>\n\t\t\t\t\t<\/div>\n\t\t<\/div>\n\t\t\t\t\t<\/div>\n\t\t<\/section>\n\t\t\t\t<section class=\"elementor-section elementor-top-section elementor-element elementor-element-1cdc2ae elementor-section-boxed elementor-section-height-default elementor-section-height-default\" data-id=\"1cdc2ae\" data-element_type=\"section\" data-e-type=\"section\" data-settings=\"{&quot;background_background&quot;:&quot;classic&quot;}\">\n\t\t\t\t\t\t<div class=\"elementor-container elementor-column-gap-default\">\n\t\t\t\t\t<div class=\"elementor-column elementor-col-100 elementor-top-column elementor-element elementor-element-629bfe2\" data-id=\"629bfe2\" data-element_type=\"column\" data-e-type=\"column\">\n\t\t\t<div class=\"elementor-widget-wrap elementor-element-populated\">\n\t\t\t\t\t\t<div class=\"elementor-element elementor-element-9d3919c elementor-widget elementor-widget-spacer\" data-id=\"9d3919c\" data-element_type=\"widget\" data-e-type=\"widget\" data-widget_type=\"spacer.default\">\n\t\t\t\t<div class=\"elementor-widget-container\">\n\t\t\t\t\t\t\t<div class=\"elementor-spacer\">\n\t\t\t<div class=\"elementor-spacer-inner\"><\/div>\n\t\t<\/div>\n\t\t\t\t\t\t<\/div>\n\t\t\t\t<\/div>\n\t\t\t\t\t<\/div>\n\t\t<\/div>\n\t\t\t\t\t<\/div>\n\t\t<\/section>\n\t\t\t\t<section class=\"elementor-section elementor-top-section elementor-element elementor-element-128423c elementor-section-boxed elementor-section-height-default elementor-section-height-default\" data-id=\"128423c\" data-element_type=\"section\" data-e-type=\"section\" data-settings=\"{&quot;background_background&quot;:&quot;classic&quot;}\">\n\t\t\t\t\t\t<div class=\"elementor-container elementor-column-gap-default\">\n\t\t\t\t\t<div class=\"elementor-column elementor-col-100 elementor-top-column elementor-element elementor-element-ac6edce\" data-id=\"ac6edce\" data-element_type=\"column\" data-e-type=\"column\" data-settings=\"{&quot;background_background&quot;:&quot;classic&quot;}\">\n\t\t\t<div class=\"elementor-widget-wrap elementor-element-populated\">\n\t\t\t\t\t\t<div class=\"elementor-element elementor-element-c5f9c4d elementor-widget elementor-widget-heading\" data-id=\"c5f9c4d\" data-element_type=\"widget\" data-e-type=\"widget\" data-widget_type=\"heading.default\">\n\t\t\t\t<div class=\"elementor-widget-container\">\n\t\t\t\t\t<h2 class=\"elementor-heading-title elementor-size-default\">UNSERE QUALIT\u00c4TSPOLITIK<\/h2>\t\t\t\t<\/div>\n\t\t\t\t<\/div>\n\t\t\t\t<div class=\"elementor-element elementor-element-a00b659 elementor-widget elementor-widget-text-editor\" data-id=\"a00b659\" data-element_type=\"widget\" data-e-type=\"widget\" data-widget_type=\"text-editor.default\">\n\t\t\t\t<div class=\"elementor-widget-container\">\n\t\t\t\t\t\t\t\t\t<h3><span style=\"color: #343a40;\">POLITIK F\u00dcR QUALIT\u00c4T, LEBENSMITTELSICHERHEIT, UMWELT und NACHHALTIGKEIT<\/span><\/h3><p class=\"\">Als <span style=\"font-weight: 600;\">L\u0130MAK INTERNATIONAL HOTEL&amp;RESORTS<\/span> Hotelgruppe, mit unserem Motto der herzlichen Gastfreundschaft und des exzellenten Service,<\/p><p class=\"\">Im Zuge der Institutionalisierung sorgen wir f\u00fcr die Einf\u00fchrung und Umsetzung unseres Betriebs- und Managementsystems in \u00dcbereinstimmung mit internationalen Standards. Wir messen und verbessern kontinuierlich die Zufriedenheit unserer G\u00e4ste und die Qualit\u00e4t unserer Dienstleistungen in der \u00dcberzeugung, dass wir immer noch besser werden k\u00f6nnen. Wir legen Wert auf die Kontinuit\u00e4t von Schulungen, um das Bewusstsein unserer Mitarbeiter zu sch\u00e4rfen und die Kontinuit\u00e4t des Systems zu gew\u00e4hrleisten.  <br><br>Wir t\u00e4tigen neue Investitionen, indem wir im Einklang mit der Politik des Landes und der Region arbeiten. Wir ber\u00fccksichtigen bei unseren Investitionen die Erwartungen der G\u00e4ste, verfolgen die Technologie genau, entwickeln uns weiter und setzen unsere Erfahrung, unser Wissen und unsere F\u00e4higkeiten stets konstruktiv ein. <br><br>Mit unserem transparenten F\u00fchrungsstil stellen wir sicher, dass alle Mitarbeiter zu unserem System beitragen. Indem wir allen Mitarbeitern die Unternehmensidentit\u00e4t vermitteln, schaffen wir Mitarbeiter, die an Teamarbeit glauben, und sorgen daf\u00fcr, dass sie lange in der Gruppe bleiben. Wir erh\u00f6hen kontinuierlich unsere Bettenkapazit\u00e4t. Mit unserer Pionierarbeit sind wir f\u00fchrend in der Branche und gehen mit gutem Beispiel voran. Wir diskriminieren Mitarbeiter und G\u00e4ste nicht (Sprache, Religion, Ethnie). Jeder wird gleich behandelt.     <br><br>Wir bieten physikalisch, chemisch und mikrobiologisch saubere Lebensmittel an, um unsere G\u00e4ste gesund zu ern\u00e4hren. Wir halten uns beim Einkauf, der Lagerung, der Zubereitung und der Pr\u00e4sentation von Rohstoffen an die in unserem Land ver\u00f6ffentlichten Gesetze und Vorschriften. Unser Ziel ist es, die Standards f\u00fcr Lebensmittelsicherheit kontinuierlich zu erh\u00f6hen und sicherzustellen, dass dies als System umgesetzt wird.  <br><br>Um die Umwelt zu sch\u00fctzen und die Notwendigkeit eines nachhaltigen Tourismus zu gew\u00e4hrleisten, ermitteln wir unsere Auswirkungen auf die Umwelt, kontrollieren negative Einfl\u00fcsse, potenzielle Gefahren und Abf\u00e4lle. Wir bem\u00fchen uns, die Nutzung nat\u00fcrlicher Ressourcen, den Energieverbrauch sowie die Verschmutzung von Luft, Wasser und Boden zu minimieren.<br><br>Wir halten uns an die in unserem Land ver\u00f6ffentlichten Gesetze, Verordnungen, Gesetze und Vorschriften in Bezug auf die Umwelt, den Arbeitsschutz und die Menschenrechte und erf\u00fcllen alle Anforderungen vollst\u00e4ndig. Bei der Aus\u00fcbung unserer T\u00e4tigkeit ergreifen und implementieren wir die notwendigen Ma\u00dfnahmen, um unsere G\u00e4ste und Mitarbeiter vor Verletzungen und Krankheiten zu sch\u00fctzen, die auftreten k\u00f6nnen, und um gute Arbeitsbedingungen zu schaffen. <br>Wir versuchen sicherzustellen, dass unser Umweltbewusstsein und unsere Bem\u00fchungen um Nachhaltigkeit nicht nur von unseren Mitarbeitern, sondern auch von unseren G\u00e4sten, Lieferanten, Subunternehmern und Beh\u00f6rden \u00fcbernommen werden. In Zusammenarbeit mit lokalen Verwaltungen, Lieferanten und Nichtregierungsorganisationen tragen wir zur Realisierung von Umweltschutz- und Sozialprojekten bei. <br><br>Wir ergreifen alle notwendigen Ma\u00dfnahmen, um die lokale Besch\u00e4ftigung an unseren Standorten zu erh\u00f6hen, die Natur zu sch\u00fctzen und zu bereichern und die \u00d6ffentlichkeit \u00fcber unsere Aktivit\u00e4ten zum Schutz unserer Umwelt zu informieren.<br><br>Wir ergreifen die notwendigen Ma\u00dfnahmen, um die Rechte der Kinder zu respektieren und sie vor allen Formen der Ausbeutung (einschlie\u00dflich sexueller Ausbeutung) zu sch\u00fctzen, und stellen sicher, dass alle verd\u00e4chtigen Aktivit\u00e4ten, an denen Kinder beteiligt sind, den \u00f6rtlichen Beh\u00f6rden und den zust\u00e4ndigen Organisationen gemeldet werden.<\/p>\t\t\t\t\t\t\t\t<\/div>\n\t\t\t\t<\/div>\n\t\t\t\t\t<\/div>\n\t\t<\/div>\n\t\t\t\t\t<\/div>\n\t\t<\/section>\n\t\t\t\t<\/div>\n\t\t","protected":false},"excerpt":{"rendered":"<p>UNSERE QUALIT\u00c4TSPOLITIK POLITIK F\u00dcR QUALIT\u00c4T, LEBENSMITTELSICHERHEIT, UMWELT und NACHHALTIGKEIT Als L\u0130MAK INTERNATIONAL HOTEL&amp;RESORTS Hotelgruppe, mit unserem Motto der herzlichen Gastfreundschaft und des exzellenten Service, Im Zuge der Institutionalisierung sorgen wir f\u00fcr die Einf\u00fchrung und Umsetzung unseres Betriebs- und Managementsystems in \u00dcbereinstimmung mit internationalen Standards. Wir messen und verbessern kontinuierlich die Zufriedenheit unserer G\u00e4ste und die&hellip;&nbsp;<a href=\"https:\/\/limakthermal.com\/de\/qualitaet-lebensmittelsicherheit\/\" rel=\"bookmark\">Weiterlesen &raquo;<span class=\"screen-reader-text\">Unsere Qualit\u00e4tspolitik<\/span><\/a><\/p>\n","protected":false},"author":1,"featured_media":0,"parent":0,"menu_order":0,"comment_status":"closed","ping_status":"closed","template":"","meta":{"neve_meta_sidebar":"","neve_meta_container":"","neve_meta_enable_content_width":"off","neve_meta_content_width":100,"neve_meta_title_alignment":"","neve_meta_author_avatar":"","neve_post_elements_order":"","neve_meta_disable_header":"","neve_meta_disable_footer":"","neve_meta_disable_title":"","footnotes":""},"class_list":["post-14124","page","type-page","status-publish","hentry"],"yoast_head":"<!-- This site is optimized with the Yoast SEO plugin v27.6 - https:\/\/yoast.com\/product\/yoast-seo-wordpress\/ -->\n<title>Unsere Qualit\u00e4tspolitik<\/title>\n<meta name=\"description\" content=\"Qualit\u00e4tspolitik; Die Hotels der Gruppe L\u0130MAK INTERNATIONAL HOTEL&amp;RESORTS stehen f\u00fcr herzliche Gastfreundschaft und exzellenten Service und arbeiten nach internationalen Standards und\" \/>\n<meta name=\"robots\" content=\"index, follow, max-snippet:-1, max-image-preview:large, max-video-preview:-1\" \/>\n<link rel=\"canonical\" href=\"https:\/\/limakthermal.com\/de\/qualitaet-lebensmittelsicherheit\/\" \/>\n<meta property=\"og:locale\" content=\"de_DE\" \/>\n<meta property=\"og:type\" content=\"article\" \/>\n<meta property=\"og:title\" content=\"Unsere Qualit\u00e4tspolitik\" \/>\n<meta property=\"og:description\" content=\"Qualit\u00e4tspolitik; Die Hotels der Gruppe L\u0130MAK INTERNATIONAL HOTEL&amp;RESORTS stehen f\u00fcr herzliche Gastfreundschaft und exzellenten Service und arbeiten nach internationalen Standards und\" \/>\n<meta property=\"og:url\" content=\"https:\/\/limakthermal.com\/de\/qualitaet-lebensmittelsicherheit\/\" \/>\n<meta property=\"og:site_name\" content=\"Limak Yalova Thermal Boutique Hotel\" \/>\n<meta property=\"article:publisher\" content=\"https:\/\/facebook.com\/limaktermalotel\" \/>\n<meta property=\"article:modified_time\" content=\"2026-03-25T08:13:08+00:00\" \/>\n<meta name=\"twitter:card\" content=\"summary_large_image\" \/>\n<meta name=\"twitter:site\" content=\"@limakthermal\" \/>\n<meta name=\"twitter:label1\" content=\"Gesch\u00e4tzte Lesezeit\" \/>\n\t<meta name=\"twitter:data1\" content=\"3\u00a0Minuten\" \/>\n<script type=\"application\/ld+json\" class=\"yoast-schema-graph\">{\"@context\":\"https:\\\/\\\/schema.org\",\"@graph\":[{\"@type\":\"WebPage\",\"@id\":\"https:\\\/\\\/limakthermal.com\\\/de\\\/qualitaet-lebensmittelsicherheit\\\/\",\"url\":\"https:\\\/\\\/limakthermal.com\\\/de\\\/qualitaet-lebensmittelsicherheit\\\/\",\"name\":\"Unsere Qualit\u00e4tspolitik\",\"isPartOf\":{\"@id\":\"https:\\\/\\\/limakthermal.com\\\/de\\\/#website\"},\"datePublished\":\"2022-11-06T07:41:27+00:00\",\"dateModified\":\"2026-03-25T08:13:08+00:00\",\"description\":\"Qualit\u00e4tspolitik; Die Hotels der Gruppe L\u0130MAK INTERNATIONAL HOTEL&RESORTS stehen f\u00fcr herzliche Gastfreundschaft und exzellenten Service und arbeiten nach internationalen Standards und\",\"breadcrumb\":{\"@id\":\"https:\\\/\\\/limakthermal.com\\\/de\\\/qualitaet-lebensmittelsicherheit\\\/#breadcrumb\"},\"inLanguage\":\"de\",\"potentialAction\":[{\"@type\":\"ReadAction\",\"target\":[\"https:\\\/\\\/limakthermal.com\\\/de\\\/qualitaet-lebensmittelsicherheit\\\/\"]}]},{\"@type\":\"BreadcrumbList\",\"@id\":\"https:\\\/\\\/limakthermal.com\\\/de\\\/qualitaet-lebensmittelsicherheit\\\/#breadcrumb\",\"itemListElement\":[{\"@type\":\"ListItem\",\"position\":1,\"name\":\"Anasayfa\",\"item\":\"https:\\\/\\\/limakthermal.com\\\/de\\\/\"},{\"@type\":\"ListItem\",\"position\":2,\"name\":\"Unsere Qualit\u00e4tspolitik\"}]},{\"@type\":\"WebSite\",\"@id\":\"https:\\\/\\\/limakthermal.com\\\/de\\\/#website\",\"url\":\"https:\\\/\\\/limakthermal.com\\\/de\\\/\",\"name\":\"Limak Yalova Thermal Boutique Hotel\",\"description\":\"Warm Hospitality &amp; Excellent Service\",\"publisher\":{\"@id\":\"https:\\\/\\\/limakthermal.com\\\/de\\\/#organization\"},\"potentialAction\":[{\"@type\":\"SearchAction\",\"target\":{\"@type\":\"EntryPoint\",\"urlTemplate\":\"https:\\\/\\\/limakthermal.com\\\/de\\\/?s={search_term_string}\"},\"query-input\":{\"@type\":\"PropertyValueSpecification\",\"valueRequired\":true,\"valueName\":\"search_term_string\"}}],\"inLanguage\":\"de\"},{\"@type\":\"Organization\",\"@id\":\"https:\\\/\\\/limakthermal.com\\\/de\\\/#organization\",\"name\":\"L\u0130MAK YALOVA THERMAL BOUTIQUE HOTEL\",\"url\":\"https:\\\/\\\/limakthermal.com\\\/de\\\/\",\"logo\":{\"@type\":\"ImageObject\",\"inLanguage\":\"de\",\"@id\":\"https:\\\/\\\/limakthermal.com\\\/de\\\/#\\\/schema\\\/logo\\\/image\\\/\",\"url\":\"https:\\\/\\\/limakthermal.com\\\/wp-content\\\/uploads\\\/logolimakthermalyeni.png\",\"contentUrl\":\"https:\\\/\\\/limakthermal.com\\\/wp-content\\\/uploads\\\/logolimakthermalyeni.png\",\"width\":1795,\"height\":800,\"caption\":\"L\u0130MAK YALOVA THERMAL BOUTIQUE HOTEL\"},\"image\":{\"@id\":\"https:\\\/\\\/limakthermal.com\\\/de\\\/#\\\/schema\\\/logo\\\/image\\\/\"},\"sameAs\":[\"https:\\\/\\\/facebook.com\\\/limaktermalotel\",\"https:\\\/\\\/x.com\\\/limakthermal\",\"https:\\\/\\\/instagram.com\\\/limakthermal\",\"https:\\\/\\\/tr.linkedin.com\\\/company\\\/limak-thermal-boutique-hotel\",\"https:\\\/\\\/www.youtube.com\\\/user\\\/LimakHotels\"]}]}<\/script>\n<!-- \/ Yoast SEO plugin. -->","yoast_head_json":{"title":"Unsere Qualit\u00e4tspolitik","description":"Qualit\u00e4tspolitik; Die Hotels der Gruppe L\u0130MAK INTERNATIONAL HOTEL&RESORTS stehen f\u00fcr herzliche Gastfreundschaft und exzellenten Service und arbeiten nach internationalen Standards und","robots":{"index":"index","follow":"follow","max-snippet":"max-snippet:-1","max-image-preview":"max-image-preview:large","max-video-preview":"max-video-preview:-1"},"canonical":"https:\/\/limakthermal.com\/de\/qualitaet-lebensmittelsicherheit\/","og_locale":"de_DE","og_type":"article","og_title":"Unsere Qualit\u00e4tspolitik","og_description":"Qualit\u00e4tspolitik; Die Hotels der Gruppe L\u0130MAK INTERNATIONAL HOTEL&RESORTS stehen f\u00fcr herzliche Gastfreundschaft und exzellenten Service und arbeiten nach internationalen Standards und","og_url":"https:\/\/limakthermal.com\/de\/qualitaet-lebensmittelsicherheit\/","og_site_name":"Limak Yalova Thermal Boutique Hotel","article_publisher":"https:\/\/facebook.com\/limaktermalotel","article_modified_time":"2026-03-25T08:13:08+00:00","twitter_card":"summary_large_image","twitter_site":"@limakthermal","twitter_misc":{"Gesch\u00e4tzte Lesezeit":"3\u00a0Minuten"},"schema":{"@context":"https:\/\/schema.org","@graph":[{"@type":"WebPage","@id":"https:\/\/limakthermal.com\/de\/qualitaet-lebensmittelsicherheit\/","url":"https:\/\/limakthermal.com\/de\/qualitaet-lebensmittelsicherheit\/","name":"Unsere Qualit\u00e4tspolitik","isPartOf":{"@id":"https:\/\/limakthermal.com\/de\/#website"},"datePublished":"2022-11-06T07:41:27+00:00","dateModified":"2026-03-25T08:13:08+00:00","description":"Qualit\u00e4tspolitik; Die Hotels der Gruppe L\u0130MAK INTERNATIONAL HOTEL&RESORTS stehen f\u00fcr herzliche Gastfreundschaft und exzellenten Service und arbeiten nach internationalen Standards und","breadcrumb":{"@id":"https:\/\/limakthermal.com\/de\/qualitaet-lebensmittelsicherheit\/#breadcrumb"},"inLanguage":"de","potentialAction":[{"@type":"ReadAction","target":["https:\/\/limakthermal.com\/de\/qualitaet-lebensmittelsicherheit\/"]}]},{"@type":"BreadcrumbList","@id":"https:\/\/limakthermal.com\/de\/qualitaet-lebensmittelsicherheit\/#breadcrumb","itemListElement":[{"@type":"ListItem","position":1,"name":"Anasayfa","item":"https:\/\/limakthermal.com\/de\/"},{"@type":"ListItem","position":2,"name":"Unsere Qualit\u00e4tspolitik"}]},{"@type":"WebSite","@id":"https:\/\/limakthermal.com\/de\/#website","url":"https:\/\/limakthermal.com\/de\/","name":"Limak Yalova Thermal Boutique Hotel","description":"Warm Hospitality &amp; Excellent Service","publisher":{"@id":"https:\/\/limakthermal.com\/de\/#organization"},"potentialAction":[{"@type":"SearchAction","target":{"@type":"EntryPoint","urlTemplate":"https:\/\/limakthermal.com\/de\/?s={search_term_string}"},"query-input":{"@type":"PropertyValueSpecification","valueRequired":true,"valueName":"search_term_string"}}],"inLanguage":"de"},{"@type":"Organization","@id":"https:\/\/limakthermal.com\/de\/#organization","name":"L\u0130MAK YALOVA THERMAL BOUTIQUE HOTEL","url":"https:\/\/limakthermal.com\/de\/","logo":{"@type":"ImageObject","inLanguage":"de","@id":"https:\/\/limakthermal.com\/de\/#\/schema\/logo\/image\/","url":"https:\/\/limakthermal.com\/wp-content\/uploads\/logolimakthermalyeni.png","contentUrl":"https:\/\/limakthermal.com\/wp-content\/uploads\/logolimakthermalyeni.png","width":1795,"height":800,"caption":"L\u0130MAK YALOVA THERMAL BOUTIQUE HOTEL"},"image":{"@id":"https:\/\/limakthermal.com\/de\/#\/schema\/logo\/image\/"},"sameAs":["https:\/\/facebook.com\/limaktermalotel","https:\/\/x.com\/limakthermal","https:\/\/instagram.com\/limakthermal","https:\/\/tr.linkedin.com\/company\/limak-thermal-boutique-hotel","https:\/\/www.youtube.com\/user\/LimakHotels"]}]}},"jetpack-related-posts":[{"id":11914,"url":"https:\/\/limakthermal.com\/de\/datenschutz-bestimmungen\/","url_meta":{"origin":14124,"position":0},"title":"Vertraulichkeitsvereinbarung","author":"harunsahin","date":"20. November 2021","format":false,"excerpt":"LI\u0307MAK THERMAL BOUTIQUE HOTELVERTRAULICHKEITSHINWEISVerantwortlicher f\u00fcr die Daten: Limak Thermal Boutique HotelG\u00f6kcedere Mah. S\u0131cak Su Cad. Nr:1-3 Termal - YalovaLimak \u0130n\u015faat Sanayii Ticaret A.\u015e. (Limak Thermal Boutique Hotel) hat diese Datenschutzerkl\u00e4rung erstellt, um unsere Besucher, G\u00e4ste, Mitarbeiter, Bewerber und Gesch\u00e4ftskontakte \u00fcber die Verarbeitung, Speicherung und Weitergabe von personenbezogenen Daten im Zusammenhang\u2026","rel":"","context":"\u00c4hnlicher Beitrag","block_context":{"text":"\u00c4hnlicher Beitrag","link":""},"img":{"alt_text":"","src":"","width":0,"height":0},"classes":[]},{"id":14668,"url":"https:\/\/limakthermal.com\/de\/nachhaltigkeit\/","url_meta":{"origin":14124,"position":1},"title":"Nachhaltigkeit","author":"harunsahin","date":"7. November 2022","format":false,"excerpt":"Nachhaltigkeit Einf\u00fchrung Um die Umwelt zu sch\u00fctzen und die Notwendigkeit eines nachhaltigen Tourismus zu gew\u00e4hrleisten, ermitteln wir unsere Auswirkungen auf die Umwelt, kontrollieren negative Einfl\u00fcsse, potenzielle Gefahren und Abf\u00e4lle. Wir sind bestrebt, die Nutzung nat\u00fcrlicher Ressourcen, den CO2-Fu\u00dfabdruck, den Energieverbrauch sowie die Verschmutzung von Luft, Wasser und Boden zu minimieren.\u2026","rel":"","context":"\u00c4hnlicher Beitrag","block_context":{"text":"\u00c4hnlicher Beitrag","link":""},"img":{"alt_text":"","src":"https:\/\/i0.wp.com\/limakthermal.com\/wp-content\/uploads\/view-flock-birds-flying-into-beautiful-sky-during-sunset-2880w.webp?resize=350%2C200&ssl=1","width":350,"height":200,"srcset":"https:\/\/i0.wp.com\/limakthermal.com\/wp-content\/uploads\/view-flock-birds-flying-into-beautiful-sky-during-sunset-2880w.webp?resize=350%2C200&ssl=1 1x, https:\/\/i0.wp.com\/limakthermal.com\/wp-content\/uploads\/view-flock-birds-flying-into-beautiful-sky-during-sunset-2880w.webp?resize=525%2C300&ssl=1 1.5x, https:\/\/i0.wp.com\/limakthermal.com\/wp-content\/uploads\/view-flock-birds-flying-into-beautiful-sky-during-sunset-2880w.webp?resize=700%2C400&ssl=1 2x, https:\/\/i0.wp.com\/limakthermal.com\/wp-content\/uploads\/view-flock-birds-flying-into-beautiful-sky-during-sunset-2880w.webp?resize=1050%2C600&ssl=1 3x, https:\/\/i0.wp.com\/limakthermal.com\/wp-content\/uploads\/view-flock-birds-flying-into-beautiful-sky-during-sunset-2880w.webp?resize=1400%2C800&ssl=1 4x"},"classes":[]},{"id":16973,"url":"https:\/\/limakthermal.com\/de\/unsere-energiepolitik\/","url_meta":{"origin":14124,"position":2},"title":"Unsere Energiepolitik","author":"harunsahin","date":"4. November 2023","format":false,"excerpt":"Wir orientieren uns an der Nachhaltigkeit der Dienstleistungsqualit\u00e4t und nutzen unsere Energieressourcen effektiv und effizient. Um die Umwelt zu sch\u00fctzen und die Notwendigkeit eines nachhaltigen Tourismus zu gew\u00e4hrleisten, ermitteln wir unsere Auswirkungen auf die Umwelt, \u00fcberwachen den Energieverbrauch und die aus dem Energieverbrauch resultierenden Kohlenstoffemissionen und nehmen negative Auswirkungen und\u2026","rel":"","context":"\u00c4hnlicher Beitrag","block_context":{"text":"\u00c4hnlicher Beitrag","link":""},"img":{"alt_text":"","src":"","width":0,"height":0},"classes":[]},{"id":14493,"url":"https:\/\/limakthermal.com\/de\/haeufig-gestellte-fragen\/","url_meta":{"origin":14124,"position":3},"title":"H\u00e4ufig gestellte Fragen","author":"harunsahin","date":"6. November 2022","format":false,"excerpt":"Allgemein Wie viele Sterne hat Ihr Hotel? Unser Hotel ist ein Boutique-Hotel und ist als \u201cbesonders zertifizierte Einrichtung\u201d zertifiziert. Welche Konzepte bedienen Sie? Wir bieten Halbpension und \u00dcbernachtung mit Fr\u00fchst\u00fcck an. Wo befindet sich Ihr Hotel und wie weit ist es vom Stadtzentrum von Yalova entfernt? Unser Hotel liegt im\u2026","rel":"","context":"\u00c4hnlicher Beitrag","block_context":{"text":"\u00c4hnlicher Beitrag","link":""},"img":{"alt_text":"","src":"","width":0,"height":0},"classes":[]},{"id":21388,"url":"https:\/\/limakthermal.com\/de\/hotelverzeichnis\/","url_meta":{"origin":14124,"position":4},"title":"Hotelverzeichnis","author":"harunsahin","date":"24. Januar 2026","format":false,"excerpt":"Allgemeine Informationen Allgemeine InformationenDieser Leitfaden wurde erstellt, um Sie, unsere gesch\u00e4tzten G\u00e4ste, \u00fcber die im Limak Yalova Thermal Boutique Hotel verf\u00fcgbaren Dienstleistungen zu informieren. F\u00fcr genauere Informationen wenden Sie sich bitte an die Rezeption. Tel: 5500Pool Handt\u00fccher und Badem\u00e4ntelBraune Poolhandt\u00fccher werden am Eingang des Thermalhallenbads des Wellnesscenters bereitgestellt. 1 Bademantel\u2026","rel":"","context":"\u00c4hnlicher Beitrag","block_context":{"text":"\u00c4hnlicher Beitrag","link":""},"img":{"alt_text":"","src":"https:\/\/i0.wp.com\/limakthermal.com\/wp-content\/uploads\/IMG_9894-1024x683.webp?resize=350%2C200&ssl=1","width":350,"height":200,"srcset":"https:\/\/i0.wp.com\/limakthermal.com\/wp-content\/uploads\/IMG_9894-1024x683.webp?resize=350%2C200&ssl=1 1x, https:\/\/i0.wp.com\/limakthermal.com\/wp-content\/uploads\/IMG_9894-1024x683.webp?resize=525%2C300&ssl=1 1.5x, https:\/\/i0.wp.com\/limakthermal.com\/wp-content\/uploads\/IMG_9894-1024x683.webp?resize=700%2C400&ssl=1 2x"},"classes":[]},{"id":22168,"url":"https:\/\/limakthermal.com\/de\/hochzeit\/","url_meta":{"origin":14124,"position":5},"title":"Hochzeit","author":"harunsahin","date":"25. M\u00e4rz 2026","format":false,"excerpt":"Herzliche Gastfreundschaft und Exzellenter Service Inmitten von Natur und Gr\u00fcn veranstalten wir unvergessliche Hochzeiten mit einem einzigartigen Konzept und hervorragendem Service... Angebot erhalten Hochzeit Hochzeitspaket Hochzeitsmen\u00fcs Abschied vom Junggesellentum Galerie Das Limak Thermal Boutique Hotel zeichnet sich dadurch aus, dass es das erste Thermal-Konzept-Boutique-Hotel der T\u00fcrkei ist. Es verbindet modernes\u2026","rel":"","context":"\u00c4hnlicher Beitrag","block_context":{"text":"\u00c4hnlicher Beitrag","link":""},"img":{"alt_text":"","src":"https:\/\/i0.wp.com\/limakthermal.com\/wp-content\/uploads\/13-1024x640.jpg?resize=350%2C200&ssl=1","width":350,"height":200,"srcset":"https:\/\/i0.wp.com\/limakthermal.com\/wp-content\/uploads\/13-1024x640.jpg?resize=350%2C200&ssl=1 1x, https:\/\/i0.wp.com\/limakthermal.com\/wp-content\/uploads\/13-1024x640.jpg?resize=525%2C300&ssl=1 1.5x, https:\/\/i0.wp.com\/limakthermal.com\/wp-content\/uploads\/13-1024x640.jpg?resize=700%2C400&ssl=1 2x"},"classes":[]}],"_links":{"self":[{"href":"https:\/\/limakthermal.com\/de\/wp-json\/wp\/v2\/pages\/14124","targetHints":{"allow":["GET"]}}],"collection":[{"href":"https:\/\/limakthermal.com\/de\/wp-json\/wp\/v2\/pages"}],"about":[{"href":"https:\/\/limakthermal.com\/de\/wp-json\/wp\/v2\/types\/page"}],"author":[{"embeddable":true,"href":"https:\/\/limakthermal.com\/de\/wp-json\/wp\/v2\/users\/1"}],"replies":[{"embeddable":true,"href":"https:\/\/limakthermal.com\/de\/wp-json\/wp\/v2\/comments?post=14124"}],"version-history":[{"count":2,"href":"https:\/\/limakthermal.com\/de\/wp-json\/wp\/v2\/pages\/14124\/revisions"}],"predecessor-version":[{"id":22206,"href":"https:\/\/limakthermal.com\/de\/wp-json\/wp\/v2\/pages\/14124\/revisions\/22206"}],"wp:attachment":[{"href":"https:\/\/limakthermal.com\/de\/wp-json\/wp\/v2\/media?parent=14124"}],"curies":[{"name":"wp","href":"https:\/\/api.w.org\/{rel}","templated":true}]}}