{"id":10158,"date":"2021-10-24T09:41:04","date_gmt":"2021-10-24T09:41:04","guid":{"rendered":"https:\/\/limakthermal.com\/?page_id=10158"},"modified":"2021-10-24T12:41:59","modified_gmt":"2021-10-24T12:41:59","slug":"awards","status":"publish","type":"page","link":"https:\/\/limakthermal.com\/en\/awards\/","title":{"rendered":"Awards"},"content":{"rendered":"\t\t<div data-elementor-type=\"wp-page\" data-elementor-id=\"10158\" class=\"elementor elementor-10158 elementor-10100\" data-elementor-post-type=\"page\">\n\t\t\t\t\t\t<section class=\"elementor-section elementor-top-section elementor-element elementor-element-bc8f549 elementor-section-boxed elementor-section-height-default elementor-section-height-default\" data-id=\"bc8f549\" data-element_type=\"section\" data-e-type=\"section\" data-settings=\"{&quot;background_background&quot;:&quot;classic&quot;}\">\n\t\t\t\t\t\t<div class=\"elementor-container elementor-column-gap-default\">\n\t\t\t\t\t<div class=\"elementor-column elementor-col-100 elementor-top-column elementor-element elementor-element-39006f1\" data-id=\"39006f1\" data-element_type=\"column\" data-e-type=\"column\">\n\t\t\t<div class=\"elementor-widget-wrap elementor-element-populated\">\n\t\t\t\t\t\t<div class=\"elementor-element elementor-element-cf65809 elementor-widget elementor-widget-spacer\" data-id=\"cf65809\" data-element_type=\"widget\" data-e-type=\"widget\" data-widget_type=\"spacer.default\">\n\t\t\t\t<div class=\"elementor-widget-container\">\n\t\t\t\t\t\t\t<div class=\"elementor-spacer\">\n\t\t\t<div class=\"elementor-spacer-inner\"><\/div>\n\t\t<\/div>\n\t\t\t\t\t\t<\/div>\n\t\t\t\t<\/div>\n\t\t\t\t\t<\/div>\n\t\t<\/div>\n\t\t\t\t\t<\/div>\n\t\t<\/section>\n\t\t\t\t<section class=\"elementor-section elementor-top-section elementor-element elementor-element-48e37711 elementor-section-boxed elementor-section-height-default elementor-section-height-default\" data-id=\"48e37711\" data-element_type=\"section\" data-e-type=\"section\" data-settings=\"{&quot;background_background&quot;:&quot;classic&quot;}\">\n\t\t\t\t\t\t<div class=\"elementor-container elementor-column-gap-default\">\n\t\t\t\t\t<div class=\"elementor-column elementor-col-100 elementor-top-column elementor-element elementor-element-71a7961a\" data-id=\"71a7961a\" data-element_type=\"column\" data-e-type=\"column\" data-settings=\"{&quot;background_background&quot;:&quot;classic&quot;}\">\n\t\t\t<div class=\"elementor-widget-wrap elementor-element-populated\">\n\t\t\t\t\t\t<div class=\"elementor-element elementor-element-c57463b elementor-widget elementor-widget-text-editor\" data-id=\"c57463b\" data-element_type=\"widget\" data-e-type=\"widget\" data-widget_type=\"text-editor.default\">\n\t\t\t\t<div class=\"elementor-widget-container\">\n\t\t\t\t\t\t\t\t\t<p><strong>&#8220;Limak Thermal Boutique Hotel&#8221;<\/strong> has been awarded many national and international awards since its opening in 2010. As Limak Thermal Boutique Hotel, we are working hard to keep you with unforgettable memories by preserving our understanding of &#8220;Warm Hospitality and Excellent Service&#8221;.<\/p>\t\t\t\t\t\t\t\t<\/div>\n\t\t\t\t<\/div>\n\t\t\t\t<div class=\"elementor-element elementor-element-736d350 elementor-arrows-position-outside elementor-pagination-position-outside elementor-widget elementor-widget-image-carousel\" data-id=\"736d350\" data-element_type=\"widget\" data-e-type=\"widget\" data-settings=\"{&quot;image_spacing_custom&quot;:{&quot;unit&quot;:&quot;px&quot;,&quot;size&quot;:2,&quot;sizes&quot;:[]},&quot;navigation&quot;:&quot;both&quot;,&quot;autoplay&quot;:&quot;yes&quot;,&quot;pause_on_hover&quot;:&quot;yes&quot;,&quot;pause_on_interaction&quot;:&quot;yes&quot;,&quot;autoplay_speed&quot;:5000,&quot;infinite&quot;:&quot;yes&quot;,&quot;speed&quot;:500,&quot;image_spacing_custom_tablet&quot;:{&quot;unit&quot;:&quot;px&quot;,&quot;size&quot;:&quot;&quot;,&quot;sizes&quot;:[]},&quot;image_spacing_custom_mobile&quot;:{&quot;unit&quot;:&quot;px&quot;,&quot;size&quot;:&quot;&quot;,&quot;sizes&quot;:[]}}\" data-widget_type=\"image-carousel.default\">\n\t\t\t\t<div class=\"elementor-widget-container\">\n\t\t\t\t\t\t\t<div class=\"elementor-image-carousel-wrapper swiper\" role=\"region\" aria-roledescription=\"carousel\" aria-label=\"Image Carousel\" dir=\"ltr\">\n\t\t\t<div class=\"elementor-image-carousel swiper-wrapper\" aria-live=\"off\">\n\t\t\t\t\t\t\t\t<div class=\"swiper-slide\" role=\"group\" aria-roledescription=\"slide\" aria-label=\"1 of 8\"><figure class=\"swiper-slide-inner\"><img decoding=\"async\" class=\"swiper-slide-image\" src=\"https:\/\/limakthermal.com\/wp-content\/uploads\/Qm-awards-odulu-2014.jpg\" alt=\"Qm-awards-odulu 2014\" \/><\/figure><\/div><div class=\"swiper-slide\" role=\"group\" aria-roledescription=\"slide\" aria-label=\"2 of 8\"><figure class=\"swiper-slide-inner\"><img decoding=\"async\" class=\"swiper-slide-image\" src=\"https:\/\/limakthermal.com\/wp-content\/uploads\/QM-ODULLER-2017-scaled.jpg\" alt=\"QM-ODULLER-2017\" \/><\/figure><\/div><div class=\"swiper-slide\" role=\"group\" aria-roledescription=\"slide\" aria-label=\"3 of 8\"><figure class=\"swiper-slide-inner\"><img decoding=\"async\" class=\"swiper-slide-image\" src=\"https:\/\/limakthermal.com\/wp-content\/uploads\/Expedia-Lowed-By-Guest-2019.jpg\" alt=\"Expedia Lowed By Guest 2019\" \/><\/figure><\/div><div class=\"swiper-slide\" role=\"group\" aria-roledescription=\"slide\" aria-label=\"4 of 8\"><figure class=\"swiper-slide-inner\"><img decoding=\"async\" class=\"swiper-slide-image\" src=\"https:\/\/limakthermal.com\/wp-content\/uploads\/Tripadvisor-2019-scaled.jpg\" alt=\"Tripadvisor 2019\" \/><\/figure><\/div><div class=\"swiper-slide\" role=\"group\" aria-roledescription=\"slide\" aria-label=\"5 of 8\"><figure class=\"swiper-slide-inner\"><img decoding=\"async\" class=\"swiper-slide-image\" src=\"https:\/\/limakthermal.com\/wp-content\/uploads\/Otelz-Odul-2020.jpg\" alt=\"Otelz \u00d6d\u00fcl 2020\" \/><\/figure><\/div><div class=\"swiper-slide\" role=\"group\" aria-roledescription=\"slide\" aria-label=\"6 of 8\"><figure class=\"swiper-slide-inner\"><img decoding=\"async\" class=\"swiper-slide-image\" src=\"https:\/\/limakthermal.com\/wp-content\/uploads\/Expedia-Odul-2020.jpg\" alt=\"Expedia \u00d6d\u00fcl 2020\" \/><\/figure><\/div><div class=\"swiper-slide\" role=\"group\" aria-roledescription=\"slide\" aria-label=\"7 of 8\"><figure class=\"swiper-slide-inner\"><img decoding=\"async\" class=\"swiper-slide-image\" src=\"https:\/\/limakthermal.com\/wp-content\/uploads\/Tripadvisor-Odul-2020.jpg\" alt=\"Tripadvisor \u00d6d\u00fcl 2020\" \/><\/figure><\/div><div class=\"swiper-slide\" role=\"group\" aria-roledescription=\"slide\" aria-label=\"8 of 8\"><figure class=\"swiper-slide-inner\"><img decoding=\"async\" class=\"swiper-slide-image\" src=\"https:\/\/limakthermal.com\/wp-content\/uploads\/Booking-2020.png\" alt=\"Booking 2020\" \/><\/figure><\/div>\t\t\t<\/div>\n\t\t\t\t\t\t\t\t\t\t\t\t<div class=\"elementor-swiper-button elementor-swiper-button-prev\" role=\"button\" tabindex=\"0\">\n\t\t\t\t\t\t<i aria-hidden=\"true\" class=\"eicon-chevron-left\"><\/i>\t\t\t\t\t<\/div>\n\t\t\t\t\t<div class=\"elementor-swiper-button elementor-swiper-button-next\" role=\"button\" tabindex=\"0\">\n\t\t\t\t\t\t<i aria-hidden=\"true\" class=\"eicon-chevron-right\"><\/i>\t\t\t\t\t<\/div>\n\t\t\t\t\n\t\t\t\t\t\t\t\t\t<div class=\"swiper-pagination\"><\/div>\n\t\t\t\t\t\t\t\t\t<\/div>\n\t\t\t\t\t\t<\/div>\n\t\t\t\t<\/div>\n\t\t\t\t\t<\/div>\n\t\t<\/div>\n\t\t\t\t\t<\/div>\n\t\t<\/section>\n\t\t\t\t<section class=\"elementor-section elementor-top-section elementor-element elementor-element-a794002 elementor-section-boxed elementor-section-height-default elementor-section-height-default\" data-id=\"a794002\" data-element_type=\"section\" data-e-type=\"section\" data-settings=\"{&quot;background_background&quot;:&quot;classic&quot;}\">\n\t\t\t\t\t\t<div class=\"elementor-container elementor-column-gap-default\">\n\t\t\t\t\t<div class=\"elementor-column elementor-col-100 elementor-top-column elementor-element elementor-element-59b4e10\" data-id=\"59b4e10\" data-element_type=\"column\" data-e-type=\"column\">\n\t\t\t<div class=\"elementor-widget-wrap elementor-element-populated\">\n\t\t\t\t\t\t<div class=\"elementor-element elementor-element-e103923 elementor-widget elementor-widget-spacer\" data-id=\"e103923\" data-element_type=\"widget\" data-e-type=\"widget\" data-widget_type=\"spacer.default\">\n\t\t\t\t<div class=\"elementor-widget-container\">\n\t\t\t\t\t\t\t<div class=\"elementor-spacer\">\n\t\t\t<div class=\"elementor-spacer-inner\"><\/div>\n\t\t<\/div>\n\t\t\t\t\t\t<\/div>\n\t\t\t\t<\/div>\n\t\t\t\t\t<\/div>\n\t\t<\/div>\n\t\t\t\t\t<\/div>\n\t\t<\/section>\n\t\t\t\t<\/div>\n\t\t","protected":false},"excerpt":{"rendered":"<p>&#8220;Limak Thermal Boutique Hotel&#8221; has been awarded many national and international awards since its opening in 2010. As Limak Thermal Boutique Hotel, we are working hard to keep you with unforgettable memories by preserving our understanding of &#8220;Warm Hospitality and Excellent Service&#8221;. Previous Next<\/p>\n","protected":false},"author":1,"featured_media":0,"parent":0,"menu_order":0,"comment_status":"closed","ping_status":"closed","template":"page-templates\/template-pagebuilder-full-width.php","meta":{"neve_meta_sidebar":"","neve_meta_container":"","neve_meta_enable_content_width":"off","neve_meta_content_width":100,"neve_meta_title_alignment":"","neve_meta_author_avatar":"","neve_post_elements_order":"","neve_meta_disable_header":"","neve_meta_disable_footer":"","neve_meta_disable_title":"","footnotes":""},"class_list":["post-10158","page","type-page","status-publish","hentry"],"yoast_head":"<!-- This site is optimized with the Yoast SEO plugin v27.4 - https:\/\/yoast.com\/product\/yoast-seo-wordpress\/ -->\n<title>Awards<\/title>\n<meta name=\"robots\" content=\"index, follow, max-snippet:-1, max-image-preview:large, max-video-preview:-1\" \/>\n<link rel=\"canonical\" href=\"https:\/\/limakthermal.com\/en\/awards\/\" \/>\n<meta property=\"og:locale\" content=\"en_US\" \/>\n<meta property=\"og:type\" content=\"article\" \/>\n<meta property=\"og:title\" content=\"Awards\" \/>\n<meta property=\"og:description\" content=\"&#8220;Limak Thermal Boutique Hotel&#8221; has been awarded many national and international awards since its opening in 2010. As Limak Thermal Boutique Hotel, we are working hard to keep you with unforgettable memories by preserving our understanding of &#8220;Warm Hospitality and Excellent Service&#8221;. Previous Next\" \/>\n<meta property=\"og:url\" content=\"https:\/\/limakthermal.com\/en\/awards\/\" \/>\n<meta property=\"og:site_name\" content=\"Limak Yalova Thermal Boutique Hotel\" \/>\n<meta property=\"article:publisher\" content=\"https:\/\/facebook.com\/limaktermalotel\" \/>\n<meta property=\"article:modified_time\" content=\"2021-10-24T12:41:59+00:00\" \/>\n<meta property=\"og:image\" content=\"https:\/\/limakthermal.com\/wp-content\/uploads\/Qm-awards-odulu-2014.jpg\" \/>\n<meta name=\"twitter:card\" content=\"summary_large_image\" \/>\n<meta name=\"twitter:site\" content=\"@limakthermal\" \/>\n<meta name=\"twitter:label1\" content=\"Est. reading time\" \/>\n\t<meta name=\"twitter:data1\" content=\"3 minutes\" \/>\n<script type=\"application\/ld+json\" class=\"yoast-schema-graph\">{\"@context\":\"https:\\\/\\\/schema.org\",\"@graph\":[{\"@type\":\"WebPage\",\"@id\":\"https:\\\/\\\/limakthermal.com\\\/en\\\/awards\\\/\",\"url\":\"https:\\\/\\\/limakthermal.com\\\/en\\\/awards\\\/\",\"name\":\"Awards\",\"isPartOf\":{\"@id\":\"https:\\\/\\\/limakthermal.com\\\/en\\\/#website\"},\"primaryImageOfPage\":{\"@id\":\"https:\\\/\\\/limakthermal.com\\\/en\\\/awards\\\/#primaryimage\"},\"image\":{\"@id\":\"https:\\\/\\\/limakthermal.com\\\/en\\\/awards\\\/#primaryimage\"},\"thumbnailUrl\":\"https:\\\/\\\/limakthermal.com\\\/wp-content\\\/uploads\\\/Qm-awards-odulu-2014.jpg\",\"datePublished\":\"2021-10-24T09:41:04+00:00\",\"dateModified\":\"2021-10-24T12:41:59+00:00\",\"breadcrumb\":{\"@id\":\"https:\\\/\\\/limakthermal.com\\\/en\\\/awards\\\/#breadcrumb\"},\"inLanguage\":\"en-US\",\"potentialAction\":[{\"@type\":\"ReadAction\",\"target\":[\"https:\\\/\\\/limakthermal.com\\\/en\\\/awards\\\/\"]}]},{\"@type\":\"ImageObject\",\"inLanguage\":\"en-US\",\"@id\":\"https:\\\/\\\/limakthermal.com\\\/en\\\/awards\\\/#primaryimage\",\"url\":\"https:\\\/\\\/limakthermal.com\\\/wp-content\\\/uploads\\\/Qm-awards-odulu-2014.jpg\",\"contentUrl\":\"https:\\\/\\\/limakthermal.com\\\/wp-content\\\/uploads\\\/Qm-awards-odulu-2014.jpg\"},{\"@type\":\"BreadcrumbList\",\"@id\":\"https:\\\/\\\/limakthermal.com\\\/en\\\/awards\\\/#breadcrumb\",\"itemListElement\":[{\"@type\":\"ListItem\",\"position\":1,\"name\":\"Homepage\",\"item\":\"https:\\\/\\\/limakthermal.com\\\/en\\\/\"},{\"@type\":\"ListItem\",\"position\":2,\"name\":\"Awards\"}]},{\"@type\":\"WebSite\",\"@id\":\"https:\\\/\\\/limakthermal.com\\\/en\\\/#website\",\"url\":\"https:\\\/\\\/limakthermal.com\\\/en\\\/\",\"name\":\"Limak Yalova Thermal Boutique Hotel\",\"description\":\"Warm Hospitality &amp; Excellent Service\",\"publisher\":{\"@id\":\"https:\\\/\\\/limakthermal.com\\\/en\\\/#organization\"},\"potentialAction\":[{\"@type\":\"SearchAction\",\"target\":{\"@type\":\"EntryPoint\",\"urlTemplate\":\"https:\\\/\\\/limakthermal.com\\\/en\\\/?s={search_term_string}\"},\"query-input\":{\"@type\":\"PropertyValueSpecification\",\"valueRequired\":true,\"valueName\":\"search_term_string\"}}],\"inLanguage\":\"en-US\"},{\"@type\":\"Organization\",\"@id\":\"https:\\\/\\\/limakthermal.com\\\/en\\\/#organization\",\"name\":\"Limak Thermal Boutique Hotel\",\"url\":\"https:\\\/\\\/limakthermal.com\\\/en\\\/\",\"logo\":{\"@type\":\"ImageObject\",\"inLanguage\":\"en-US\",\"@id\":\"https:\\\/\\\/limakthermal.com\\\/en\\\/#\\\/schema\\\/logo\\\/image\\\/\",\"url\":\"https:\\\/\\\/limakthermal.com\\\/wp-content\\\/uploads\\\/logolimakthermalyeni.png\",\"contentUrl\":\"https:\\\/\\\/limakthermal.com\\\/wp-content\\\/uploads\\\/logolimakthermalyeni.png\",\"width\":1795,\"height\":800,\"caption\":\"Limak Thermal Boutique Hotel\"},\"image\":{\"@id\":\"https:\\\/\\\/limakthermal.com\\\/en\\\/#\\\/schema\\\/logo\\\/image\\\/\"},\"sameAs\":[\"https:\\\/\\\/facebook.com\\\/limaktermalotel\",\"https:\\\/\\\/x.com\\\/limakthermal\",\"https:\\\/\\\/instagram.com\\\/limakthermal\",\"https:\\\/\\\/tr.linkedin.com\\\/company\\\/limak-thermal-boutique-hotel\",\"https:\\\/\\\/www.youtube.com\\\/user\\\/LimakHotels\"]}]}<\/script>\n<!-- \/ Yoast SEO plugin. -->","yoast_head_json":{"title":"Awards","robots":{"index":"index","follow":"follow","max-snippet":"max-snippet:-1","max-image-preview":"max-image-preview:large","max-video-preview":"max-video-preview:-1"},"canonical":"https:\/\/limakthermal.com\/en\/awards\/","og_locale":"en_US","og_type":"article","og_title":"Awards","og_description":"&#8220;Limak Thermal Boutique Hotel&#8221; has been awarded many national and international awards since its opening in 2010. As Limak Thermal Boutique Hotel, we are working hard to keep you with unforgettable memories by preserving our understanding of &#8220;Warm Hospitality and Excellent Service&#8221;. Previous Next","og_url":"https:\/\/limakthermal.com\/en\/awards\/","og_site_name":"Limak Yalova Thermal Boutique Hotel","article_publisher":"https:\/\/facebook.com\/limaktermalotel","article_modified_time":"2021-10-24T12:41:59+00:00","og_image":[{"url":"https:\/\/limakthermal.com\/wp-content\/uploads\/Qm-awards-odulu-2014.jpg","type":"","width":"","height":""}],"twitter_card":"summary_large_image","twitter_site":"@limakthermal","twitter_misc":{"Est. reading time":"3 minutes"},"schema":{"@context":"https:\/\/schema.org","@graph":[{"@type":"WebPage","@id":"https:\/\/limakthermal.com\/en\/awards\/","url":"https:\/\/limakthermal.com\/en\/awards\/","name":"Awards","isPartOf":{"@id":"https:\/\/limakthermal.com\/en\/#website"},"primaryImageOfPage":{"@id":"https:\/\/limakthermal.com\/en\/awards\/#primaryimage"},"image":{"@id":"https:\/\/limakthermal.com\/en\/awards\/#primaryimage"},"thumbnailUrl":"https:\/\/limakthermal.com\/wp-content\/uploads\/Qm-awards-odulu-2014.jpg","datePublished":"2021-10-24T09:41:04+00:00","dateModified":"2021-10-24T12:41:59+00:00","breadcrumb":{"@id":"https:\/\/limakthermal.com\/en\/awards\/#breadcrumb"},"inLanguage":"en-US","potentialAction":[{"@type":"ReadAction","target":["https:\/\/limakthermal.com\/en\/awards\/"]}]},{"@type":"ImageObject","inLanguage":"en-US","@id":"https:\/\/limakthermal.com\/en\/awards\/#primaryimage","url":"https:\/\/limakthermal.com\/wp-content\/uploads\/Qm-awards-odulu-2014.jpg","contentUrl":"https:\/\/limakthermal.com\/wp-content\/uploads\/Qm-awards-odulu-2014.jpg"},{"@type":"BreadcrumbList","@id":"https:\/\/limakthermal.com\/en\/awards\/#breadcrumb","itemListElement":[{"@type":"ListItem","position":1,"name":"Homepage","item":"https:\/\/limakthermal.com\/en\/"},{"@type":"ListItem","position":2,"name":"Awards"}]},{"@type":"WebSite","@id":"https:\/\/limakthermal.com\/en\/#website","url":"https:\/\/limakthermal.com\/en\/","name":"Limak Yalova Thermal Boutique Hotel","description":"Warm Hospitality &amp; Excellent Service","publisher":{"@id":"https:\/\/limakthermal.com\/en\/#organization"},"potentialAction":[{"@type":"SearchAction","target":{"@type":"EntryPoint","urlTemplate":"https:\/\/limakthermal.com\/en\/?s={search_term_string}"},"query-input":{"@type":"PropertyValueSpecification","valueRequired":true,"valueName":"search_term_string"}}],"inLanguage":"en-US"},{"@type":"Organization","@id":"https:\/\/limakthermal.com\/en\/#organization","name":"Limak Thermal Boutique Hotel","url":"https:\/\/limakthermal.com\/en\/","logo":{"@type":"ImageObject","inLanguage":"en-US","@id":"https:\/\/limakthermal.com\/en\/#\/schema\/logo\/image\/","url":"https:\/\/limakthermal.com\/wp-content\/uploads\/logolimakthermalyeni.png","contentUrl":"https:\/\/limakthermal.com\/wp-content\/uploads\/logolimakthermalyeni.png","width":1795,"height":800,"caption":"Limak Thermal Boutique Hotel"},"image":{"@id":"https:\/\/limakthermal.com\/en\/#\/schema\/logo\/image\/"},"sameAs":["https:\/\/facebook.com\/limaktermalotel","https:\/\/x.com\/limakthermal","https:\/\/instagram.com\/limakthermal","https:\/\/tr.linkedin.com\/company\/limak-thermal-boutique-hotel","https:\/\/www.youtube.com\/user\/LimakHotels"]}]}},"jetpack-related-posts":[{"id":14122,"url":"https:\/\/limakthermal.com\/de\/auszeichnungen\/","url_meta":{"origin":10158,"position":0},"title":"Auszeichnungen","author":"harunsahin","date":"6 November 2022","format":false,"excerpt":"Das \"Limak Thermal Boutique Hotel\" wurde seit seiner Er\u00f6ffnung im Jahr 2010 mit zahlreichen nationalen und internationalen Preisen bedacht. Als Limak Thermal Boutique Hotel arbeiten wir mit all unseren Kr\u00e4ften daran, Ihnen unvergessliche Erinnerungen zu bereiten, indem wir unser Verst\u00e4ndnis von \"herzlicher Gastfreundschaft und exzellentem Service\" beibehalten. Onlinereservierung","rel":"","context":"Similar post","block_context":{"text":"Similar post","link":""},"img":{"alt_text":"","src":"","width":0,"height":0},"classes":[]},{"id":14477,"url":"https:\/\/limakthermal.com\/ru\/%d0%bd%d0%b0%d0%b3%d1%80%d0%b0%d0%b4%d1%8b\/","url_meta":{"origin":10158,"position":1},"title":"\u041d\u0430\u0433\u0440\u0430\u0434\u044b","author":"harunsahin","date":"6 November 2022","format":false,"excerpt":"\u0421 \u043c\u043e\u043c\u0435\u043d\u0442\u0430 \u0441\u0432\u043e\u0435\u0433\u043e \u043e\u0442\u043a\u0440\u044b\u0442\u0438\u044f \u0432 2010 \u0433\u043e\u0434\u0443 \"Limak Thermal Boutique Hotel\" \u0431\u044b\u043b \u043f\u0440\u0438\u0437\u043d\u0430\u043d \u0434\u043e\u0441\u0442\u043e\u0439\u043d\u044b\u043c \u043c\u043d\u043e\u0433\u0438\u0445 \u043d\u0430\u0446\u0438\u043e\u043d\u0430\u043b\u044c\u043d\u044b\u0445 \u0438 \u043c\u0435\u0436\u0434\u0443\u043d\u0430\u0440\u043e\u0434\u043d\u044b\u0445 \u043d\u0430\u0433\u0440\u0430\u0434. \u041a\u0430\u043a \u0431\u0443\u0442\u0438\u043a-\u043e\u0442\u0435\u043b\u044c Limak Thermal, \u043c\u044b \u043f\u0440\u0438\u043b\u0430\u0433\u0430\u0435\u043c \u0432\u0441\u0435 \u0443\u0441\u0438\u043b\u0438\u044f, \u0447\u0442\u043e\u0431\u044b \u043f\u043e\u0434\u0430\u0440\u0438\u0442\u044c \u0432\u0430\u043c \u043d\u0435\u0437\u0430\u0431\u044b\u0432\u0430\u0435\u043c\u044b\u0435 \u0432\u043e\u0441\u043f\u043e\u043c\u0438\u043d\u0430\u043d\u0438\u044f, \u043f\u043e\u0434\u0434\u0435\u0440\u0436\u0438\u0432\u0430\u044f \u043d\u0430\u0448\u0435 \u043f\u043e\u043d\u0438\u043c\u0430\u043d\u0438\u0435 \"\u0442\u0435\u043f\u043b\u043e\u0433\u043e \u0433\u043e\u0441\u0442\u0435\u043f\u0440\u0438\u0438\u043c\u0441\u0442\u0432\u0430 \u0438 \u043e\u0442\u043b\u0438\u0447\u043d\u043e\u0433\u043e \u0441\u0435\u0440\u0432\u0438\u0441\u0430\". \u041e\u043d\u043b\u0430\u0439\u043d-\u0431\u0440\u043e\u043d\u0438\u0440\u043e\u0432\u0430\u043d\u0438\u0435","rel":"","context":"Similar post","block_context":{"text":"Similar post","link":""},"img":{"alt_text":"","src":"","width":0,"height":0},"classes":[]},{"id":5329,"url":"https:\/\/limakthermal.com\/en\/galery\/","url_meta":{"origin":10158,"position":2},"title":"Gallery","author":"harunsahin","date":"25 July 2021","format":false,"excerpt":"Warm Hospitality & Excellent Service With Healing Thermal Pools, Indoor Thermal Pool with Nature View, You Won't Get Enough Spa Pleasure... Limak Thermal Boutique Hotel Photo Gallery Online Reservation General Rooms Spa Thermal Pools Restaurant Meeting Rooms Lobby K\u00fc\u00e7\u00fck Otel Yalova Genel G\u00f6r\u00fcn\u00fcm Cihann\u00fcma Standart Oda Cihann\u00fcma Standart Oda Cihann\u00fcma\u2026","rel":"","context":"Similar post","block_context":{"text":"Similar post","link":""},"img":{"alt_text":"","src":"","width":0,"height":0},"classes":[]},{"id":5657,"url":"https:\/\/limakthermal.com\/en\/meeting\/","url_meta":{"origin":10158,"position":3},"title":"Meeting","author":"harunsahin","date":"4 August 2021","format":false,"excerpt":"Warm Hospitality & Excellent Service \"Four Meeting Halls\", \"Unique Concept\", \" and You Will Enjoy Meeting In The Greenery..\" Limak Thermal Boutique Hotel features 5 meeting rooms suitable for small meeting of 10 people upto meeting of 150, equipped technogical and furnished for breaks. Atat\u00fcrk Meeting Room \u0130smet \u0130n\u00f6n\u00fc K\u00f6\u015fk\u2026","rel":"","context":"Similar post","block_context":{"text":"Similar post","link":""},"img":{"alt_text":"","src":"https:\/\/i0.wp.com\/limakthermal.com\/wp-content\/uploads\/IMG_1414-1-683x1024.webp?resize=350%2C200&ssl=1","width":350,"height":200,"srcset":"https:\/\/i0.wp.com\/limakthermal.com\/wp-content\/uploads\/IMG_1414-1-683x1024.webp?resize=350%2C200&ssl=1 1x, https:\/\/i0.wp.com\/limakthermal.com\/wp-content\/uploads\/IMG_1414-1-683x1024.webp?resize=525%2C300&ssl=1 1.5x"},"classes":[]},{"id":5032,"url":"https:\/\/limakthermal.com\/en\/","url_meta":{"origin":10158,"position":4},"title":"Homepage","author":"harunsahin","date":"27 July 2021","format":false,"excerpt":"These Opportunities Can't Be Missed Stay 4 Nights Pay 3 Nights Would you like to watch our story? Welcome to Limak Yalova Thermal Boutique Hotel The historical hotel, whose first guest was Mustafa Kemal Atat\u00fcrk, has been rebuilt by Limak Tourism Group in accordance with its original. The hotel has\u2026","rel":"","context":"Similar post","block_context":{"text":"Similar post","link":""},"img":{"alt_text":"","src":"https:\/\/i0.wp.com\/limakthermal.com\/wp-content\/uploads\/genel-scaled.webp?resize=350%2C200&ssl=1","width":350,"height":200,"srcset":"https:\/\/i0.wp.com\/limakthermal.com\/wp-content\/uploads\/genel-scaled.webp?resize=350%2C200&ssl=1 1x, https:\/\/i0.wp.com\/limakthermal.com\/wp-content\/uploads\/genel-scaled.webp?resize=525%2C300&ssl=1 1.5x, https:\/\/i0.wp.com\/limakthermal.com\/wp-content\/uploads\/genel-scaled.webp?resize=700%2C400&ssl=1 2x, https:\/\/i0.wp.com\/limakthermal.com\/wp-content\/uploads\/genel-scaled.webp?resize=1050%2C600&ssl=1 3x, https:\/\/i0.wp.com\/limakthermal.com\/wp-content\/uploads\/genel-scaled.webp?resize=1400%2C800&ssl=1 4x"},"classes":[]},{"id":5345,"url":"https:\/\/limakthermal.com\/en\/foodbeverage\/","url_meta":{"origin":10158,"position":5},"title":"Food and Beverage","author":"harunsahin","date":"20 June 2021","format":false,"excerpt":"Warm Hospitality & Excellent Service You will not be able to get enough of the Unique Flavors of\"Limak Thermal\" while tasting the menus carefully prepared by our chefs... Every Saturday Live Music Food and Beverage Our Kosk Restaurant, located in Limak Thermal Boutique Hotel, which is evaluated as the best\u2026","rel":"","context":"Similar post","block_context":{"text":"Similar post","link":""},"img":{"alt_text":"","src":"","width":0,"height":0},"classes":[]}],"_links":{"self":[{"href":"https:\/\/limakthermal.com\/en\/wp-json\/wp\/v2\/pages\/10158","targetHints":{"allow":["GET"]}}],"collection":[{"href":"https:\/\/limakthermal.com\/en\/wp-json\/wp\/v2\/pages"}],"about":[{"href":"https:\/\/limakthermal.com\/en\/wp-json\/wp\/v2\/types\/page"}],"author":[{"embeddable":true,"href":"https:\/\/limakthermal.com\/en\/wp-json\/wp\/v2\/users\/1"}],"replies":[{"embeddable":true,"href":"https:\/\/limakthermal.com\/en\/wp-json\/wp\/v2\/comments?post=10158"}],"version-history":[{"count":0,"href":"https:\/\/limakthermal.com\/en\/wp-json\/wp\/v2\/pages\/10158\/revisions"}],"wp:attachment":[{"href":"https:\/\/limakthermal.com\/en\/wp-json\/wp\/v2\/media?parent=10158"}],"curies":[{"name":"wp","href":"https:\/\/api.w.org\/{rel}","templated":true}]}}