{"id":11731,"date":"2021-11-18T22:34:08","date_gmt":"2021-11-18T22:34:08","guid":{"rendered":"https:\/\/limakthermal.com\/rezervasyon-confirmation\/operation-failed\/"},"modified":"2021-11-18T22:34:08","modified_gmt":"2021-11-18T22:34:08","slug":"operation-failed","status":"publish","type":"page","link":"https:\/\/limakthermal.com\/en\/operation-failed\/","title":{"rendered":"Operation Failed"},"content":{"rendered":"<p>Sorry, your transaction cannot be completed at this time. Please try again or contact us.<\/p>\n","protected":false},"excerpt":{"rendered":"<p>Sorry, your transaction cannot be completed at this time. Please try again or contact us.<\/p>\n","protected":false},"author":1,"featured_media":0,"parent":0,"menu_order":0,"comment_status":"closed","ping_status":"closed","template":"","meta":{"neve_meta_sidebar":"","neve_meta_container":"","neve_meta_enable_content_width":"","neve_meta_content_width":0,"neve_meta_title_alignment":"","neve_meta_author_avatar":"","neve_post_elements_order":"","neve_meta_disable_header":"","neve_meta_disable_footer":"","neve_meta_disable_title":"","footnotes":""},"class_list":["post-11731","page","type-page","status-publish","hentry"],"yoast_head":"<!-- This site is optimized with the Yoast SEO plugin v27.5 - https:\/\/yoast.com\/product\/yoast-seo-wordpress\/ -->\n<title>Operation Failed<\/title>\n<meta name=\"robots\" content=\"index, follow, max-snippet:-1, max-image-preview:large, max-video-preview:-1\" \/>\n<link rel=\"canonical\" href=\"https:\/\/limakthermal.com\/en\/operation-failed\/\" \/>\n<meta property=\"og:locale\" content=\"en_US\" \/>\n<meta property=\"og:type\" content=\"article\" \/>\n<meta property=\"og:title\" content=\"Operation Failed\" \/>\n<meta property=\"og:description\" content=\"Sorry, your transaction cannot be completed at this time. Please try again or contact us.\" \/>\n<meta property=\"og:url\" content=\"https:\/\/limakthermal.com\/en\/operation-failed\/\" \/>\n<meta property=\"og:site_name\" content=\"Limak Yalova Thermal Boutique Hotel\" \/>\n<meta property=\"article:publisher\" content=\"https:\/\/facebook.com\/limaktermalotel\" \/>\n<meta name=\"twitter:card\" content=\"summary_large_image\" \/>\n<meta name=\"twitter:site\" content=\"@limakthermal\" \/>\n<script type=\"application\/ld+json\" class=\"yoast-schema-graph\">{\"@context\":\"https:\\\/\\\/schema.org\",\"@graph\":[{\"@type\":\"WebPage\",\"@id\":\"https:\\\/\\\/limakthermal.com\\\/en\\\/operation-failed\\\/\",\"url\":\"https:\\\/\\\/limakthermal.com\\\/en\\\/operation-failed\\\/\",\"name\":\"Operation Failed\",\"isPartOf\":{\"@id\":\"https:\\\/\\\/limakthermal.com\\\/en\\\/#website\"},\"datePublished\":\"2021-11-18T22:34:08+00:00\",\"breadcrumb\":{\"@id\":\"https:\\\/\\\/limakthermal.com\\\/en\\\/operation-failed\\\/#breadcrumb\"},\"inLanguage\":\"en-US\",\"potentialAction\":[{\"@type\":\"ReadAction\",\"target\":[\"https:\\\/\\\/limakthermal.com\\\/en\\\/operation-failed\\\/\"]}]},{\"@type\":\"BreadcrumbList\",\"@id\":\"https:\\\/\\\/limakthermal.com\\\/en\\\/operation-failed\\\/#breadcrumb\",\"itemListElement\":[{\"@type\":\"ListItem\",\"position\":1,\"name\":\"Homepage\",\"item\":\"https:\\\/\\\/limakthermal.com\\\/en\\\/\"},{\"@type\":\"ListItem\",\"position\":2,\"name\":\"Operation Failed\"}]},{\"@type\":\"WebSite\",\"@id\":\"https:\\\/\\\/limakthermal.com\\\/en\\\/#website\",\"url\":\"https:\\\/\\\/limakthermal.com\\\/en\\\/\",\"name\":\"Limak Yalova Thermal Boutique Hotel\",\"description\":\"Warm Hospitality &amp; Excellent Service\",\"publisher\":{\"@id\":\"https:\\\/\\\/limakthermal.com\\\/en\\\/#organization\"},\"potentialAction\":[{\"@type\":\"SearchAction\",\"target\":{\"@type\":\"EntryPoint\",\"urlTemplate\":\"https:\\\/\\\/limakthermal.com\\\/en\\\/?s={search_term_string}\"},\"query-input\":{\"@type\":\"PropertyValueSpecification\",\"valueRequired\":true,\"valueName\":\"search_term_string\"}}],\"inLanguage\":\"en-US\"},{\"@type\":\"Organization\",\"@id\":\"https:\\\/\\\/limakthermal.com\\\/en\\\/#organization\",\"name\":\"Limak Thermal Boutique Hotel\",\"url\":\"https:\\\/\\\/limakthermal.com\\\/en\\\/\",\"logo\":{\"@type\":\"ImageObject\",\"inLanguage\":\"en-US\",\"@id\":\"https:\\\/\\\/limakthermal.com\\\/en\\\/#\\\/schema\\\/logo\\\/image\\\/\",\"url\":\"https:\\\/\\\/limakthermal.com\\\/wp-content\\\/uploads\\\/logolimakthermalyeni.png\",\"contentUrl\":\"https:\\\/\\\/limakthermal.com\\\/wp-content\\\/uploads\\\/logolimakthermalyeni.png\",\"width\":1795,\"height\":800,\"caption\":\"Limak Thermal Boutique Hotel\"},\"image\":{\"@id\":\"https:\\\/\\\/limakthermal.com\\\/en\\\/#\\\/schema\\\/logo\\\/image\\\/\"},\"sameAs\":[\"https:\\\/\\\/facebook.com\\\/limaktermalotel\",\"https:\\\/\\\/x.com\\\/limakthermal\",\"https:\\\/\\\/instagram.com\\\/limakthermal\",\"https:\\\/\\\/tr.linkedin.com\\\/company\\\/limak-thermal-boutique-hotel\",\"https:\\\/\\\/www.youtube.com\\\/user\\\/LimakHotels\"]}]}<\/script>\n<!-- \/ Yoast SEO plugin. -->","yoast_head_json":{"title":"Operation Failed","robots":{"index":"index","follow":"follow","max-snippet":"max-snippet:-1","max-image-preview":"max-image-preview:large","max-video-preview":"max-video-preview:-1"},"canonical":"https:\/\/limakthermal.com\/en\/operation-failed\/","og_locale":"en_US","og_type":"article","og_title":"Operation Failed","og_description":"Sorry, your transaction cannot be completed at this time. Please try again or contact us.","og_url":"https:\/\/limakthermal.com\/en\/operation-failed\/","og_site_name":"Limak Yalova Thermal Boutique Hotel","article_publisher":"https:\/\/facebook.com\/limaktermalotel","twitter_card":"summary_large_image","twitter_site":"@limakthermal","schema":{"@context":"https:\/\/schema.org","@graph":[{"@type":"WebPage","@id":"https:\/\/limakthermal.com\/en\/operation-failed\/","url":"https:\/\/limakthermal.com\/en\/operation-failed\/","name":"Operation Failed","isPartOf":{"@id":"https:\/\/limakthermal.com\/en\/#website"},"datePublished":"2021-11-18T22:34:08+00:00","breadcrumb":{"@id":"https:\/\/limakthermal.com\/en\/operation-failed\/#breadcrumb"},"inLanguage":"en-US","potentialAction":[{"@type":"ReadAction","target":["https:\/\/limakthermal.com\/en\/operation-failed\/"]}]},{"@type":"BreadcrumbList","@id":"https:\/\/limakthermal.com\/en\/operation-failed\/#breadcrumb","itemListElement":[{"@type":"ListItem","position":1,"name":"Homepage","item":"https:\/\/limakthermal.com\/en\/"},{"@type":"ListItem","position":2,"name":"Operation Failed"}]},{"@type":"WebSite","@id":"https:\/\/limakthermal.com\/en\/#website","url":"https:\/\/limakthermal.com\/en\/","name":"Limak Yalova Thermal Boutique Hotel","description":"Warm Hospitality &amp; Excellent Service","publisher":{"@id":"https:\/\/limakthermal.com\/en\/#organization"},"potentialAction":[{"@type":"SearchAction","target":{"@type":"EntryPoint","urlTemplate":"https:\/\/limakthermal.com\/en\/?s={search_term_string}"},"query-input":{"@type":"PropertyValueSpecification","valueRequired":true,"valueName":"search_term_string"}}],"inLanguage":"en-US"},{"@type":"Organization","@id":"https:\/\/limakthermal.com\/en\/#organization","name":"Limak Thermal Boutique Hotel","url":"https:\/\/limakthermal.com\/en\/","logo":{"@type":"ImageObject","inLanguage":"en-US","@id":"https:\/\/limakthermal.com\/en\/#\/schema\/logo\/image\/","url":"https:\/\/limakthermal.com\/wp-content\/uploads\/logolimakthermalyeni.png","contentUrl":"https:\/\/limakthermal.com\/wp-content\/uploads\/logolimakthermalyeni.png","width":1795,"height":800,"caption":"Limak Thermal Boutique Hotel"},"image":{"@id":"https:\/\/limakthermal.com\/en\/#\/schema\/logo\/image\/"},"sameAs":["https:\/\/facebook.com\/limaktermalotel","https:\/\/x.com\/limakthermal","https:\/\/instagram.com\/limakthermal","https:\/\/tr.linkedin.com\/company\/limak-thermal-boutique-hotel","https:\/\/www.youtube.com\/user\/LimakHotels"]}]}},"jetpack-related-posts":[{"id":8509,"url":"https:\/\/limakthermal.com\/en\/limak-thermal-and-zes-cooperation\/","url_meta":{"origin":11731,"position":0},"title":"Limak Thermal and Zes Cooperation","author":"harunsahin","date":"29 September 2021","format":false,"excerpt":"What is Zes?It aims to facilitate the journeys of electric vehicle owners in our country and to accelerate the electric vehicle revolution with the fast charging stations it has implemented in the city and on the roads between cities. In this direction, as Limak Hotels, we have established a charging\u2026","rel":"","context":"Similar post","block_context":{"text":"Similar post","link":""},"img":{"alt_text":"","src":"https:\/\/i0.wp.com\/limakthermal.com\/wp-content\/uploads\/SARJ-EN-1024x611.jpg?resize=350%2C200&ssl=1","width":350,"height":200,"srcset":"https:\/\/i0.wp.com\/limakthermal.com\/wp-content\/uploads\/SARJ-EN-1024x611.jpg?resize=350%2C200&ssl=1 1x, https:\/\/i0.wp.com\/limakthermal.com\/wp-content\/uploads\/SARJ-EN-1024x611.jpg?resize=525%2C300&ssl=1 1.5x, https:\/\/i0.wp.com\/limakthermal.com\/wp-content\/uploads\/SARJ-EN-1024x611.jpg?resize=700%2C400&ssl=1 2x"},"classes":[]},{"id":22160,"url":"https:\/\/limakthermal.com\/en\/safety-instructions\/","url_meta":{"origin":11731,"position":1},"title":"Safety Instructions","author":"harunsahin","date":"25 March 2026","format":false,"excerpt":"Please take a moment to review the following important information.Immediately after checking in, take a look at the floor plan behind the guest room door. Please find and keep in mind the location of the emergency exits, fire extinguishers and fire alarms closest to your room. When the Fire Alarm\u2026","rel":"","context":"Similar post","block_context":{"text":"Similar post","link":""},"img":{"alt_text":"","src":"https:\/\/i0.wp.com\/limakthermal.com\/wp-content\/uploads\/2025\/02\/Guvenlik-talimatlari-1.webp?resize=350%2C200&ssl=1","width":350,"height":200,"srcset":"https:\/\/i0.wp.com\/limakthermal.com\/wp-content\/uploads\/2025\/02\/Guvenlik-talimatlari-1.webp?resize=350%2C200&ssl=1 1x, https:\/\/i0.wp.com\/limakthermal.com\/wp-content\/uploads\/2025\/02\/Guvenlik-talimatlari-1.webp?resize=525%2C300&ssl=1 1.5x, https:\/\/i0.wp.com\/limakthermal.com\/wp-content\/uploads\/2025\/02\/Guvenlik-talimatlari-1.webp?resize=700%2C400&ssl=1 2x"},"classes":[]},{"id":20160,"url":"https:\/\/limakthermal.com\/en\/hotel-directory\/","url_meta":{"origin":11731,"position":2},"title":"Hotel Directory","author":"harunsahin","date":"14 July 2024","format":false,"excerpt":"General InformationThis guide has been prepared to assist you, our esteemed guests, regarding the services available at Limak Yalova Thermal Boutique Hotel. For more detailed information, please contact the Reception. Tel: 5500Pool Towels and BathrobesBrown pool towels; The spa center is provided at the entrance of the indoor thermal pool.\u2026","rel":"","context":"Similar post","block_context":{"text":"Similar post","link":""},"img":{"alt_text":"","src":"https:\/\/i0.wp.com\/limakthermal.com\/wp-content\/uploads\/IMG_9894-1024x683.webp?resize=350%2C200&ssl=1","width":350,"height":200,"srcset":"https:\/\/i0.wp.com\/limakthermal.com\/wp-content\/uploads\/IMG_9894-1024x683.webp?resize=350%2C200&ssl=1 1x, https:\/\/i0.wp.com\/limakthermal.com\/wp-content\/uploads\/IMG_9894-1024x683.webp?resize=525%2C300&ssl=1 1.5x, https:\/\/i0.wp.com\/limakthermal.com\/wp-content\/uploads\/IMG_9894-1024x683.webp?resize=700%2C400&ssl=1 2x"},"classes":[]},{"id":13973,"url":"https:\/\/limakthermal.com\/en\/rules-of-natural-areas\/","url_meta":{"origin":11731,"position":3},"title":"Rules Of Natural Areas","author":"harunsahin","date":"18 October 2022","format":false,"excerpt":"RULES OF NATURAL AREAS, LOCAL COMMUNITIES AND CULTURAL\/HISTORICAL AREAS Mosque Guests must wear appropriate and clean clothing. Guests must not step on the carpet or rugs with dirty feet or socks. Guests should not shout or make too much noise. Places of Cultural Interest Guests should not speak loudly or\u2026","rel":"","context":"Similar post","block_context":{"text":"Similar post","link":""},"img":{"alt_text":"","src":"","width":0,"height":0},"classes":[]},{"id":11903,"url":"https:\/\/limakthermal.com\/en\/privacy-policy\/","url_meta":{"origin":11731,"position":4},"title":"Confidentiality Agreement","author":"harunsahin","date":"20 November 2021","format":false,"excerpt":"LI\u0307MAK THERMAL BOUTIQUE HOTELCONFIDENTIALITY STATEMENTData Controller: Limak Thermal Boutique HotelG\u00f6k\u00e7edere Mah. S\u0131cak Su Cad. No:1-3 Termal - YalovaLimak \u0130n\u015faat Sanayii Ticaret A.\u015e. (\"Limak Thermal Boutique Hotel) has prepared this privacy statement in order to inform our visitors, guests, employees, applicants and business contacts about the processing, storage and transfer of\u2026","rel":"","context":"Similar post","block_context":{"text":"Similar post","link":""},"img":{"alt_text":"","src":"","width":0,"height":0},"classes":[]},{"id":5809,"url":"https:\/\/limakthermal.com\/en\/hygienic-pandemic-manifestation\/","url_meta":{"origin":11731,"position":5},"title":"Hygienic &#038; Pandemic Manifestation","author":"harunsahin","date":"20 July 2021","format":false,"excerpt":"WITH ASSURANCE OF WARM HOSPITALITY AND EXCELLENT SERVICE Dear guests of ours,The well-being of society, our employees and guests are of great importance for us Limak\u00a0International Hotels & Resorts.\u00a0Hygienic and sanitary measures that we\u2019ve increased with our employees while getting\u00a0through the COVID-19 Pandemic, are aimed at presenting you a vacation\u2026","rel":"","context":"Similar post","block_context":{"text":"Similar post","link":""},"img":{"alt_text":"","src":"https:\/\/i0.wp.com\/limakthermal.com\/wp-content\/uploads\/2021\/06\/Suit3-1536x981.jpg?resize=350%2C200&ssl=1","width":350,"height":200,"srcset":"https:\/\/i0.wp.com\/limakthermal.com\/wp-content\/uploads\/2021\/06\/Suit3-1536x981.jpg?resize=350%2C200&ssl=1 1x, https:\/\/i0.wp.com\/limakthermal.com\/wp-content\/uploads\/2021\/06\/Suit3-1536x981.jpg?resize=525%2C300&ssl=1 1.5x, https:\/\/i0.wp.com\/limakthermal.com\/wp-content\/uploads\/2021\/06\/Suit3-1536x981.jpg?resize=700%2C400&ssl=1 2x, https:\/\/i0.wp.com\/limakthermal.com\/wp-content\/uploads\/2021\/06\/Suit3-1536x981.jpg?resize=1050%2C600&ssl=1 3x"},"classes":[]}],"_links":{"self":[{"href":"https:\/\/limakthermal.com\/en\/wp-json\/wp\/v2\/pages\/11731","targetHints":{"allow":["GET"]}}],"collection":[{"href":"https:\/\/limakthermal.com\/en\/wp-json\/wp\/v2\/pages"}],"about":[{"href":"https:\/\/limakthermal.com\/en\/wp-json\/wp\/v2\/types\/page"}],"author":[{"embeddable":true,"href":"https:\/\/limakthermal.com\/en\/wp-json\/wp\/v2\/users\/1"}],"replies":[{"embeddable":true,"href":"https:\/\/limakthermal.com\/en\/wp-json\/wp\/v2\/comments?post=11731"}],"version-history":[{"count":0,"href":"https:\/\/limakthermal.com\/en\/wp-json\/wp\/v2\/pages\/11731\/revisions"}],"wp:attachment":[{"href":"https:\/\/limakthermal.com\/en\/wp-json\/wp\/v2\/media?parent=11731"}],"curies":[{"name":"wp","href":"https:\/\/api.w.org\/{rel}","templated":true}]}}