{"id":16968,"date":"2023-11-04T07:18:22","date_gmt":"2023-11-04T07:18:22","guid":{"rendered":"https:\/\/limakthermal.com\/?page_id=16968"},"modified":"2023-11-11T18:13:35","modified_gmt":"2023-11-11T18:13:35","slug":"our-energy-policy","status":"publish","type":"page","link":"https:\/\/limakthermal.com\/en\/our-energy-policy\/","title":{"rendered":"Energy Policy"},"content":{"rendered":"\t\t<div data-elementor-type=\"wp-page\" data-elementor-id=\"16968\" class=\"elementor elementor-16968 elementor-16934\" data-elementor-post-type=\"page\">\n\t\t\t\t\t\t<section class=\"elementor-section elementor-top-section elementor-element elementor-element-23f2a62 elementor-section-height-min-height elementor-section-boxed elementor-section-height-default elementor-section-items-middle\" data-id=\"23f2a62\" data-element_type=\"section\" data-e-type=\"section\" data-settings=\"{&quot;background_background&quot;:&quot;classic&quot;}\">\n\t\t\t\t\t\t<div class=\"elementor-container elementor-column-gap-default\">\n\t\t\t\t\t<div class=\"elementor-column elementor-col-100 elementor-top-column elementor-element elementor-element-ceb6ac8\" data-id=\"ceb6ac8\" data-element_type=\"column\" data-e-type=\"column\">\n\t\t\t<div class=\"elementor-widget-wrap elementor-element-populated\">\n\t\t\t\t\t\t<div class=\"elementor-element elementor-element-2b3da38 elementor-widget elementor-widget-spacer\" data-id=\"2b3da38\" data-element_type=\"widget\" data-e-type=\"widget\" data-widget_type=\"spacer.default\">\n\t\t\t\t<div class=\"elementor-widget-container\">\n\t\t\t\t\t\t\t<div class=\"elementor-spacer\">\n\t\t\t<div class=\"elementor-spacer-inner\"><\/div>\n\t\t<\/div>\n\t\t\t\t\t\t<\/div>\n\t\t\t\t<\/div>\n\t\t\t\t\t<\/div>\n\t\t<\/div>\n\t\t\t\t\t<\/div>\n\t\t<\/section>\n\t\t\t\t<section class=\"elementor-section elementor-top-section elementor-element elementor-element-0bca90a elementor-section-full_width elementor-section-height-default elementor-section-height-default\" data-id=\"0bca90a\" data-element_type=\"section\" data-e-type=\"section\" data-settings=\"{&quot;background_background&quot;:&quot;classic&quot;}\">\n\t\t\t\t\t\t<div class=\"elementor-container elementor-column-gap-default\">\n\t\t\t\t\t<div class=\"elementor-column elementor-col-100 elementor-top-column elementor-element elementor-element-05480c9\" data-id=\"05480c9\" data-element_type=\"column\" data-e-type=\"column\">\n\t\t\t<div class=\"elementor-widget-wrap elementor-element-populated\">\n\t\t\t\t\t\t<div class=\"elementor-element elementor-element-839b39b elementor-widget elementor-widget-spacer\" data-id=\"839b39b\" data-element_type=\"widget\" data-e-type=\"widget\" data-widget_type=\"spacer.default\">\n\t\t\t\t<div class=\"elementor-widget-container\">\n\t\t\t\t\t\t\t<div class=\"elementor-spacer\">\n\t\t\t<div class=\"elementor-spacer-inner\"><\/div>\n\t\t<\/div>\n\t\t\t\t\t\t<\/div>\n\t\t\t\t<\/div>\n\t\t\t\t\t<\/div>\n\t\t<\/div>\n\t\t\t\t\t<\/div>\n\t\t<\/section>\n\t\t\t\t<section class=\"elementor-section elementor-top-section elementor-element elementor-element-3128a3d elementor-section-boxed elementor-section-height-default elementor-section-height-default\" data-id=\"3128a3d\" data-element_type=\"section\" data-e-type=\"section\" data-settings=\"{&quot;background_background&quot;:&quot;classic&quot;}\">\n\t\t\t\t\t\t<div class=\"elementor-container elementor-column-gap-default\">\n\t\t\t\t\t<div class=\"elementor-column elementor-col-100 elementor-top-column elementor-element elementor-element-e920df0\" data-id=\"e920df0\" data-element_type=\"column\" data-e-type=\"column\" data-settings=\"{&quot;background_background&quot;:&quot;classic&quot;}\">\n\t\t\t<div class=\"elementor-widget-wrap elementor-element-populated\">\n\t\t\t\t\t\t<div class=\"elementor-element elementor-element-496193c elementor-widget elementor-widget-theme-post-title elementor-page-title elementor-widget-heading\" data-id=\"496193c\" data-element_type=\"widget\" data-e-type=\"widget\" data-widget_type=\"theme-post-title.default\">\n\t\t\t\t<div class=\"elementor-widget-container\">\n\t\t\t\t\t<h1 class=\"elementor-heading-title elementor-size-default\">Energy Policy<\/h1>\t\t\t\t<\/div>\n\t\t\t\t<\/div>\n\t\t\t\t<div class=\"elementor-element elementor-element-f4dea0d elementor-align-start elementor-icon-list--layout-traditional elementor-list-item-link-full_width elementor-widget elementor-widget-icon-list\" data-id=\"f4dea0d\" data-element_type=\"widget\" data-e-type=\"widget\" data-widget_type=\"icon-list.default\">\n\t\t\t\t<div class=\"elementor-widget-container\">\n\t\t\t\t\t\t\t<ul class=\"elementor-icon-list-items\">\n\t\t\t\t\t\t\t<li class=\"elementor-icon-list-item\">\n\t\t\t\t\t\t\t\t\t\t\t<span class=\"elementor-icon-list-icon\">\n\t\t\t\t\t\t\t<i aria-hidden=\"true\" class=\"fas fa-check-circle\"><\/i>\t\t\t\t\t\t<\/span>\n\t\t\t\t\t\t\t\t\t\t<span class=\"elementor-icon-list-text\">We take the sustainability of service quality as a basis and use our energy resources effectively and efficiently. <\/span>\n\t\t\t\t\t\t\t\t\t<\/li>\n\t\t\t\t\t\t\t\t<li class=\"elementor-icon-list-item\">\n\t\t\t\t\t\t\t\t\t\t\t<span class=\"elementor-icon-list-icon\">\n\t\t\t\t\t\t\t<i aria-hidden=\"true\" class=\"fas fa-check-circle\"><\/i>\t\t\t\t\t\t<\/span>\n\t\t\t\t\t\t\t\t\t\t<span class=\"elementor-icon-list-text\">In order to protect the environment and ensure the necessity of sustainable tourism, we identify our impacts on the environment, monitor energy consumption and carbon emissions resulting from energy consumption, and take negative impacts and potential hazards under control. <\/span>\n\t\t\t\t\t\t\t\t\t<\/li>\n\t\t\t\t\t\t\t\t<li class=\"elementor-icon-list-item\">\n\t\t\t\t\t\t\t\t\t\t\t<span class=\"elementor-icon-list-icon\">\n\t\t\t\t\t\t\t<i aria-hidden=\"true\" class=\"fas fa-check-circle\"><\/i>\t\t\t\t\t\t<\/span>\n\t\t\t\t\t\t\t\t\t\t<span class=\"elementor-icon-list-text\">We strive to minimise energy consumption and we attach importance to the continuity of training to raise awareness of our employees.<\/span>\n\t\t\t\t\t\t\t\t\t<\/li>\n\t\t\t\t\t\t\t\t<li class=\"elementor-icon-list-item\">\n\t\t\t\t\t\t\t\t\t\t\t<span class=\"elementor-icon-list-icon\">\n\t\t\t\t\t\t\t<i aria-hidden=\"true\" class=\"fas fa-check-circle\"><\/i>\t\t\t\t\t\t<\/span>\n\t\t\t\t\t\t\t\t\t\t<span class=\"elementor-icon-list-text\">We make efforts to ensure that our energy efficiency, environment and sustainability activities are adopted not only by our employees but also by our guests, suppliers and other stakeholders. <\/span>\n\t\t\t\t\t\t\t\t\t<\/li>\n\t\t\t\t\t\t\t\t<li class=\"elementor-icon-list-item\">\n\t\t\t\t\t\t\t\t\t\t\t<span class=\"elementor-icon-list-icon\">\n\t\t\t\t\t\t\t<i aria-hidden=\"true\" class=\"fas fa-check-circle\"><\/i>\t\t\t\t\t\t<\/span>\n\t\t\t\t\t\t\t\t\t\t<span class=\"elementor-icon-list-text\">We manage the energy management system in line with the requirements of national and international legal regulations and standards.<\/span>\n\t\t\t\t\t\t\t\t\t<\/li>\n\t\t\t\t\t\t\t\t<li class=\"elementor-icon-list-item\">\n\t\t\t\t\t\t\t\t\t\t\t<span class=\"elementor-icon-list-icon\">\n\t\t\t\t\t\t\t<i aria-hidden=\"true\" class=\"fas fa-check-circle\"><\/i>\t\t\t\t\t\t<\/span>\n\t\t\t\t\t\t\t\t\t\t<span class=\"elementor-icon-list-text\">We determine the objectives of the energy management system, provide the necessary resources for the realisation of these objectives, work to improve the processes by continuously reviewing them, and undertake to consider energy efficiency in procurement and design processes.<\/span>\n\t\t\t\t\t\t\t\t\t<\/li>\n\t\t\t\t\t\t<\/ul>\n\t\t\t\t\t\t<\/div>\n\t\t\t\t<\/div>\n\t\t\t\t\t<\/div>\n\t\t<\/div>\n\t\t\t\t\t<\/div>\n\t\t<\/section>\n\t\t\t\t<section class=\"elementor-section elementor-top-section elementor-element elementor-element-0118083 elementor-section-full_width elementor-section-height-default elementor-section-height-default\" data-id=\"0118083\" data-element_type=\"section\" data-e-type=\"section\" data-settings=\"{&quot;background_background&quot;:&quot;classic&quot;}\">\n\t\t\t\t\t\t<div class=\"elementor-container elementor-column-gap-default\">\n\t\t\t\t\t<div class=\"elementor-column elementor-col-100 elementor-top-column elementor-element elementor-element-788bd45\" data-id=\"788bd45\" data-element_type=\"column\" data-e-type=\"column\">\n\t\t\t<div class=\"elementor-widget-wrap elementor-element-populated\">\n\t\t\t\t\t\t<div class=\"elementor-element elementor-element-b7ede72 elementor-widget elementor-widget-spacer\" data-id=\"b7ede72\" data-element_type=\"widget\" data-e-type=\"widget\" data-widget_type=\"spacer.default\">\n\t\t\t\t<div class=\"elementor-widget-container\">\n\t\t\t\t\t\t\t<div class=\"elementor-spacer\">\n\t\t\t<div class=\"elementor-spacer-inner\"><\/div>\n\t\t<\/div>\n\t\t\t\t\t\t<\/div>\n\t\t\t\t<\/div>\n\t\t\t\t\t<\/div>\n\t\t<\/div>\n\t\t\t\t\t<\/div>\n\t\t<\/section>\n\t\t\t\t<\/div>\n\t\t","protected":false},"excerpt":{"rendered":"<p>We take the sustainability of service quality as a basis and use our energy resources effectively and efficiently. In order to protect the environment and ensure the necessity of sustainable tourism, we identify our impacts on the environment, monitor energy consumption and carbon emissions resulting from energy consumption, and take negative impacts and potential hazards&hellip;&nbsp;<a href=\"https:\/\/limakthermal.com\/en\/our-energy-policy\/\" rel=\"bookmark\">Read More &raquo;<span class=\"screen-reader-text\">Energy Policy<\/span><\/a><\/p>\n","protected":false},"author":1,"featured_media":0,"parent":0,"menu_order":0,"comment_status":"closed","ping_status":"closed","template":"","meta":{"neve_meta_sidebar":"","neve_meta_container":"","neve_meta_enable_content_width":"off","neve_meta_content_width":100,"neve_meta_title_alignment":"","neve_meta_author_avatar":"","neve_post_elements_order":"","neve_meta_disable_header":"","neve_meta_disable_footer":"","neve_meta_disable_title":"","footnotes":""},"class_list":["post-16968","page","type-page","status-publish","hentry"],"yoast_head":"<!-- This site is optimized with the Yoast SEO plugin v27.4 - https:\/\/yoast.com\/product\/yoast-seo-wordpress\/ -->\n<title>Energy Policy<\/title>\n<meta name=\"robots\" content=\"index, follow, max-snippet:-1, max-image-preview:large, max-video-preview:-1\" \/>\n<link rel=\"canonical\" href=\"https:\/\/limakthermal.com\/en\/our-energy-policy\/\" \/>\n<meta property=\"og:locale\" content=\"en_US\" \/>\n<meta property=\"og:type\" content=\"article\" \/>\n<meta property=\"og:title\" content=\"Energy Policy\" \/>\n<meta property=\"og:description\" content=\"We take the sustainability of service quality as a basis and use our energy resources effectively and efficiently. In order to protect the environment and ensure the necessity of sustainable tourism, we identify our impacts on the environment, monitor energy consumption and carbon emissions resulting from energy consumption, and take negative impacts and potential hazards&hellip;&nbsp;Read More &raquo;Energy Policy\" \/>\n<meta property=\"og:url\" content=\"https:\/\/limakthermal.com\/en\/our-energy-policy\/\" \/>\n<meta property=\"og:site_name\" content=\"Limak Yalova Thermal Boutique Hotel\" \/>\n<meta property=\"article:publisher\" content=\"https:\/\/facebook.com\/limaktermalotel\" \/>\n<meta property=\"article:modified_time\" content=\"2023-11-11T18:13:35+00:00\" \/>\n<meta name=\"twitter:card\" content=\"summary_large_image\" \/>\n<meta name=\"twitter:site\" content=\"@limakthermal\" \/>\n<meta name=\"twitter:label1\" content=\"Est. reading time\" \/>\n\t<meta name=\"twitter:data1\" content=\"1 minute\" \/>\n<script type=\"application\/ld+json\" class=\"yoast-schema-graph\">{\"@context\":\"https:\\\/\\\/schema.org\",\"@graph\":[{\"@type\":\"WebPage\",\"@id\":\"https:\\\/\\\/limakthermal.com\\\/en\\\/our-energy-policy\\\/\",\"url\":\"https:\\\/\\\/limakthermal.com\\\/en\\\/our-energy-policy\\\/\",\"name\":\"Energy Policy\",\"isPartOf\":{\"@id\":\"https:\\\/\\\/limakthermal.com\\\/en\\\/#website\"},\"datePublished\":\"2023-11-04T07:18:22+00:00\",\"dateModified\":\"2023-11-11T18:13:35+00:00\",\"breadcrumb\":{\"@id\":\"https:\\\/\\\/limakthermal.com\\\/en\\\/our-energy-policy\\\/#breadcrumb\"},\"inLanguage\":\"en-US\",\"potentialAction\":[{\"@type\":\"ReadAction\",\"target\":[\"https:\\\/\\\/limakthermal.com\\\/en\\\/our-energy-policy\\\/\"]}]},{\"@type\":\"BreadcrumbList\",\"@id\":\"https:\\\/\\\/limakthermal.com\\\/en\\\/our-energy-policy\\\/#breadcrumb\",\"itemListElement\":[{\"@type\":\"ListItem\",\"position\":1,\"name\":\"Homepage\",\"item\":\"https:\\\/\\\/limakthermal.com\\\/en\\\/\"},{\"@type\":\"ListItem\",\"position\":2,\"name\":\"Energy Policy\"}]},{\"@type\":\"WebSite\",\"@id\":\"https:\\\/\\\/limakthermal.com\\\/en\\\/#website\",\"url\":\"https:\\\/\\\/limakthermal.com\\\/en\\\/\",\"name\":\"Limak Yalova Thermal Boutique Hotel\",\"description\":\"Warm Hospitality &amp; Excellent Service\",\"publisher\":{\"@id\":\"https:\\\/\\\/limakthermal.com\\\/en\\\/#organization\"},\"potentialAction\":[{\"@type\":\"SearchAction\",\"target\":{\"@type\":\"EntryPoint\",\"urlTemplate\":\"https:\\\/\\\/limakthermal.com\\\/en\\\/?s={search_term_string}\"},\"query-input\":{\"@type\":\"PropertyValueSpecification\",\"valueRequired\":true,\"valueName\":\"search_term_string\"}}],\"inLanguage\":\"en-US\"},{\"@type\":\"Organization\",\"@id\":\"https:\\\/\\\/limakthermal.com\\\/en\\\/#organization\",\"name\":\"Limak Thermal Boutique Hotel\",\"url\":\"https:\\\/\\\/limakthermal.com\\\/en\\\/\",\"logo\":{\"@type\":\"ImageObject\",\"inLanguage\":\"en-US\",\"@id\":\"https:\\\/\\\/limakthermal.com\\\/en\\\/#\\\/schema\\\/logo\\\/image\\\/\",\"url\":\"https:\\\/\\\/limakthermal.com\\\/wp-content\\\/uploads\\\/logolimakthermalyeni.png\",\"contentUrl\":\"https:\\\/\\\/limakthermal.com\\\/wp-content\\\/uploads\\\/logolimakthermalyeni.png\",\"width\":1795,\"height\":800,\"caption\":\"Limak Thermal Boutique Hotel\"},\"image\":{\"@id\":\"https:\\\/\\\/limakthermal.com\\\/en\\\/#\\\/schema\\\/logo\\\/image\\\/\"},\"sameAs\":[\"https:\\\/\\\/facebook.com\\\/limaktermalotel\",\"https:\\\/\\\/x.com\\\/limakthermal\",\"https:\\\/\\\/instagram.com\\\/limakthermal\",\"https:\\\/\\\/tr.linkedin.com\\\/company\\\/limak-thermal-boutique-hotel\",\"https:\\\/\\\/www.youtube.com\\\/user\\\/LimakHotels\"]}]}<\/script>\n<!-- \/ Yoast SEO plugin. -->","yoast_head_json":{"title":"Energy Policy","robots":{"index":"index","follow":"follow","max-snippet":"max-snippet:-1","max-image-preview":"max-image-preview:large","max-video-preview":"max-video-preview:-1"},"canonical":"https:\/\/limakthermal.com\/en\/our-energy-policy\/","og_locale":"en_US","og_type":"article","og_title":"Energy Policy","og_description":"We take the sustainability of service quality as a basis and use our energy resources effectively and efficiently. In order to protect the environment and ensure the necessity of sustainable tourism, we identify our impacts on the environment, monitor energy consumption and carbon emissions resulting from energy consumption, and take negative impacts and potential hazards&hellip;&nbsp;Read More &raquo;Energy Policy","og_url":"https:\/\/limakthermal.com\/en\/our-energy-policy\/","og_site_name":"Limak Yalova Thermal Boutique Hotel","article_publisher":"https:\/\/facebook.com\/limaktermalotel","article_modified_time":"2023-11-11T18:13:35+00:00","twitter_card":"summary_large_image","twitter_site":"@limakthermal","twitter_misc":{"Est. reading time":"1 minute"},"schema":{"@context":"https:\/\/schema.org","@graph":[{"@type":"WebPage","@id":"https:\/\/limakthermal.com\/en\/our-energy-policy\/","url":"https:\/\/limakthermal.com\/en\/our-energy-policy\/","name":"Energy Policy","isPartOf":{"@id":"https:\/\/limakthermal.com\/en\/#website"},"datePublished":"2023-11-04T07:18:22+00:00","dateModified":"2023-11-11T18:13:35+00:00","breadcrumb":{"@id":"https:\/\/limakthermal.com\/en\/our-energy-policy\/#breadcrumb"},"inLanguage":"en-US","potentialAction":[{"@type":"ReadAction","target":["https:\/\/limakthermal.com\/en\/our-energy-policy\/"]}]},{"@type":"BreadcrumbList","@id":"https:\/\/limakthermal.com\/en\/our-energy-policy\/#breadcrumb","itemListElement":[{"@type":"ListItem","position":1,"name":"Homepage","item":"https:\/\/limakthermal.com\/en\/"},{"@type":"ListItem","position":2,"name":"Energy Policy"}]},{"@type":"WebSite","@id":"https:\/\/limakthermal.com\/en\/#website","url":"https:\/\/limakthermal.com\/en\/","name":"Limak Yalova Thermal Boutique Hotel","description":"Warm Hospitality &amp; Excellent Service","publisher":{"@id":"https:\/\/limakthermal.com\/en\/#organization"},"potentialAction":[{"@type":"SearchAction","target":{"@type":"EntryPoint","urlTemplate":"https:\/\/limakthermal.com\/en\/?s={search_term_string}"},"query-input":{"@type":"PropertyValueSpecification","valueRequired":true,"valueName":"search_term_string"}}],"inLanguage":"en-US"},{"@type":"Organization","@id":"https:\/\/limakthermal.com\/en\/#organization","name":"Limak Thermal Boutique Hotel","url":"https:\/\/limakthermal.com\/en\/","logo":{"@type":"ImageObject","inLanguage":"en-US","@id":"https:\/\/limakthermal.com\/en\/#\/schema\/logo\/image\/","url":"https:\/\/limakthermal.com\/wp-content\/uploads\/logolimakthermalyeni.png","contentUrl":"https:\/\/limakthermal.com\/wp-content\/uploads\/logolimakthermalyeni.png","width":1795,"height":800,"caption":"Limak Thermal Boutique Hotel"},"image":{"@id":"https:\/\/limakthermal.com\/en\/#\/schema\/logo\/image\/"},"sameAs":["https:\/\/facebook.com\/limaktermalotel","https:\/\/x.com\/limakthermal","https:\/\/instagram.com\/limakthermal","https:\/\/tr.linkedin.com\/company\/limak-thermal-boutique-hotel","https:\/\/www.youtube.com\/user\/LimakHotels"]}]}},"jetpack-related-posts":[{"id":14010,"url":"https:\/\/limakthermal.com\/en\/sustainability\/","url_meta":{"origin":16968,"position":0},"title":"Sustainability","author":"harunsahin","date":"19 October 2022","format":false,"excerpt":"Sustainability INTRODUCTION In order to protect the environment and ensure the necessity of sustainable tourism, we evaluate our impacts on the environment and control our negative impacts, potential hazards and wastes. We strive to minimize the use of natural resources, carbon footprint, energy consumption, air, water and soil pollution.We try\u2026","rel":"","context":"Similar post","block_context":{"text":"Similar post","link":""},"img":{"alt_text":"Limak Thermal Boutique Hotel Sustainable Tourism GSTC","src":"https:\/\/i0.wp.com\/limakthermal.com\/wp-content\/uploads\/Sustainable-tourism-Sertifikali-EN-300x300.png?resize=350%2C200&ssl=1","width":350,"height":200},"classes":[]},{"id":6846,"url":"https:\/\/limakthermal.com\/en\/quality-food-safety\/","url_meta":{"origin":16968,"position":1},"title":"Our Quality Policy","author":"harunsahin","date":"19 June 2021","format":false,"excerpt":"OUR QUALITY POLICY our quality, food safety, environment and sustainability policyAs L\u0130MAK INTERNATIONAL HOTEL&RESORTS group hotels, with our motto of warm hospitality and excellent service,While institutionalizing, we establish and ensure the implementation of our operating and management system in accordance with international standards. We continuously measure and improve our guest\u2026","rel":"","context":"Similar post","block_context":{"text":"Similar post","link":""},"img":{"alt_text":"","src":"","width":0,"height":0},"classes":[]},{"id":19462,"url":"https:\/\/limakthermal.com\/en\/sustainable-purchasing-policy\/","url_meta":{"origin":16968,"position":2},"title":"Sustainable Purchasing Policy","author":"harunsahin","date":"8 December 2023","format":false,"excerpt":"As Limak International Hotels & Resorts, For purchasing all products and services including food, beverage, technical materials and consumables, we prioritize the suppliers that provide products or services having the following characteristics: Sufficient quality, Local\/regional, Reasonable price, High energy efficiency, Water saving, Approval\/certification (FSC, MSC, GMP, ISO 14001 etc.) by\u2026","rel":"","context":"Similar post","block_context":{"text":"Similar post","link":""},"img":{"alt_text":"","src":"","width":0,"height":0},"classes":[]},{"id":11903,"url":"https:\/\/limakthermal.com\/en\/privacy-policy\/","url_meta":{"origin":16968,"position":3},"title":"Confidentiality Agreement","author":"harunsahin","date":"20 November 2021","format":false,"excerpt":"LI\u0307MAK THERMAL BOUTIQUE HOTELCONFIDENTIALITY STATEMENTData Controller: Limak Thermal Boutique HotelG\u00f6k\u00e7edere Mah. S\u0131cak Su Cad. No:1-3 Termal - YalovaLimak \u0130n\u015faat Sanayii Ticaret A.\u015e. (\"Limak Thermal Boutique Hotel) has prepared this privacy statement in order to inform our visitors, guests, employees, applicants and business contacts about the processing, storage and transfer of\u2026","rel":"","context":"Similar post","block_context":{"text":"Similar post","link":""},"img":{"alt_text":"","src":"","width":0,"height":0},"classes":[]},{"id":5809,"url":"https:\/\/limakthermal.com\/en\/hygienic-pandemic-manifestation\/","url_meta":{"origin":16968,"position":4},"title":"Hygienic &#038; Pandemic Manifestation","author":"harunsahin","date":"20 July 2021","format":false,"excerpt":"WITH ASSURANCE OF WARM HOSPITALITY AND EXCELLENT SERVICE Dear guests of ours,The well-being of society, our employees and guests are of great importance for us Limak\u00a0International Hotels & Resorts.\u00a0Hygienic and sanitary measures that we\u2019ve increased with our employees while getting\u00a0through the COVID-19 Pandemic, are aimed at presenting you a vacation\u2026","rel":"","context":"Similar post","block_context":{"text":"Similar post","link":""},"img":{"alt_text":"","src":"https:\/\/i0.wp.com\/limakthermal.com\/wp-content\/uploads\/2021\/06\/Suit3-1536x981.jpg?resize=350%2C200&ssl=1","width":350,"height":200,"srcset":"https:\/\/i0.wp.com\/limakthermal.com\/wp-content\/uploads\/2021\/06\/Suit3-1536x981.jpg?resize=350%2C200&ssl=1 1x, https:\/\/i0.wp.com\/limakthermal.com\/wp-content\/uploads\/2021\/06\/Suit3-1536x981.jpg?resize=525%2C300&ssl=1 1.5x, https:\/\/i0.wp.com\/limakthermal.com\/wp-content\/uploads\/2021\/06\/Suit3-1536x981.jpg?resize=700%2C400&ssl=1 2x, https:\/\/i0.wp.com\/limakthermal.com\/wp-content\/uploads\/2021\/06\/Suit3-1536x981.jpg?resize=1050%2C600&ssl=1 3x"},"classes":[]},{"id":6152,"url":"https:\/\/limakthermal.com\/en\/guest-services\/","url_meta":{"origin":16968,"position":5},"title":"Guest Services","author":"harunsahin","date":"26 July 2021","format":false,"excerpt":"Warm Hospitality & Excellent Service We are also with you on your special days. We offer the following services to provide you with a comfortable accommodation experience. In order to benefit from our honeymoon and wedding anniversary packages, a document must be presented by the check in. In order to\u2026","rel":"","context":"Similar post","block_context":{"text":"Similar post","link":""},"img":{"alt_text":"","src":"","width":0,"height":0},"classes":[]}],"_links":{"self":[{"href":"https:\/\/limakthermal.com\/en\/wp-json\/wp\/v2\/pages\/16968","targetHints":{"allow":["GET"]}}],"collection":[{"href":"https:\/\/limakthermal.com\/en\/wp-json\/wp\/v2\/pages"}],"about":[{"href":"https:\/\/limakthermal.com\/en\/wp-json\/wp\/v2\/types\/page"}],"author":[{"embeddable":true,"href":"https:\/\/limakthermal.com\/en\/wp-json\/wp\/v2\/users\/1"}],"replies":[{"embeddable":true,"href":"https:\/\/limakthermal.com\/en\/wp-json\/wp\/v2\/comments?post=16968"}],"version-history":[{"count":0,"href":"https:\/\/limakthermal.com\/en\/wp-json\/wp\/v2\/pages\/16968\/revisions"}],"wp:attachment":[{"href":"https:\/\/limakthermal.com\/en\/wp-json\/wp\/v2\/media?parent=16968"}],"curies":[{"name":"wp","href":"https:\/\/api.w.org\/{rel}","templated":true}]}}