{"id":19462,"date":"2023-12-08T10:09:12","date_gmt":"2023-12-08T10:09:12","guid":{"rendered":"https:\/\/limakthermal.com\/sustainable-purchasing-policy\/"},"modified":"2023-12-08T10:09:22","modified_gmt":"2023-12-08T10:09:22","slug":"sustainable-purchasing-policy","status":"publish","type":"page","link":"https:\/\/limakthermal.com\/en\/sustainable-purchasing-policy\/","title":{"rendered":"Sustainable Purchasing Policy"},"content":{"rendered":"\t\t<div data-elementor-type=\"wp-page\" data-elementor-id=\"19462\" class=\"elementor elementor-19462 elementor-19433\" data-elementor-post-type=\"page\">\n\t\t\t\t\t\t<section class=\"elementor-section elementor-top-section elementor-element elementor-element-606c583 elementor-section-height-min-height elementor-section-boxed elementor-section-height-default elementor-section-items-middle\" data-id=\"606c583\" data-element_type=\"section\" data-e-type=\"section\" data-settings=\"{&quot;background_background&quot;:&quot;classic&quot;}\">\n\t\t\t\t\t\t<div class=\"elementor-container elementor-column-gap-default\">\n\t\t\t\t\t<div class=\"elementor-column elementor-col-100 elementor-top-column elementor-element elementor-element-0f74864\" data-id=\"0f74864\" data-element_type=\"column\" data-e-type=\"column\">\n\t\t\t<div class=\"elementor-widget-wrap elementor-element-populated\">\n\t\t\t\t\t\t<div class=\"elementor-element elementor-element-66edce1 elementor-widget elementor-widget-spacer\" data-id=\"66edce1\" data-element_type=\"widget\" data-e-type=\"widget\" data-widget_type=\"spacer.default\">\n\t\t\t\t<div class=\"elementor-widget-container\">\n\t\t\t\t\t\t\t<div class=\"elementor-spacer\">\n\t\t\t<div class=\"elementor-spacer-inner\"><\/div>\n\t\t<\/div>\n\t\t\t\t\t\t<\/div>\n\t\t\t\t<\/div>\n\t\t\t\t\t<\/div>\n\t\t<\/div>\n\t\t\t\t\t<\/div>\n\t\t<\/section>\n\t\t\t\t<section class=\"elementor-section elementor-top-section elementor-element elementor-element-315ae55 elementor-section-boxed elementor-section-height-default elementor-section-height-default\" data-id=\"315ae55\" data-element_type=\"section\" data-e-type=\"section\">\n\t\t\t\t\t\t<div class=\"elementor-container elementor-column-gap-default\">\n\t\t\t\t\t<div class=\"elementor-column elementor-col-100 elementor-top-column elementor-element elementor-element-9a8c491\" data-id=\"9a8c491\" data-element_type=\"column\" data-e-type=\"column\">\n\t\t\t<div class=\"elementor-widget-wrap elementor-element-populated\">\n\t\t\t\t\t\t<div class=\"elementor-element elementor-element-56e2607 elementor-widget elementor-widget-spacer\" data-id=\"56e2607\" data-element_type=\"widget\" data-e-type=\"widget\" data-widget_type=\"spacer.default\">\n\t\t\t\t<div class=\"elementor-widget-container\">\n\t\t\t\t\t\t\t<div class=\"elementor-spacer\">\n\t\t\t<div class=\"elementor-spacer-inner\"><\/div>\n\t\t<\/div>\n\t\t\t\t\t\t<\/div>\n\t\t\t\t<\/div>\n\t\t\t\t\t<\/div>\n\t\t<\/div>\n\t\t\t\t\t<\/div>\n\t\t<\/section>\n\t\t\t\t<section class=\"elementor-section elementor-top-section elementor-element elementor-element-a4aa50e elementor-section-boxed elementor-section-height-default elementor-section-height-default\" data-id=\"a4aa50e\" data-element_type=\"section\" data-e-type=\"section\" data-settings=\"{&quot;background_background&quot;:&quot;classic&quot;}\">\n\t\t\t\t\t\t<div class=\"elementor-container elementor-column-gap-default\">\n\t\t\t\t\t<div class=\"elementor-column elementor-col-100 elementor-top-column elementor-element elementor-element-6e49953\" data-id=\"6e49953\" data-element_type=\"column\" data-e-type=\"column\">\n\t\t\t<div class=\"elementor-widget-wrap elementor-element-populated\">\n\t\t\t\t\t\t<div class=\"elementor-element elementor-element-3e9843f elementor-widget elementor-widget-theme-post-title elementor-page-title elementor-widget-heading\" data-id=\"3e9843f\" data-element_type=\"widget\" data-e-type=\"widget\" data-widget_type=\"theme-post-title.default\">\n\t\t\t\t<div class=\"elementor-widget-container\">\n\t\t\t\t\t<h1 class=\"elementor-heading-title elementor-size-default\">Sustainable Purchasing Policy<\/h1>\t\t\t\t<\/div>\n\t\t\t\t<\/div>\n\t\t\t\t<div class=\"elementor-element elementor-element-a7252a0 elementor-widget elementor-widget-text-editor\" data-id=\"a7252a0\" data-element_type=\"widget\" data-e-type=\"widget\" data-widget_type=\"text-editor.default\">\n\t\t\t\t<div class=\"elementor-widget-container\">\n\t\t\t\t\t\t\t\t\t<p><strong>As Limak International Hotels &amp; Resorts,<\/strong><\/p>\n<p>For purchasing all products and services including food, beverage, technical materials and consumables, we prioritize the suppliers that provide products or services having the following characteristics:<\/p>\n\t\t\t\t\t\t\t\t<\/div>\n\t\t\t\t<\/div>\n\t\t\t\t<div class=\"elementor-element elementor-element-bce47a8 elementor-icon-list--layout-traditional elementor-list-item-link-full_width elementor-widget elementor-widget-icon-list\" data-id=\"bce47a8\" data-element_type=\"widget\" data-e-type=\"widget\" data-widget_type=\"icon-list.default\">\n\t\t\t\t<div class=\"elementor-widget-container\">\n\t\t\t\t\t\t\t<ul class=\"elementor-icon-list-items\">\n\t\t\t\t\t\t\t<li class=\"elementor-icon-list-item\">\n\t\t\t\t\t\t\t\t\t\t\t<span class=\"elementor-icon-list-icon\">\n\t\t\t\t\t\t\t<i aria-hidden=\"true\" class=\"fas fa-check-circle\"><\/i>\t\t\t\t\t\t<\/span>\n\t\t\t\t\t\t\t\t\t\t<span class=\"elementor-icon-list-text\">Sufficient quality, <\/span>\n\t\t\t\t\t\t\t\t\t<\/li>\n\t\t\t\t\t\t\t\t<li class=\"elementor-icon-list-item\">\n\t\t\t\t\t\t\t\t\t\t\t<span class=\"elementor-icon-list-icon\">\n\t\t\t\t\t\t\t<i aria-hidden=\"true\" class=\"fas fa-check-circle\"><\/i>\t\t\t\t\t\t<\/span>\n\t\t\t\t\t\t\t\t\t\t<span class=\"elementor-icon-list-text\">Local\/regional,<\/span>\n\t\t\t\t\t\t\t\t\t<\/li>\n\t\t\t\t\t\t\t\t<li class=\"elementor-icon-list-item\">\n\t\t\t\t\t\t\t\t\t\t\t<span class=\"elementor-icon-list-icon\">\n\t\t\t\t\t\t\t<i aria-hidden=\"true\" class=\"fas fa-check-circle\"><\/i>\t\t\t\t\t\t<\/span>\n\t\t\t\t\t\t\t\t\t\t<span class=\"elementor-icon-list-text\">Reasonable price,<\/span>\n\t\t\t\t\t\t\t\t\t<\/li>\n\t\t\t\t\t\t\t\t<li class=\"elementor-icon-list-item\">\n\t\t\t\t\t\t\t\t\t\t\t<span class=\"elementor-icon-list-icon\">\n\t\t\t\t\t\t\t<i aria-hidden=\"true\" class=\"fas fa-check-circle\"><\/i>\t\t\t\t\t\t<\/span>\n\t\t\t\t\t\t\t\t\t\t<span class=\"elementor-icon-list-text\">High energy efficiency,<\/span>\n\t\t\t\t\t\t\t\t\t<\/li>\n\t\t\t\t\t\t\t\t<li class=\"elementor-icon-list-item\">\n\t\t\t\t\t\t\t\t\t\t\t<span class=\"elementor-icon-list-icon\">\n\t\t\t\t\t\t\t<i aria-hidden=\"true\" class=\"fas fa-check-circle\"><\/i>\t\t\t\t\t\t<\/span>\n\t\t\t\t\t\t\t\t\t\t<span class=\"elementor-icon-list-text\">Water saving,<\/span>\n\t\t\t\t\t\t\t\t\t<\/li>\n\t\t\t\t\t\t\t\t<li class=\"elementor-icon-list-item\">\n\t\t\t\t\t\t\t\t\t\t\t<span class=\"elementor-icon-list-icon\">\n\t\t\t\t\t\t\t<i aria-hidden=\"true\" class=\"fas fa-check-circle\"><\/i>\t\t\t\t\t\t<\/span>\n\t\t\t\t\t\t\t\t\t\t<span class=\"elementor-icon-list-text\">Approval\/certification (FSC, MSC, GMP, ISO 14001 etc.) by the relevant bodies <\/span>\n\t\t\t\t\t\t\t\t\t<\/li>\n\t\t\t\t\t\t\t\t<li class=\"elementor-icon-list-item\">\n\t\t\t\t\t\t\t\t\t\t\t<span class=\"elementor-icon-list-icon\">\n\t\t\t\t\t\t\t<i aria-hidden=\"true\" class=\"fas fa-check-circle\"><\/i>\t\t\t\t\t\t<\/span>\n\t\t\t\t\t\t\t\t\t\t<span class=\"elementor-icon-list-text\">Recycled content, <\/span>\n\t\t\t\t\t\t\t\t\t<\/li>\n\t\t\t\t\t\t\t\t<li class=\"elementor-icon-list-item\">\n\t\t\t\t\t\t\t\t\t\t\t<span class=\"elementor-icon-list-icon\">\n\t\t\t\t\t\t\t<i aria-hidden=\"true\" class=\"fas fa-check-circle\"><\/i>\t\t\t\t\t\t<\/span>\n\t\t\t\t\t\t\t\t\t\t<span class=\"elementor-icon-list-text\">Reparability<\/span>\n\t\t\t\t\t\t\t\t\t<\/li>\n\t\t\t\t\t\t\t\t<li class=\"elementor-icon-list-item\">\n\t\t\t\t\t\t\t\t\t\t\t<span class=\"elementor-icon-list-icon\">\n\t\t\t\t\t\t\t<i aria-hidden=\"true\" class=\"fas fa-check-circle\"><\/i>\t\t\t\t\t\t<\/span>\n\t\t\t\t\t\t\t\t\t\t<span class=\"elementor-icon-list-text\">Reusable\/replaceable<\/span>\n\t\t\t\t\t\t\t\t\t<\/li>\n\t\t\t\t\t\t\t\t<li class=\"elementor-icon-list-item\">\n\t\t\t\t\t\t\t\t\t\t\t<span class=\"elementor-icon-list-icon\">\n\t\t\t\t\t\t\t<i aria-hidden=\"true\" class=\"fas fa-check-circle\"><\/i>\t\t\t\t\t\t<\/span>\n\t\t\t\t\t\t\t\t\t\t<span class=\"elementor-icon-list-text\">Recycled or renewed, <\/span>\n\t\t\t\t\t\t\t\t\t<\/li>\n\t\t\t\t\t\t\t\t<li class=\"elementor-icon-list-item\">\n\t\t\t\t\t\t\t\t\t\t\t<span class=\"elementor-icon-list-icon\">\n\t\t\t\t\t\t\t<i aria-hidden=\"true\" class=\"fas fa-check-circle\"><\/i>\t\t\t\t\t\t<\/span>\n\t\t\t\t\t\t\t\t\t\t<span class=\"elementor-icon-list-text\">Environmentally sustainable <\/span>\n\t\t\t\t\t\t\t\t\t<\/li>\n\t\t\t\t\t\t<\/ul>\n\t\t\t\t\t\t<\/div>\n\t\t\t\t<\/div>\n\t\t\t\t<div class=\"elementor-element elementor-element-86feecb elementor-widget elementor-widget-text-editor\" data-id=\"86feecb\" data-element_type=\"widget\" data-e-type=\"widget\" data-widget_type=\"text-editor.default\">\n\t\t\t\t<div class=\"elementor-widget-container\">\n\t\t\t\t\t\t\t\t\t<p>We support all activities required for preventing endangered species and\/or the species under protection from being hunted, sold or consumed and comply with all applicable legal legislations.<\/p>\n<p>We make efforts for training and development of both our employees and suppliers concerning sustainable purchasing practises and regularly carry out supplier inspections in order to develop together.<br \/>We continuously improve sustainable applications and the relevant results, encourage our suppliers; and support innovative supply activities in the areas of economic, environmental and social sustainability.<br \/>With the awareness of Zero Waste, we carefully manage the process of purchasing consumable and sing-use products including foodstuffs in order to reduce the wastes to minimum. <br \/>We work with the suppliers that create a fair working environment without harassment and discrimination against their employees, not making discrimination among their employees for language, religion, sect, race, gender, political opinion, philosophical belief and etc.; also the suppliers that give importance to equal opportunities for women and men and prevent forced labour; do not employ child workers and in all these processes, we strictly comply with all applicable laws and regulations in relation to employment and working life. <\/p>\n\t\t\t\t\t\t\t\t<\/div>\n\t\t\t\t<\/div>\n\t\t\t\t\t<\/div>\n\t\t<\/div>\n\t\t\t\t\t<\/div>\n\t\t<\/section>\n\t\t\t\t<section class=\"elementor-section elementor-top-section elementor-element elementor-element-81b4a5a elementor-section-boxed elementor-section-height-default elementor-section-height-default\" data-id=\"81b4a5a\" data-element_type=\"section\" data-e-type=\"section\">\n\t\t\t\t\t\t<div class=\"elementor-container elementor-column-gap-default\">\n\t\t\t\t\t<div class=\"elementor-column elementor-col-100 elementor-top-column elementor-element elementor-element-dc64fbc\" data-id=\"dc64fbc\" data-element_type=\"column\" data-e-type=\"column\">\n\t\t\t<div class=\"elementor-widget-wrap elementor-element-populated\">\n\t\t\t\t\t\t<div class=\"elementor-element elementor-element-2b47fae elementor-widget elementor-widget-spacer\" data-id=\"2b47fae\" data-element_type=\"widget\" data-e-type=\"widget\" data-widget_type=\"spacer.default\">\n\t\t\t\t<div class=\"elementor-widget-container\">\n\t\t\t\t\t\t\t<div class=\"elementor-spacer\">\n\t\t\t<div class=\"elementor-spacer-inner\"><\/div>\n\t\t<\/div>\n\t\t\t\t\t\t<\/div>\n\t\t\t\t<\/div>\n\t\t\t\t\t<\/div>\n\t\t<\/div>\n\t\t\t\t\t<\/div>\n\t\t<\/section>\n\t\t\t\t<\/div>\n\t\t","protected":false},"excerpt":{"rendered":"<p>As Limak International Hotels &amp; Resorts, For purchasing all products and services including food, beverage, technical materials and consumables, we prioritize the suppliers that provide products or services having the following characteristics: Sufficient quality, Local\/regional, Reasonable price, High energy efficiency, Water saving, Approval\/certification (FSC, MSC, GMP, ISO 14001 etc.) by the relevant bodies Recycled content,&hellip;&nbsp;<a href=\"https:\/\/limakthermal.com\/en\/sustainable-purchasing-policy\/\" rel=\"bookmark\">Read More &raquo;<span class=\"screen-reader-text\">Sustainable Purchasing Policy<\/span><\/a><\/p>\n","protected":false},"author":1,"featured_media":0,"parent":0,"menu_order":0,"comment_status":"closed","ping_status":"closed","template":"page-templates\/template-pagebuilder-full-width.php","meta":{"neve_meta_sidebar":"","neve_meta_container":"","neve_meta_enable_content_width":"off","neve_meta_content_width":100,"neve_meta_title_alignment":"","neve_meta_author_avatar":"","neve_post_elements_order":"","neve_meta_disable_header":"","neve_meta_disable_footer":"","neve_meta_disable_title":"","footnotes":""},"class_list":["post-19462","page","type-page","status-publish","hentry"],"yoast_head":"<!-- This site is optimized with the Yoast SEO plugin v27.4 - https:\/\/yoast.com\/product\/yoast-seo-wordpress\/ -->\n<title>Sustainable Purchasing Policy<\/title>\n<meta name=\"robots\" content=\"index, follow, max-snippet:-1, max-image-preview:large, max-video-preview:-1\" \/>\n<link rel=\"canonical\" href=\"https:\/\/limakthermal.com\/en\/sustainable-purchasing-policy\/\" \/>\n<meta property=\"og:locale\" content=\"en_US\" \/>\n<meta property=\"og:type\" content=\"article\" \/>\n<meta property=\"og:title\" content=\"Sustainable Purchasing Policy\" \/>\n<meta property=\"og:description\" content=\"As Limak International Hotels &amp; Resorts, For purchasing all products and services including food, beverage, technical materials and consumables, we prioritize the suppliers that provide products or services having the following characteristics: Sufficient quality, Local\/regional, Reasonable price, High energy efficiency, Water saving, Approval\/certification (FSC, MSC, GMP, ISO 14001 etc.) by the relevant bodies Recycled content,&hellip;&nbsp;Read More &raquo;Sustainable Purchasing Policy\" \/>\n<meta property=\"og:url\" content=\"https:\/\/limakthermal.com\/en\/sustainable-purchasing-policy\/\" \/>\n<meta property=\"og:site_name\" content=\"Limak Yalova Thermal Boutique Hotel\" \/>\n<meta property=\"article:publisher\" content=\"https:\/\/facebook.com\/limaktermalotel\" \/>\n<meta property=\"article:modified_time\" content=\"2023-12-08T10:09:22+00:00\" \/>\n<meta name=\"twitter:card\" content=\"summary_large_image\" \/>\n<meta name=\"twitter:site\" content=\"@limakthermal\" \/>\n<meta name=\"twitter:label1\" content=\"Est. reading time\" \/>\n\t<meta name=\"twitter:data1\" content=\"1 minute\" \/>\n<script type=\"application\/ld+json\" class=\"yoast-schema-graph\">{\"@context\":\"https:\\\/\\\/schema.org\",\"@graph\":[{\"@type\":\"WebPage\",\"@id\":\"https:\\\/\\\/limakthermal.com\\\/en\\\/sustainable-purchasing-policy\\\/\",\"url\":\"https:\\\/\\\/limakthermal.com\\\/en\\\/sustainable-purchasing-policy\\\/\",\"name\":\"Sustainable Purchasing Policy\",\"isPartOf\":{\"@id\":\"https:\\\/\\\/limakthermal.com\\\/en\\\/#website\"},\"datePublished\":\"2023-12-08T10:09:12+00:00\",\"dateModified\":\"2023-12-08T10:09:22+00:00\",\"breadcrumb\":{\"@id\":\"https:\\\/\\\/limakthermal.com\\\/en\\\/sustainable-purchasing-policy\\\/#breadcrumb\"},\"inLanguage\":\"en-US\",\"potentialAction\":[{\"@type\":\"ReadAction\",\"target\":[\"https:\\\/\\\/limakthermal.com\\\/en\\\/sustainable-purchasing-policy\\\/\"]}]},{\"@type\":\"BreadcrumbList\",\"@id\":\"https:\\\/\\\/limakthermal.com\\\/en\\\/sustainable-purchasing-policy\\\/#breadcrumb\",\"itemListElement\":[{\"@type\":\"ListItem\",\"position\":1,\"name\":\"Homepage\",\"item\":\"https:\\\/\\\/limakthermal.com\\\/en\\\/\"},{\"@type\":\"ListItem\",\"position\":2,\"name\":\"Sustainable Purchasing Policy\"}]},{\"@type\":\"WebSite\",\"@id\":\"https:\\\/\\\/limakthermal.com\\\/en\\\/#website\",\"url\":\"https:\\\/\\\/limakthermal.com\\\/en\\\/\",\"name\":\"Limak Yalova Thermal Boutique Hotel\",\"description\":\"Warm Hospitality &amp; Excellent Service\",\"publisher\":{\"@id\":\"https:\\\/\\\/limakthermal.com\\\/en\\\/#organization\"},\"potentialAction\":[{\"@type\":\"SearchAction\",\"target\":{\"@type\":\"EntryPoint\",\"urlTemplate\":\"https:\\\/\\\/limakthermal.com\\\/en\\\/?s={search_term_string}\"},\"query-input\":{\"@type\":\"PropertyValueSpecification\",\"valueRequired\":true,\"valueName\":\"search_term_string\"}}],\"inLanguage\":\"en-US\"},{\"@type\":\"Organization\",\"@id\":\"https:\\\/\\\/limakthermal.com\\\/en\\\/#organization\",\"name\":\"Limak Thermal Boutique Hotel\",\"url\":\"https:\\\/\\\/limakthermal.com\\\/en\\\/\",\"logo\":{\"@type\":\"ImageObject\",\"inLanguage\":\"en-US\",\"@id\":\"https:\\\/\\\/limakthermal.com\\\/en\\\/#\\\/schema\\\/logo\\\/image\\\/\",\"url\":\"https:\\\/\\\/limakthermal.com\\\/wp-content\\\/uploads\\\/logolimakthermalyeni.png\",\"contentUrl\":\"https:\\\/\\\/limakthermal.com\\\/wp-content\\\/uploads\\\/logolimakthermalyeni.png\",\"width\":1795,\"height\":800,\"caption\":\"Limak Thermal Boutique Hotel\"},\"image\":{\"@id\":\"https:\\\/\\\/limakthermal.com\\\/en\\\/#\\\/schema\\\/logo\\\/image\\\/\"},\"sameAs\":[\"https:\\\/\\\/facebook.com\\\/limaktermalotel\",\"https:\\\/\\\/x.com\\\/limakthermal\",\"https:\\\/\\\/instagram.com\\\/limakthermal\",\"https:\\\/\\\/tr.linkedin.com\\\/company\\\/limak-thermal-boutique-hotel\",\"https:\\\/\\\/www.youtube.com\\\/user\\\/LimakHotels\"]}]}<\/script>\n<!-- \/ Yoast SEO plugin. -->","yoast_head_json":{"title":"Sustainable Purchasing Policy","robots":{"index":"index","follow":"follow","max-snippet":"max-snippet:-1","max-image-preview":"max-image-preview:large","max-video-preview":"max-video-preview:-1"},"canonical":"https:\/\/limakthermal.com\/en\/sustainable-purchasing-policy\/","og_locale":"en_US","og_type":"article","og_title":"Sustainable Purchasing Policy","og_description":"As Limak International Hotels &amp; Resorts, For purchasing all products and services including food, beverage, technical materials and consumables, we prioritize the suppliers that provide products or services having the following characteristics: Sufficient quality, Local\/regional, Reasonable price, High energy efficiency, Water saving, Approval\/certification (FSC, MSC, GMP, ISO 14001 etc.) by the relevant bodies Recycled content,&hellip;&nbsp;Read More &raquo;Sustainable Purchasing Policy","og_url":"https:\/\/limakthermal.com\/en\/sustainable-purchasing-policy\/","og_site_name":"Limak Yalova Thermal Boutique Hotel","article_publisher":"https:\/\/facebook.com\/limaktermalotel","article_modified_time":"2023-12-08T10:09:22+00:00","twitter_card":"summary_large_image","twitter_site":"@limakthermal","twitter_misc":{"Est. reading time":"1 minute"},"schema":{"@context":"https:\/\/schema.org","@graph":[{"@type":"WebPage","@id":"https:\/\/limakthermal.com\/en\/sustainable-purchasing-policy\/","url":"https:\/\/limakthermal.com\/en\/sustainable-purchasing-policy\/","name":"Sustainable Purchasing Policy","isPartOf":{"@id":"https:\/\/limakthermal.com\/en\/#website"},"datePublished":"2023-12-08T10:09:12+00:00","dateModified":"2023-12-08T10:09:22+00:00","breadcrumb":{"@id":"https:\/\/limakthermal.com\/en\/sustainable-purchasing-policy\/#breadcrumb"},"inLanguage":"en-US","potentialAction":[{"@type":"ReadAction","target":["https:\/\/limakthermal.com\/en\/sustainable-purchasing-policy\/"]}]},{"@type":"BreadcrumbList","@id":"https:\/\/limakthermal.com\/en\/sustainable-purchasing-policy\/#breadcrumb","itemListElement":[{"@type":"ListItem","position":1,"name":"Homepage","item":"https:\/\/limakthermal.com\/en\/"},{"@type":"ListItem","position":2,"name":"Sustainable Purchasing Policy"}]},{"@type":"WebSite","@id":"https:\/\/limakthermal.com\/en\/#website","url":"https:\/\/limakthermal.com\/en\/","name":"Limak Yalova Thermal Boutique Hotel","description":"Warm Hospitality &amp; Excellent Service","publisher":{"@id":"https:\/\/limakthermal.com\/en\/#organization"},"potentialAction":[{"@type":"SearchAction","target":{"@type":"EntryPoint","urlTemplate":"https:\/\/limakthermal.com\/en\/?s={search_term_string}"},"query-input":{"@type":"PropertyValueSpecification","valueRequired":true,"valueName":"search_term_string"}}],"inLanguage":"en-US"},{"@type":"Organization","@id":"https:\/\/limakthermal.com\/en\/#organization","name":"Limak Thermal Boutique Hotel","url":"https:\/\/limakthermal.com\/en\/","logo":{"@type":"ImageObject","inLanguage":"en-US","@id":"https:\/\/limakthermal.com\/en\/#\/schema\/logo\/image\/","url":"https:\/\/limakthermal.com\/wp-content\/uploads\/logolimakthermalyeni.png","contentUrl":"https:\/\/limakthermal.com\/wp-content\/uploads\/logolimakthermalyeni.png","width":1795,"height":800,"caption":"Limak Thermal Boutique Hotel"},"image":{"@id":"https:\/\/limakthermal.com\/en\/#\/schema\/logo\/image\/"},"sameAs":["https:\/\/facebook.com\/limaktermalotel","https:\/\/x.com\/limakthermal","https:\/\/instagram.com\/limakthermal","https:\/\/tr.linkedin.com\/company\/limak-thermal-boutique-hotel","https:\/\/www.youtube.com\/user\/LimakHotels"]}]}},"jetpack-related-posts":[{"id":20160,"url":"https:\/\/limakthermal.com\/en\/hotel-directory\/","url_meta":{"origin":19462,"position":0},"title":"Hotel Directory","author":"harunsahin","date":"14 July 2024","format":false,"excerpt":"General InformationThis guide has been prepared to assist you, our esteemed guests, regarding the services available at Limak Yalova Thermal Boutique Hotel. For more detailed information, please contact the Reception. Tel: 5500Pool Towels and BathrobesBrown pool towels; The spa center is provided at the entrance of the indoor thermal pool.\u2026","rel":"","context":"Similar post","block_context":{"text":"Similar post","link":""},"img":{"alt_text":"","src":"https:\/\/i0.wp.com\/limakthermal.com\/wp-content\/uploads\/IMG_9894-1024x683.webp?resize=350%2C200&ssl=1","width":350,"height":200,"srcset":"https:\/\/i0.wp.com\/limakthermal.com\/wp-content\/uploads\/IMG_9894-1024x683.webp?resize=350%2C200&ssl=1 1x, https:\/\/i0.wp.com\/limakthermal.com\/wp-content\/uploads\/IMG_9894-1024x683.webp?resize=525%2C300&ssl=1 1.5x, https:\/\/i0.wp.com\/limakthermal.com\/wp-content\/uploads\/IMG_9894-1024x683.webp?resize=700%2C400&ssl=1 2x"},"classes":[]},{"id":14010,"url":"https:\/\/limakthermal.com\/en\/sustainability\/","url_meta":{"origin":19462,"position":1},"title":"Sustainability","author":"harunsahin","date":"19 October 2022","format":false,"excerpt":"Sustainability INTRODUCTION In order to protect the environment and ensure the necessity of sustainable tourism, we evaluate our impacts on the environment and control our negative impacts, potential hazards and wastes. We strive to minimize the use of natural resources, carbon footprint, energy consumption, air, water and soil pollution.We try\u2026","rel":"","context":"Similar post","block_context":{"text":"Similar post","link":""},"img":{"alt_text":"Limak Thermal Boutique Hotel Sustainable Tourism GSTC","src":"https:\/\/i0.wp.com\/limakthermal.com\/wp-content\/uploads\/Sustainable-tourism-Sertifikali-EN-300x300.png?resize=350%2C200&ssl=1","width":350,"height":200},"classes":[]},{"id":19912,"url":"https:\/\/limakthermal.com\/en\/protection-personal-data\/","url_meta":{"origin":19462,"position":2},"title":"Ki\u015fisel Verilerin Korunmas\u0131","author":"harunsahin","date":"14 June 2021","format":false,"excerpt":"L\u0130MAK THERMAL BOUT\u0130QUE HOTEL Privacy PolicyL\u0130MAK THERMAL BOUTIQUE HOTELPRIVACY STATEMENTData Controller: Limak \u0130n\u015faat Sanayi ve\u00a0Ticaret A.\u015e (Limak Thermal Boutique Hotel)G\u00f6k\u00e7edere Mah. S\u0131cak Su Cad. No:1-3 Termal \/ YalovaWe, as Limak \u0130n\u015faat San. ve Tic. A.\u015e. (\u201cLimak Thermal Boutique Hotel\u2019\u2019), prepared this privacy statement to inform our visitors, our guests, our\u2026","rel":"","context":"Similar post","block_context":{"text":"Similar post","link":""},"img":{"alt_text":"","src":"","width":0,"height":0},"classes":[]},{"id":11903,"url":"https:\/\/limakthermal.com\/en\/privacy-policy\/","url_meta":{"origin":19462,"position":3},"title":"Confidentiality Agreement","author":"harunsahin","date":"20 November 2021","format":false,"excerpt":"LI\u0307MAK THERMAL BOUTIQUE HOTELCONFIDENTIALITY STATEMENTData Controller: Limak Thermal Boutique HotelG\u00f6k\u00e7edere Mah. S\u0131cak Su Cad. No:1-3 Termal - YalovaLimak \u0130n\u015faat Sanayii Ticaret A.\u015e. (\"Limak Thermal Boutique Hotel) has prepared this privacy statement in order to inform our visitors, guests, employees, applicants and business contacts about the processing, storage and transfer of\u2026","rel":"","context":"Similar post","block_context":{"text":"Similar post","link":""},"img":{"alt_text":"","src":"","width":0,"height":0},"classes":[]},{"id":5809,"url":"https:\/\/limakthermal.com\/en\/hygienic-pandemic-manifestation\/","url_meta":{"origin":19462,"position":4},"title":"Hygienic &#038; Pandemic Manifestation","author":"harunsahin","date":"20 July 2021","format":false,"excerpt":"WITH ASSURANCE OF WARM HOSPITALITY AND EXCELLENT SERVICE Dear guests of ours,The well-being of society, our employees and guests are of great importance for us Limak\u00a0International Hotels & Resorts.\u00a0Hygienic and sanitary measures that we\u2019ve increased with our employees while getting\u00a0through the COVID-19 Pandemic, are aimed at presenting you a vacation\u2026","rel":"","context":"Similar post","block_context":{"text":"Similar post","link":""},"img":{"alt_text":"","src":"https:\/\/i0.wp.com\/limakthermal.com\/wp-content\/uploads\/2021\/06\/Suit3-1536x981.jpg?resize=350%2C200&ssl=1","width":350,"height":200,"srcset":"https:\/\/i0.wp.com\/limakthermal.com\/wp-content\/uploads\/2021\/06\/Suit3-1536x981.jpg?resize=350%2C200&ssl=1 1x, https:\/\/i0.wp.com\/limakthermal.com\/wp-content\/uploads\/2021\/06\/Suit3-1536x981.jpg?resize=525%2C300&ssl=1 1.5x, https:\/\/i0.wp.com\/limakthermal.com\/wp-content\/uploads\/2021\/06\/Suit3-1536x981.jpg?resize=700%2C400&ssl=1 2x, https:\/\/i0.wp.com\/limakthermal.com\/wp-content\/uploads\/2021\/06\/Suit3-1536x981.jpg?resize=1050%2C600&ssl=1 3x"},"classes":[]},{"id":5740,"url":"https:\/\/limakthermal.com\/en\/frequently-asked-questions\/","url_meta":{"origin":19462,"position":5},"title":"Frequently asked Questions","author":"harunsahin","date":"19 June 2021","format":false,"excerpt":"How many stars does your hotel have? Our hotel is a boutique hotel and is certified as a\u201dspecial certified facility hotel\u201d. Which concepts do you serve? We serve as Half Board and Bed and Breakfast concepts. Where your hotel is exactly and how far is it to Yalova city center?\u2026","rel":"","context":"Similar post","block_context":{"text":"Similar post","link":""},"img":{"alt_text":"","src":"","width":0,"height":0},"classes":[]}],"_links":{"self":[{"href":"https:\/\/limakthermal.com\/en\/wp-json\/wp\/v2\/pages\/19462","targetHints":{"allow":["GET"]}}],"collection":[{"href":"https:\/\/limakthermal.com\/en\/wp-json\/wp\/v2\/pages"}],"about":[{"href":"https:\/\/limakthermal.com\/en\/wp-json\/wp\/v2\/types\/page"}],"author":[{"embeddable":true,"href":"https:\/\/limakthermal.com\/en\/wp-json\/wp\/v2\/users\/1"}],"replies":[{"embeddable":true,"href":"https:\/\/limakthermal.com\/en\/wp-json\/wp\/v2\/comments?post=19462"}],"version-history":[{"count":0,"href":"https:\/\/limakthermal.com\/en\/wp-json\/wp\/v2\/pages\/19462\/revisions"}],"wp:attachment":[{"href":"https:\/\/limakthermal.com\/en\/wp-json\/wp\/v2\/media?parent=19462"}],"curies":[{"name":"wp","href":"https:\/\/api.w.org\/{rel}","templated":true}]}}