{"id":21202,"date":"2025-10-26T11:15:20","date_gmt":"2025-10-26T11:15:20","guid":{"rendered":"https:\/\/limakthermal.com\/?page_id=21202"},"modified":"2025-10-26T11:22:52","modified_gmt":"2025-10-26T11:22:52","slug":"downloadable-media","status":"publish","type":"page","link":"https:\/\/limakthermal.com\/en\/downloadable-media\/","title":{"rendered":"Media"},"content":{"rendered":"\t\t<div data-elementor-type=\"wp-page\" data-elementor-id=\"21202\" class=\"elementor elementor-21202 elementor-16999\" data-elementor-post-type=\"page\">\n\t\t\t\t\t\t<section class=\"elementor-section elementor-top-section elementor-element elementor-element-083eb91 elementor-section-height-min-height elementor-section-boxed elementor-section-height-default elementor-section-items-middle\" data-id=\"083eb91\" data-element_type=\"section\" data-e-type=\"section\" data-settings=\"{&quot;background_background&quot;:&quot;classic&quot;}\">\n\t\t\t\t\t\t<div class=\"elementor-container elementor-column-gap-default\">\n\t\t\t\t\t<div class=\"elementor-column elementor-col-100 elementor-top-column elementor-element elementor-element-74ab87d\" data-id=\"74ab87d\" data-element_type=\"column\" data-e-type=\"column\">\n\t\t\t<div class=\"elementor-widget-wrap elementor-element-populated\">\n\t\t\t\t\t\t<div class=\"elementor-element elementor-element-d0b5515 elementor-widget elementor-widget-spacer\" data-id=\"d0b5515\" data-element_type=\"widget\" data-e-type=\"widget\" data-widget_type=\"spacer.default\">\n\t\t\t\t<div class=\"elementor-widget-container\">\n\t\t\t\t\t\t\t<div class=\"elementor-spacer\">\n\t\t\t<div class=\"elementor-spacer-inner\"><\/div>\n\t\t<\/div>\n\t\t\t\t\t\t<\/div>\n\t\t\t\t<\/div>\n\t\t\t\t\t<\/div>\n\t\t<\/div>\n\t\t\t\t\t<\/div>\n\t\t<\/section>\n\t\t\t\t<section class=\"elementor-section elementor-top-section elementor-element elementor-element-6bae059 elementor-section-boxed elementor-section-height-default elementor-section-height-default\" data-id=\"6bae059\" data-element_type=\"section\" data-e-type=\"section\">\n\t\t\t\t\t\t<div class=\"elementor-container elementor-column-gap-default\">\n\t\t\t\t\t<div class=\"elementor-column elementor-col-100 elementor-top-column elementor-element elementor-element-342f4d1\" data-id=\"342f4d1\" data-element_type=\"column\" data-e-type=\"column\">\n\t\t\t<div class=\"elementor-widget-wrap elementor-element-populated\">\n\t\t\t\t\t\t<div class=\"elementor-element elementor-element-3a07eae elementor-widget elementor-widget-spacer\" data-id=\"3a07eae\" data-element_type=\"widget\" data-e-type=\"widget\" data-widget_type=\"spacer.default\">\n\t\t\t\t<div class=\"elementor-widget-container\">\n\t\t\t\t\t\t\t<div class=\"elementor-spacer\">\n\t\t\t<div class=\"elementor-spacer-inner\"><\/div>\n\t\t<\/div>\n\t\t\t\t\t\t<\/div>\n\t\t\t\t<\/div>\n\t\t\t\t\t<\/div>\n\t\t<\/div>\n\t\t\t\t\t<\/div>\n\t\t<\/section>\n\t\t\t\t<section class=\"elementor-section elementor-top-section elementor-element elementor-element-3294743 elementor-section-boxed elementor-section-height-default elementor-section-height-default\" data-id=\"3294743\" data-element_type=\"section\" data-e-type=\"section\">\n\t\t\t\t\t\t<div class=\"elementor-container elementor-column-gap-default\">\n\t\t\t\t\t<div class=\"elementor-column elementor-col-100 elementor-top-column elementor-element elementor-element-f11709f\" data-id=\"f11709f\" data-element_type=\"column\" data-e-type=\"column\">\n\t\t\t<div class=\"elementor-widget-wrap elementor-element-populated\">\n\t\t\t\t\t\t<div class=\"elementor-element elementor-element-508db59 elementor-widget elementor-widget-heading\" data-id=\"508db59\" data-element_type=\"widget\" data-e-type=\"widget\" data-widget_type=\"heading.default\">\n\t\t\t\t<div class=\"elementor-widget-container\">\n\t\t\t\t\t<h2 class=\"elementor-heading-title elementor-size-default\">Limak Thermal \u0130ndirilebilir Medya Linkleri<\/h2>\t\t\t\t<\/div>\n\t\t\t\t<\/div>\n\t\t\t\t<div class=\"elementor-element elementor-element-83ac71f elementor-icon-list--layout-inline elementor-align-center elementor-list-item-link-full_width elementor-widget elementor-widget-icon-list\" data-id=\"83ac71f\" data-element_type=\"widget\" data-e-type=\"widget\" data-widget_type=\"icon-list.default\">\n\t\t\t\t<div class=\"elementor-widget-container\">\n\t\t\t\t\t\t\t<ul class=\"elementor-icon-list-items elementor-inline-items\">\n\t\t\t\t\t\t\t<li class=\"elementor-icon-list-item elementor-inline-item\">\n\t\t\t\t\t\t\t\t\t\t\t<a href=\"https:\/\/limakthermal.com\/wp-content\/uploads\/Fact-Sheet-Limak-Thermal-Boutique-Hotel-Tr.pdf\" target=\"_blank\">\n\n\t\t\t\t\t\t\t\t\t\t\t\t<span class=\"elementor-icon-list-icon\">\n\t\t\t\t\t\t\t<i aria-hidden=\"true\" class=\"fas fa-cloud-download-alt\"><\/i>\t\t\t\t\t\t<\/span>\n\t\t\t\t\t\t\t\t\t\t<span class=\"elementor-icon-list-text\">Fact Sheet<\/span>\n\t\t\t\t\t\t\t\t\t\t\t<\/a>\n\t\t\t\t\t\t\t\t\t<\/li>\n\t\t\t\t\t\t\t\t<li class=\"elementor-icon-list-item elementor-inline-item\">\n\t\t\t\t\t\t\t\t\t\t\t<a href=\"https:\/\/drive.google.com\/file\/d\/1KSGTzabbhch0DWhUdLt97hDr9CPQc7wk\/view?usp=sharing\" target=\"_blank\">\n\n\t\t\t\t\t\t\t\t\t\t\t\t<span class=\"elementor-icon-list-icon\">\n\t\t\t\t\t\t\t<i aria-hidden=\"true\" class=\"fas fa-cloud-download-alt\"><\/i>\t\t\t\t\t\t<\/span>\n\t\t\t\t\t\t\t\t\t\t<span class=\"elementor-icon-list-text\">Dijital Bro\u015f\u00fcr<\/span>\n\t\t\t\t\t\t\t\t\t\t\t<\/a>\n\t\t\t\t\t\t\t\t\t<\/li>\n\t\t\t\t\t\t\t\t<li class=\"elementor-icon-list-item elementor-inline-item\">\n\t\t\t\t\t\t\t\t\t\t\t<a href=\"https:\/\/drive.google.com\/file\/d\/1PeMQFpRjcKWOO81JGcuCcLPnrmvkiBgF\/view?usp=drive_link\" target=\"_blank\">\n\n\t\t\t\t\t\t\t\t\t\t\t\t<span class=\"elementor-icon-list-icon\">\n\t\t\t\t\t\t\t<i aria-hidden=\"true\" class=\"fas fa-cloud-download-alt\"><\/i>\t\t\t\t\t\t<\/span>\n\t\t\t\t\t\t\t\t\t\t<span class=\"elementor-icon-list-text\">G\u00f6rseller Y\u00fcksek \u00c7\u00f6z\u00fcn\u00fcrl\u00fck<\/span>\n\t\t\t\t\t\t\t\t\t\t\t<\/a>\n\t\t\t\t\t\t\t\t\t<\/li>\n\t\t\t\t\t\t\t\t<li class=\"elementor-icon-list-item elementor-inline-item\">\n\t\t\t\t\t\t\t\t\t\t\t<a href=\"https:\/\/limakthermal.com\/wp-content\/uploads\/logolimakthermalyeni.png\" target=\"_blank\">\n\n\t\t\t\t\t\t\t\t\t\t\t\t<span class=\"elementor-icon-list-icon\">\n\t\t\t\t\t\t\t<i aria-hidden=\"true\" class=\"fas fa-cloud-download-alt\"><\/i>\t\t\t\t\t\t<\/span>\n\t\t\t\t\t\t\t\t\t\t<span class=\"elementor-icon-list-text\">Logo<\/span>\n\t\t\t\t\t\t\t\t\t\t\t<\/a>\n\t\t\t\t\t\t\t\t\t<\/li>\n\t\t\t\t\t\t\t\t<li class=\"elementor-icon-list-item elementor-inline-item\">\n\t\t\t\t\t\t\t\t\t\t\t<a href=\"https:\/\/drive.google.com\/file\/d\/1LiuamCZ_9rkJgMyaiOsxrxtgsayXTHoY\/view?usp=sharing\" target=\"_blank\">\n\n\t\t\t\t\t\t\t\t\t\t\t\t<span class=\"elementor-icon-list-icon\">\n\t\t\t\t\t\t\t<i aria-hidden=\"true\" class=\"fas fa-cloud-download-alt\"><\/i>\t\t\t\t\t\t<\/span>\n\t\t\t\t\t\t\t\t\t\t<span class=\"elementor-icon-list-text\">Termal Suyun Faydalar\u0131<\/span>\n\t\t\t\t\t\t\t\t\t\t\t<\/a>\n\t\t\t\t\t\t\t\t\t<\/li>\n\t\t\t\t\t\t\t\t<li class=\"elementor-icon-list-item elementor-inline-item\">\n\t\t\t\t\t\t\t\t\t\t\t<a href=\"https:\/\/drive.google.com\/file\/d\/1-EzL_ovZ-VWwdW_Wfa8Gn9AeNsnXKWUU\/view?usp=sharing\" target=\"_blank\">\n\n\t\t\t\t\t\t\t\t\t\t\t\t<span class=\"elementor-icon-list-icon\">\n\t\t\t\t\t\t\t<i aria-hidden=\"true\" class=\"fas fa-cloud-download-alt\"><\/i>\t\t\t\t\t\t<\/span>\n\t\t\t\t\t\t\t\t\t\t<span class=\"elementor-icon-list-text\">Limak Yalova Hikayesi Video<\/span>\n\t\t\t\t\t\t\t\t\t\t\t<\/a>\n\t\t\t\t\t\t\t\t\t<\/li>\n\t\t\t\t\t\t\t\t<li class=\"elementor-icon-list-item elementor-inline-item\">\n\t\t\t\t\t\t\t\t\t\t\t<a href=\"https:\/\/drive.google.com\/open?id=147Ypznq7lMOZf2zmDfFPfdIQ7G2S-w0U&#038;usp=drive_fs\">\n\n\t\t\t\t\t\t\t\t\t\t\t\t<span class=\"elementor-icon-list-icon\">\n\t\t\t\t\t\t\t<i aria-hidden=\"true\" class=\"fas fa-check\"><\/i>\t\t\t\t\t\t<\/span>\n\t\t\t\t\t\t\t\t\t\t<span class=\"elementor-icon-list-text\">Limak Yalova Videolar<\/span>\n\t\t\t\t\t\t\t\t\t\t\t<\/a>\n\t\t\t\t\t\t\t\t\t<\/li>\n\t\t\t\t\t\t<\/ul>\n\t\t\t\t\t\t<\/div>\n\t\t\t\t<\/div>\n\t\t\t\t\t<\/div>\n\t\t<\/div>\n\t\t\t\t\t<\/div>\n\t\t<\/section>\n\t\t\t\t<section class=\"elementor-section elementor-top-section elementor-element elementor-element-61a0366 elementor-section-boxed elementor-section-height-default elementor-section-height-default\" data-id=\"61a0366\" data-element_type=\"section\" data-e-type=\"section\">\n\t\t\t\t\t\t<div class=\"elementor-container elementor-column-gap-default\">\n\t\t\t\t\t<div class=\"elementor-column elementor-col-100 elementor-top-column elementor-element elementor-element-9f7a0cb\" data-id=\"9f7a0cb\" data-element_type=\"column\" data-e-type=\"column\">\n\t\t\t<div class=\"elementor-widget-wrap elementor-element-populated\">\n\t\t\t\t\t\t<div class=\"elementor-element elementor-element-2a8abdf elementor-widget elementor-widget-spacer\" data-id=\"2a8abdf\" data-element_type=\"widget\" data-e-type=\"widget\" data-widget_type=\"spacer.default\">\n\t\t\t\t<div class=\"elementor-widget-container\">\n\t\t\t\t\t\t\t<div class=\"elementor-spacer\">\n\t\t\t<div class=\"elementor-spacer-inner\"><\/div>\n\t\t<\/div>\n\t\t\t\t\t\t<\/div>\n\t\t\t\t<\/div>\n\t\t\t\t\t<\/div>\n\t\t<\/div>\n\t\t\t\t\t<\/div>\n\t\t<\/section>\n\t\t\t\t<\/div>\n\t\t","protected":false},"excerpt":{"rendered":"<p>Limak Thermal \u0130ndirilebilir Medya Linkleri Fact Sheet Dijital Bro\u015f\u00fcr G\u00f6rseller Y\u00fcksek \u00c7\u00f6z\u00fcn\u00fcrl\u00fck Logo Termal Suyun Faydalar\u0131 Limak Yalova Hikayesi Video Limak Yalova Videolar<\/p>\n","protected":false},"author":1,"featured_media":0,"parent":0,"menu_order":0,"comment_status":"closed","ping_status":"closed","template":"page-templates\/template-pagebuilder-full-width.php","meta":{"neve_meta_sidebar":"","neve_meta_container":"","neve_meta_enable_content_width":"off","neve_meta_content_width":100,"neve_meta_title_alignment":"","neve_meta_author_avatar":"","neve_post_elements_order":"","neve_meta_disable_header":"","neve_meta_disable_footer":"","neve_meta_disable_title":"","footnotes":""},"class_list":["post-21202","page","type-page","status-publish","hentry"],"yoast_head":"<!-- This site is optimized with the Yoast SEO plugin v27.4 - https:\/\/yoast.com\/product\/yoast-seo-wordpress\/ -->\n<title>Media<\/title>\n<meta name=\"robots\" content=\"index, follow, max-snippet:-1, max-image-preview:large, max-video-preview:-1\" \/>\n<link rel=\"canonical\" href=\"https:\/\/limakthermal.com\/en\/downloadable-media\/\" \/>\n<meta property=\"og:locale\" content=\"en_US\" \/>\n<meta property=\"og:type\" content=\"article\" \/>\n<meta property=\"og:title\" content=\"Media\" \/>\n<meta property=\"og:description\" content=\"Limak Thermal \u0130ndirilebilir Medya Linkleri Fact Sheet Dijital Bro\u015f\u00fcr G\u00f6rseller Y\u00fcksek \u00c7\u00f6z\u00fcn\u00fcrl\u00fck Logo Termal Suyun Faydalar\u0131 Limak Yalova Hikayesi Video Limak Yalova Videolar\" \/>\n<meta property=\"og:url\" content=\"https:\/\/limakthermal.com\/en\/downloadable-media\/\" \/>\n<meta property=\"og:site_name\" content=\"Limak Yalova Thermal Boutique Hotel\" \/>\n<meta property=\"article:publisher\" content=\"https:\/\/facebook.com\/limaktermalotel\" \/>\n<meta property=\"article:modified_time\" content=\"2025-10-26T11:22:52+00:00\" \/>\n<meta name=\"twitter:card\" content=\"summary_large_image\" \/>\n<meta name=\"twitter:site\" content=\"@limakthermal\" \/>\n<meta name=\"twitter:label1\" content=\"Est. reading time\" \/>\n\t<meta name=\"twitter:data1\" content=\"1 minute\" \/>\n<script type=\"application\/ld+json\" class=\"yoast-schema-graph\">{\"@context\":\"https:\\\/\\\/schema.org\",\"@graph\":[{\"@type\":\"WebPage\",\"@id\":\"https:\\\/\\\/limakthermal.com\\\/en\\\/downloadable-media\\\/\",\"url\":\"https:\\\/\\\/limakthermal.com\\\/en\\\/downloadable-media\\\/\",\"name\":\"Media\",\"isPartOf\":{\"@id\":\"https:\\\/\\\/limakthermal.com\\\/en\\\/#website\"},\"datePublished\":\"2025-10-26T11:15:20+00:00\",\"dateModified\":\"2025-10-26T11:22:52+00:00\",\"breadcrumb\":{\"@id\":\"https:\\\/\\\/limakthermal.com\\\/en\\\/downloadable-media\\\/#breadcrumb\"},\"inLanguage\":\"en-US\",\"potentialAction\":[{\"@type\":\"ReadAction\",\"target\":[\"https:\\\/\\\/limakthermal.com\\\/en\\\/downloadable-media\\\/\"]}]},{\"@type\":\"BreadcrumbList\",\"@id\":\"https:\\\/\\\/limakthermal.com\\\/en\\\/downloadable-media\\\/#breadcrumb\",\"itemListElement\":[{\"@type\":\"ListItem\",\"position\":1,\"name\":\"Homepage\",\"item\":\"https:\\\/\\\/limakthermal.com\\\/en\\\/\"},{\"@type\":\"ListItem\",\"position\":2,\"name\":\"Media\"}]},{\"@type\":\"WebSite\",\"@id\":\"https:\\\/\\\/limakthermal.com\\\/en\\\/#website\",\"url\":\"https:\\\/\\\/limakthermal.com\\\/en\\\/\",\"name\":\"Limak Yalova Thermal Boutique Hotel\",\"description\":\"Warm Hospitality &amp; Excellent Service\",\"publisher\":{\"@id\":\"https:\\\/\\\/limakthermal.com\\\/en\\\/#organization\"},\"potentialAction\":[{\"@type\":\"SearchAction\",\"target\":{\"@type\":\"EntryPoint\",\"urlTemplate\":\"https:\\\/\\\/limakthermal.com\\\/en\\\/?s={search_term_string}\"},\"query-input\":{\"@type\":\"PropertyValueSpecification\",\"valueRequired\":true,\"valueName\":\"search_term_string\"}}],\"inLanguage\":\"en-US\"},{\"@type\":\"Organization\",\"@id\":\"https:\\\/\\\/limakthermal.com\\\/en\\\/#organization\",\"name\":\"Limak Thermal Boutique Hotel\",\"url\":\"https:\\\/\\\/limakthermal.com\\\/en\\\/\",\"logo\":{\"@type\":\"ImageObject\",\"inLanguage\":\"en-US\",\"@id\":\"https:\\\/\\\/limakthermal.com\\\/en\\\/#\\\/schema\\\/logo\\\/image\\\/\",\"url\":\"https:\\\/\\\/limakthermal.com\\\/wp-content\\\/uploads\\\/logolimakthermalyeni.png\",\"contentUrl\":\"https:\\\/\\\/limakthermal.com\\\/wp-content\\\/uploads\\\/logolimakthermalyeni.png\",\"width\":1795,\"height\":800,\"caption\":\"Limak Thermal Boutique Hotel\"},\"image\":{\"@id\":\"https:\\\/\\\/limakthermal.com\\\/en\\\/#\\\/schema\\\/logo\\\/image\\\/\"},\"sameAs\":[\"https:\\\/\\\/facebook.com\\\/limaktermalotel\",\"https:\\\/\\\/x.com\\\/limakthermal\",\"https:\\\/\\\/instagram.com\\\/limakthermal\",\"https:\\\/\\\/tr.linkedin.com\\\/company\\\/limak-thermal-boutique-hotel\",\"https:\\\/\\\/www.youtube.com\\\/user\\\/LimakHotels\"]}]}<\/script>\n<!-- \/ Yoast SEO plugin. -->","yoast_head_json":{"title":"Media","robots":{"index":"index","follow":"follow","max-snippet":"max-snippet:-1","max-image-preview":"max-image-preview:large","max-video-preview":"max-video-preview:-1"},"canonical":"https:\/\/limakthermal.com\/en\/downloadable-media\/","og_locale":"en_US","og_type":"article","og_title":"Media","og_description":"Limak Thermal \u0130ndirilebilir Medya Linkleri Fact Sheet Dijital Bro\u015f\u00fcr G\u00f6rseller Y\u00fcksek \u00c7\u00f6z\u00fcn\u00fcrl\u00fck Logo Termal Suyun Faydalar\u0131 Limak Yalova Hikayesi Video Limak Yalova Videolar","og_url":"https:\/\/limakthermal.com\/en\/downloadable-media\/","og_site_name":"Limak Yalova Thermal Boutique Hotel","article_publisher":"https:\/\/facebook.com\/limaktermalotel","article_modified_time":"2025-10-26T11:22:52+00:00","twitter_card":"summary_large_image","twitter_site":"@limakthermal","twitter_misc":{"Est. reading time":"1 minute"},"schema":{"@context":"https:\/\/schema.org","@graph":[{"@type":"WebPage","@id":"https:\/\/limakthermal.com\/en\/downloadable-media\/","url":"https:\/\/limakthermal.com\/en\/downloadable-media\/","name":"Media","isPartOf":{"@id":"https:\/\/limakthermal.com\/en\/#website"},"datePublished":"2025-10-26T11:15:20+00:00","dateModified":"2025-10-26T11:22:52+00:00","breadcrumb":{"@id":"https:\/\/limakthermal.com\/en\/downloadable-media\/#breadcrumb"},"inLanguage":"en-US","potentialAction":[{"@type":"ReadAction","target":["https:\/\/limakthermal.com\/en\/downloadable-media\/"]}]},{"@type":"BreadcrumbList","@id":"https:\/\/limakthermal.com\/en\/downloadable-media\/#breadcrumb","itemListElement":[{"@type":"ListItem","position":1,"name":"Homepage","item":"https:\/\/limakthermal.com\/en\/"},{"@type":"ListItem","position":2,"name":"Media"}]},{"@type":"WebSite","@id":"https:\/\/limakthermal.com\/en\/#website","url":"https:\/\/limakthermal.com\/en\/","name":"Limak Yalova Thermal Boutique Hotel","description":"Warm Hospitality &amp; Excellent Service","publisher":{"@id":"https:\/\/limakthermal.com\/en\/#organization"},"potentialAction":[{"@type":"SearchAction","target":{"@type":"EntryPoint","urlTemplate":"https:\/\/limakthermal.com\/en\/?s={search_term_string}"},"query-input":{"@type":"PropertyValueSpecification","valueRequired":true,"valueName":"search_term_string"}}],"inLanguage":"en-US"},{"@type":"Organization","@id":"https:\/\/limakthermal.com\/en\/#organization","name":"Limak Thermal Boutique Hotel","url":"https:\/\/limakthermal.com\/en\/","logo":{"@type":"ImageObject","inLanguage":"en-US","@id":"https:\/\/limakthermal.com\/en\/#\/schema\/logo\/image\/","url":"https:\/\/limakthermal.com\/wp-content\/uploads\/logolimakthermalyeni.png","contentUrl":"https:\/\/limakthermal.com\/wp-content\/uploads\/logolimakthermalyeni.png","width":1795,"height":800,"caption":"Limak Thermal Boutique Hotel"},"image":{"@id":"https:\/\/limakthermal.com\/en\/#\/schema\/logo\/image\/"},"sameAs":["https:\/\/facebook.com\/limaktermalotel","https:\/\/x.com\/limakthermal","https:\/\/instagram.com\/limakthermal","https:\/\/tr.linkedin.com\/company\/limak-thermal-boutique-hotel","https:\/\/www.youtube.com\/user\/LimakHotels"]}]}},"jetpack-related-posts":[{"id":10635,"url":"https:\/\/limakthermal.com\/de\/galerie\/","url_meta":{"origin":21202,"position":0},"title":"Galerie","author":"harunsahin","date":"25 July 2021","format":false,"excerpt":"Herzliche Gastfreundschaft und Exzellenter Service Mit heilenden Thermalb\u00e4dern, Thermal-Hallenbad mit Naturblick werden Sie nicht genug Spa-Vergn\u00fcgen bekommen... Limak Thermal Boutique Hotel Fotogalerie Onlinereservierung Allgemein Zimmer Spa Thermalb\u00e4der Restaurant Tagungsr\u00e4ume Lobby K\u00fc\u00e7\u00fck Otel Yalova Genel G\u00f6r\u00fcn\u00fcm Cihann\u00fcma Standart Oda Cihann\u00fcma Standart Oda Cihann\u00fcma Suit Standart Oda Termal Su Banyo Banyo Banyo\u2026","rel":"","context":"Similar post","block_context":{"text":"Similar post","link":""},"img":{"alt_text":"","src":"","width":0,"height":0},"classes":[]},{"id":5329,"url":"https:\/\/limakthermal.com\/en\/galery\/","url_meta":{"origin":21202,"position":1},"title":"Gallery","author":"harunsahin","date":"25 July 2021","format":false,"excerpt":"Warm Hospitality & Excellent Service With Healing Thermal Pools, Indoor Thermal Pool with Nature View, You Won't Get Enough Spa Pleasure... Limak Thermal Boutique Hotel Photo Gallery Online Reservation General Rooms Spa Thermal Pools Restaurant Meeting Rooms Lobby K\u00fc\u00e7\u00fck Otel Yalova Genel G\u00f6r\u00fcn\u00fcm Cihann\u00fcma Standart Oda Cihann\u00fcma Standart Oda Cihann\u00fcma\u2026","rel":"","context":"Similar post","block_context":{"text":"Similar post","link":""},"img":{"alt_text":"","src":"","width":0,"height":0},"classes":[]},{"id":14491,"url":"https:\/\/limakthermal.com\/ru\/%d0%b3%d0%b0%d0%bb%d0%b5%d1%80%d0%b5%d1%8f\/","url_meta":{"origin":21202,"position":2},"title":"\u0413\u0430\u043b\u0435\u0440\u0435\u044f","author":"harunsahin","date":"6 November 2022","format":false,"excerpt":"\u0422\u0435\u043f\u043b\u043e\u0435 \u0433\u043e\u0441\u0442\u0435\u043f\u0440\u0438\u0438\u043c\u0441\u0442\u0432\u043e \u0438 \u043e\u0442\u043b\u0438\u0447\u043d\u044b\u0439 \u0441\u0435\u0440\u0432\u0438\u0441 \u041b\u0435\u0447\u0435\u0431\u043d\u044b\u0435 \u0442\u0435\u0440\u043c\u0430\u043b\u044c\u043d\u044b\u0435 \u0431\u0430\u0441\u0441\u0435\u0439\u043d\u044b, \u041a\u0440\u044b\u0442\u044b\u0439 \u0442\u0435\u0440\u043c\u0430\u043b\u044c\u043d\u044b\u0439 \u0431\u0430\u0441\u0441\u0435\u0439\u043d \u0441 \u0432\u0438\u0434\u043e\u043c \u043d\u0430 \u043f\u0440\u0438\u0440\u043e\u0434\u0443, ... \u0424\u043e\u0442\u043e\u0433\u0430\u043b\u0435\u0440\u0435\u044f \u0431\u0443\u0442\u0438\u043a-\u043e\u0442\u0435\u043b\u044f Limak Thermal \u041e\u043d\u043b\u0430\u0439\u043d-\u0431\u0440\u043e\u043d\u0438\u0440\u043e\u0432\u0430\u043d\u0438\u0435 \u041e\u0431\u0449\u0438\u0439 \u041d\u043e\u043c\u0435\u0440\u0430 \u0421\u043f\u0430 \u0422\u0435\u0440\u043c\u0430\u043b\u044c\u043d\u044b\u0435 \u0431\u0430\u0441\u0441\u0435\u0439\u043d\u044b \u0420\u0435\u0441\u0442\u043e\u0440\u0430\u043d \u041a\u043e\u043d\u0444\u0435\u0440\u0435\u043d\u0446-\u0437\u0430\u043b\u044b Lobby K\u00fc\u00e7\u00fck Otel Yalova Genel G\u00f6r\u00fcn\u00fcm Cihann\u00fcma Standart Oda Cihann\u00fcma Standart Oda Cihann\u00fcma Suit Standart Oda Termal Su Banyo Banyo Banyo K\u00fc\u00e7\u00fck\u2026","rel":"","context":"Similar post","block_context":{"text":"Similar post","link":""},"img":{"alt_text":"","src":"","width":0,"height":0},"classes":[]},{"id":4704,"url":"https:\/\/limakthermal.com\/galeri\/","url_meta":{"origin":21202,"position":3},"title":"Galeri","author":"harunsahin","date":"25 July 2021","format":false,"excerpt":"S\u0131cak Misafirperverlik & M\u00fckemmel Hizmet \u015eifal\u0131 Termal Havuzlar\u0131, Do\u011fa Manzaral\u0131 Kapal\u0131 Termal Havuzu ile, Spa Keyfine Doyamayacaks\u0131n\u0131z... Limak Thermal Boutique Hotel Foto Galeri Online Rezervasyon Genel Odalar Spa Termal Havuzlar Restaurant Toplant\u0131 Salonlar\u0131 Video Galeri 7 Videos Limak Thermal Tan\u0131t\u0131m Filmi K\u00f6\u015fk Brasserie 0:16 Limak Thermal Boutique Hotel - Termal,\u2026","rel":"","context":"Similar post","block_context":{"text":"Similar post","link":""},"img":{"alt_text":"","src":"https:\/\/i0.wp.com\/img.youtube.com\/vi\/v0axwWc7DQw\/0.jpg?resize=350%2C200","width":350,"height":200},"classes":[]},{"id":16999,"url":"https:\/\/limakthermal.com\/medya\/","url_meta":{"origin":21202,"position":4},"title":"Medya","author":"harunsahin","date":"4 November 2023","format":false,"excerpt":"Limak Thermal \u0130ndirilebilir Medya Linkleri Fact Sheet Dijital Bro\u015f\u00fcr G\u00f6rseller Y\u00fcksek \u00c7\u00f6z\u00fcn\u00fcrl\u00fck Logo Termal Suyun Faydalar\u0131 Limak Yalova Hikayesi Video Limak Yalova Videolar","rel":"","context":"Similar post","block_context":{"text":"Similar post","link":""},"img":{"alt_text":"","src":"","width":0,"height":0},"classes":[]},{"id":11864,"url":"https:\/\/limakthermal.com\/de\/kontakt\/","url_meta":{"origin":21202,"position":5},"title":"Kommunikation","author":"harunsahin","date":"20 November 2021","format":false,"excerpt":"24\/7 KONTAKT Sie k\u00f6nnen uns rund um die Uhr f\u00fcr alle Ihre Fragen und Kommentare kontaktieren. Jeden Mittwoch und Samstag Live-Musik Limak Thermal Boutique-Hotel Boutique \ue934\ue934\ue934\ue934\ue934 5\/5 https:\/\/youtu.be\/6_TMu8xz7b4 DIE ANSCHRIFT G\u00f6kcedere Mah. S\u0131cak Su Cad. Nr:1-3 Termal \/ Yalova \/ T\u00fcrkei Instagram Facebook Twitter Youtube Whatsapp Tripadvisor JETZT ANRUFEN thermal@limakhotels.com\u2026","rel":"","context":"Similar post","block_context":{"text":"Similar post","link":""},"img":{"alt_text":"","src":"https:\/\/i0.wp.com\/img.youtube.com\/vi\/6_TMu8xz7b4\/0.jpg?resize=350%2C200","width":350,"height":200},"classes":[]}],"_links":{"self":[{"href":"https:\/\/limakthermal.com\/en\/wp-json\/wp\/v2\/pages\/21202","targetHints":{"allow":["GET"]}}],"collection":[{"href":"https:\/\/limakthermal.com\/en\/wp-json\/wp\/v2\/pages"}],"about":[{"href":"https:\/\/limakthermal.com\/en\/wp-json\/wp\/v2\/types\/page"}],"author":[{"embeddable":true,"href":"https:\/\/limakthermal.com\/en\/wp-json\/wp\/v2\/users\/1"}],"replies":[{"embeddable":true,"href":"https:\/\/limakthermal.com\/en\/wp-json\/wp\/v2\/comments?post=21202"}],"version-history":[{"count":0,"href":"https:\/\/limakthermal.com\/en\/wp-json\/wp\/v2\/pages\/21202\/revisions"}],"wp:attachment":[{"href":"https:\/\/limakthermal.com\/en\/wp-json\/wp\/v2\/media?parent=21202"}],"curies":[{"name":"wp","href":"https:\/\/api.w.org\/{rel}","templated":true}]}}