{"id":6846,"date":"2021-06-19T18:33:06","date_gmt":"2021-06-19T18:33:06","guid":{"rendered":"http:\/\/limakthermal.com\/?page_id=6846"},"modified":"2026-03-25T08:12:22","modified_gmt":"2026-03-25T08:12:22","slug":"quality-food-safety","status":"publish","type":"page","link":"https:\/\/limakthermal.com\/en\/quality-food-safety\/","title":{"rendered":"Our Quality Policy"},"content":{"rendered":"\t\t<div data-elementor-type=\"wp-page\" data-elementor-id=\"6846\" class=\"elementor elementor-6846 elementor-1424\" data-elementor-post-type=\"page\">\n\t\t\t\t\t\t<section class=\"elementor-section elementor-top-section elementor-element elementor-element-319a41e elementor-section-height-min-height elementor-section-boxed elementor-section-height-default elementor-section-items-middle\" data-id=\"319a41e\" data-element_type=\"section\" data-e-type=\"section\" data-settings=\"{&quot;background_background&quot;:&quot;classic&quot;}\">\n\t\t\t\t\t\t<div class=\"elementor-container elementor-column-gap-default\">\n\t\t\t\t\t<div class=\"elementor-column elementor-col-100 elementor-top-column elementor-element elementor-element-6d82a88\" data-id=\"6d82a88\" data-element_type=\"column\" data-e-type=\"column\">\n\t\t\t<div class=\"elementor-widget-wrap elementor-element-populated\">\n\t\t\t\t\t\t<div class=\"elementor-element elementor-element-ee54176 elementor-widget elementor-widget-spacer\" data-id=\"ee54176\" data-element_type=\"widget\" data-e-type=\"widget\" data-widget_type=\"spacer.default\">\n\t\t\t\t<div class=\"elementor-widget-container\">\n\t\t\t\t\t\t\t<div class=\"elementor-spacer\">\n\t\t\t<div class=\"elementor-spacer-inner\"><\/div>\n\t\t<\/div>\n\t\t\t\t\t\t<\/div>\n\t\t\t\t<\/div>\n\t\t\t\t\t<\/div>\n\t\t<\/div>\n\t\t\t\t\t<\/div>\n\t\t<\/section>\n\t\t\t\t<section class=\"elementor-section elementor-top-section elementor-element elementor-element-1cdc2ae elementor-section-boxed elementor-section-height-default elementor-section-height-default\" data-id=\"1cdc2ae\" data-element_type=\"section\" data-e-type=\"section\" data-settings=\"{&quot;background_background&quot;:&quot;classic&quot;}\">\n\t\t\t\t\t\t<div class=\"elementor-container elementor-column-gap-default\">\n\t\t\t\t\t<div class=\"elementor-column elementor-col-100 elementor-top-column elementor-element elementor-element-629bfe2\" data-id=\"629bfe2\" data-element_type=\"column\" data-e-type=\"column\">\n\t\t\t<div class=\"elementor-widget-wrap elementor-element-populated\">\n\t\t\t\t\t\t<div class=\"elementor-element elementor-element-9d3919c elementor-widget elementor-widget-spacer\" data-id=\"9d3919c\" data-element_type=\"widget\" data-e-type=\"widget\" data-widget_type=\"spacer.default\">\n\t\t\t\t<div class=\"elementor-widget-container\">\n\t\t\t\t\t\t\t<div class=\"elementor-spacer\">\n\t\t\t<div class=\"elementor-spacer-inner\"><\/div>\n\t\t<\/div>\n\t\t\t\t\t\t<\/div>\n\t\t\t\t<\/div>\n\t\t\t\t\t<\/div>\n\t\t<\/div>\n\t\t\t\t\t<\/div>\n\t\t<\/section>\n\t\t\t\t<section class=\"elementor-section elementor-top-section elementor-element elementor-element-128423c elementor-section-boxed elementor-section-height-default elementor-section-height-default\" data-id=\"128423c\" data-element_type=\"section\" data-e-type=\"section\" data-settings=\"{&quot;background_background&quot;:&quot;classic&quot;}\">\n\t\t\t\t\t\t<div class=\"elementor-container elementor-column-gap-default\">\n\t\t\t\t\t<div class=\"elementor-column elementor-col-100 elementor-top-column elementor-element elementor-element-ac6edce\" data-id=\"ac6edce\" data-element_type=\"column\" data-e-type=\"column\" data-settings=\"{&quot;background_background&quot;:&quot;classic&quot;}\">\n\t\t\t<div class=\"elementor-widget-wrap elementor-element-populated\">\n\t\t\t\t\t\t<div class=\"elementor-element elementor-element-c5f9c4d elementor-widget elementor-widget-heading\" data-id=\"c5f9c4d\" data-element_type=\"widget\" data-e-type=\"widget\" data-widget_type=\"heading.default\">\n\t\t\t\t<div class=\"elementor-widget-container\">\n\t\t\t\t\t<h2 class=\"elementor-heading-title elementor-size-default\">OUR QUALITY POLICY<\/h2>\t\t\t\t<\/div>\n\t\t\t\t<\/div>\n\t\t\t\t<div class=\"elementor-element elementor-element-a00b659 elementor-widget elementor-widget-text-editor\" data-id=\"a00b659\" data-element_type=\"widget\" data-e-type=\"widget\" data-widget_type=\"text-editor.default\">\n\t\t\t\t<div class=\"elementor-widget-container\">\n\t\t\t\t\t\t\t\t\t<h3><span style=\"color: #343a40;\">our quality, food safety, environment and sustainability policy<\/span><\/h3><p class=\"\">As <span style=\"font-weight: 600;\">L\u0130MAK INTERNATIONAL HOTEL&amp;RESORTS<\/span> group hotels, with our motto of warm hospitality and excellent service,<\/p><p class=\"\">While institutionalizing, we establish and ensure the implementation of our operating and management system in accordance with international standards. We continuously measure and improve our guest satisfaction and service quality with the belief that we can always do better. We attach importance to the continuity of training in order to raise awareness of our staff and ensure the continuity of the system.  <br><br>We make new investments by working in harmony with country and regional policies. We take into account guest expectations in our investments, closely follow the technology, improve ourselves and always use our experience, knowledge and skills in a constructive way. <br><br>With our transparent management style, we ensure that all employees contribute to our system. By instilling the corporate identity in all employees, we create employees who believe in teamwork and ensure that they stay within the group for a long time. We continuously increase our bed capacity. We lead the sector with our pioneering work and set an example. We do not discriminate against staff and guests (language, religion, race). Everyone is treated equally.     <br><br>We offer physically, chemically and microbiologically clean foods for our guests to have a healthy diet. We comply with the laws and regulations published in our country in the purchase, storage, preparation and presentation of raw materials. Our goal is to continuously raise food safety standards and ensure that this is implemented as a system.  <br><br>In order to protect the environment and ensure the necessity of sustainable tourism, we identify our impacts on the environment, control our negative impacts, potential hazards and wastes. We strive to minimize the use of natural resources, energy consumption, air, water and soil pollution. <br><br>We comply with the laws, regulations, legislation and regulations published in our country regarding the environment, occupational health and safety and human rights, and fulfill all requirements completely. While carrying out our activities, we take and implement the necessary measures to protect our guests and employees from injuries and diseases that may occur and to provide good working conditions. <br>We try to ensure that our environmental awareness and sustainability efforts are adopted not only by our staff, but also by our guests, suppliers, subcontractors and authorities. We contribute to the production of environmental protection and social projects in cooperation with local administrations, suppliers and non-governmental organizations. <br><br>We take all necessary measures to increase local employment in our locations, protect and enrich natural life, and share with the public all the activities we carry out to protect our environment.<br><br>We take the necessary measures to respect children&#8217;s rights and protect children against all forms of exploitation (including sexual exploitation) and ensure that all suspicious activities involving children are reported to local authorities and relevant organizations.<\/p>\t\t\t\t\t\t\t\t<\/div>\n\t\t\t\t<\/div>\n\t\t\t\t\t<\/div>\n\t\t<\/div>\n\t\t\t\t\t<\/div>\n\t\t<\/section>\n\t\t\t\t<\/div>\n\t\t","protected":false},"excerpt":{"rendered":"<p>OUR QUALITY POLICY our quality, food safety, environment and sustainability policy As L\u0130MAK INTERNATIONAL HOTEL&amp;RESORTS group hotels, with our motto of warm hospitality and excellent service, While institutionalizing, we establish and ensure the implementation of our operating and management system in accordance with international standards. We continuously measure and improve our guest satisfaction and service&hellip;&nbsp;<a href=\"https:\/\/limakthermal.com\/en\/quality-food-safety\/\" rel=\"bookmark\">Read More &raquo;<span class=\"screen-reader-text\">Our Quality Policy<\/span><\/a><\/p>\n","protected":false},"author":1,"featured_media":0,"parent":0,"menu_order":0,"comment_status":"closed","ping_status":"closed","template":"","meta":{"neve_meta_sidebar":"","neve_meta_container":"","neve_meta_enable_content_width":"off","neve_meta_content_width":100,"neve_meta_title_alignment":"","neve_meta_author_avatar":"","neve_post_elements_order":"","neve_meta_disable_header":"","neve_meta_disable_footer":"","neve_meta_disable_title":"","footnotes":""},"class_list":["post-6846","page","type-page","status-publish","hentry"],"yoast_head":"<!-- This site is optimized with the Yoast SEO plugin v27.4 - https:\/\/yoast.com\/product\/yoast-seo-wordpress\/ -->\n<title>Our Quality Policy | Limak Yalova Thermal Boutique Hotel<\/title>\n<meta name=\"description\" content=\"Quality Policy; As L\u0130MAK INTERNATIONAL HOTEL&amp;RESORTS group hotels, with our motto of warm hospitality and excellent service, while institutionalizing, operating in accordance with international standards and\" \/>\n<meta name=\"robots\" content=\"index, follow, max-snippet:-1, max-image-preview:large, max-video-preview:-1\" \/>\n<link rel=\"canonical\" href=\"https:\/\/limakthermal.com\/en\/quality-food-safety\/\" \/>\n<meta property=\"og:locale\" content=\"en_US\" \/>\n<meta property=\"og:type\" content=\"article\" \/>\n<meta property=\"og:title\" content=\"Our Quality Policy | Limak Yalova Thermal Boutique Hotel\" \/>\n<meta property=\"og:description\" content=\"Quality Policy; As L\u0130MAK INTERNATIONAL HOTEL&amp;RESORTS group hotels, with our motto of warm hospitality and excellent service, while institutionalizing, operating in accordance with international standards and\" \/>\n<meta property=\"og:url\" content=\"https:\/\/limakthermal.com\/en\/quality-food-safety\/\" \/>\n<meta property=\"og:site_name\" content=\"Limak Yalova Thermal Boutique Hotel\" \/>\n<meta property=\"article:publisher\" content=\"https:\/\/facebook.com\/limaktermalotel\" \/>\n<meta property=\"article:modified_time\" content=\"2026-03-25T08:12:22+00:00\" \/>\n<meta name=\"twitter:card\" content=\"summary_large_image\" \/>\n<meta name=\"twitter:site\" content=\"@limakthermal\" \/>\n<meta name=\"twitter:label1\" content=\"Est. reading time\" \/>\n\t<meta name=\"twitter:data1\" content=\"3 minutes\" \/>\n<script type=\"application\/ld+json\" class=\"yoast-schema-graph\">{\"@context\":\"https:\\\/\\\/schema.org\",\"@graph\":[{\"@type\":\"WebPage\",\"@id\":\"https:\\\/\\\/limakthermal.com\\\/en\\\/quality-food-safety\\\/\",\"url\":\"https:\\\/\\\/limakthermal.com\\\/en\\\/quality-food-safety\\\/\",\"name\":\"Our Quality Policy | Limak Yalova Thermal Boutique Hotel\",\"isPartOf\":{\"@id\":\"https:\\\/\\\/limakthermal.com\\\/en\\\/#website\"},\"datePublished\":\"2021-06-19T18:33:06+00:00\",\"dateModified\":\"2026-03-25T08:12:22+00:00\",\"description\":\"Quality Policy; As L\u0130MAK INTERNATIONAL HOTEL&RESORTS group hotels, with our motto of warm hospitality and excellent service, while institutionalizing, operating in accordance with international standards and\",\"breadcrumb\":{\"@id\":\"https:\\\/\\\/limakthermal.com\\\/en\\\/quality-food-safety\\\/#breadcrumb\"},\"inLanguage\":\"en-US\",\"potentialAction\":[{\"@type\":\"ReadAction\",\"target\":[\"https:\\\/\\\/limakthermal.com\\\/en\\\/quality-food-safety\\\/\"]}]},{\"@type\":\"BreadcrumbList\",\"@id\":\"https:\\\/\\\/limakthermal.com\\\/en\\\/quality-food-safety\\\/#breadcrumb\",\"itemListElement\":[{\"@type\":\"ListItem\",\"position\":1,\"name\":\"Homepage\",\"item\":\"https:\\\/\\\/limakthermal.com\\\/en\\\/\"},{\"@type\":\"ListItem\",\"position\":2,\"name\":\"Our Quality Policy\"}]},{\"@type\":\"WebSite\",\"@id\":\"https:\\\/\\\/limakthermal.com\\\/en\\\/#website\",\"url\":\"https:\\\/\\\/limakthermal.com\\\/en\\\/\",\"name\":\"Limak Yalova Thermal Boutique Hotel\",\"description\":\"Warm Hospitality &amp; Excellent Service\",\"publisher\":{\"@id\":\"https:\\\/\\\/limakthermal.com\\\/en\\\/#organization\"},\"potentialAction\":[{\"@type\":\"SearchAction\",\"target\":{\"@type\":\"EntryPoint\",\"urlTemplate\":\"https:\\\/\\\/limakthermal.com\\\/en\\\/?s={search_term_string}\"},\"query-input\":{\"@type\":\"PropertyValueSpecification\",\"valueRequired\":true,\"valueName\":\"search_term_string\"}}],\"inLanguage\":\"en-US\"},{\"@type\":\"Organization\",\"@id\":\"https:\\\/\\\/limakthermal.com\\\/en\\\/#organization\",\"name\":\"Limak Thermal Boutique Hotel\",\"url\":\"https:\\\/\\\/limakthermal.com\\\/en\\\/\",\"logo\":{\"@type\":\"ImageObject\",\"inLanguage\":\"en-US\",\"@id\":\"https:\\\/\\\/limakthermal.com\\\/en\\\/#\\\/schema\\\/logo\\\/image\\\/\",\"url\":\"https:\\\/\\\/limakthermal.com\\\/wp-content\\\/uploads\\\/logolimakthermalyeni.png\",\"contentUrl\":\"https:\\\/\\\/limakthermal.com\\\/wp-content\\\/uploads\\\/logolimakthermalyeni.png\",\"width\":1795,\"height\":800,\"caption\":\"Limak Thermal Boutique Hotel\"},\"image\":{\"@id\":\"https:\\\/\\\/limakthermal.com\\\/en\\\/#\\\/schema\\\/logo\\\/image\\\/\"},\"sameAs\":[\"https:\\\/\\\/facebook.com\\\/limaktermalotel\",\"https:\\\/\\\/x.com\\\/limakthermal\",\"https:\\\/\\\/instagram.com\\\/limakthermal\",\"https:\\\/\\\/tr.linkedin.com\\\/company\\\/limak-thermal-boutique-hotel\",\"https:\\\/\\\/www.youtube.com\\\/user\\\/LimakHotels\"]}]}<\/script>\n<!-- \/ Yoast SEO plugin. -->","yoast_head_json":{"title":"Our Quality Policy | Limak Yalova Thermal Boutique Hotel","description":"Quality Policy; As L\u0130MAK INTERNATIONAL HOTEL&RESORTS group hotels, with our motto of warm hospitality and excellent service, while institutionalizing, operating in accordance with international standards and","robots":{"index":"index","follow":"follow","max-snippet":"max-snippet:-1","max-image-preview":"max-image-preview:large","max-video-preview":"max-video-preview:-1"},"canonical":"https:\/\/limakthermal.com\/en\/quality-food-safety\/","og_locale":"en_US","og_type":"article","og_title":"Our Quality Policy | Limak Yalova Thermal Boutique Hotel","og_description":"Quality Policy; As L\u0130MAK INTERNATIONAL HOTEL&RESORTS group hotels, with our motto of warm hospitality and excellent service, while institutionalizing, operating in accordance with international standards and","og_url":"https:\/\/limakthermal.com\/en\/quality-food-safety\/","og_site_name":"Limak Yalova Thermal Boutique Hotel","article_publisher":"https:\/\/facebook.com\/limaktermalotel","article_modified_time":"2026-03-25T08:12:22+00:00","twitter_card":"summary_large_image","twitter_site":"@limakthermal","twitter_misc":{"Est. reading time":"3 minutes"},"schema":{"@context":"https:\/\/schema.org","@graph":[{"@type":"WebPage","@id":"https:\/\/limakthermal.com\/en\/quality-food-safety\/","url":"https:\/\/limakthermal.com\/en\/quality-food-safety\/","name":"Our Quality Policy | Limak Yalova Thermal Boutique Hotel","isPartOf":{"@id":"https:\/\/limakthermal.com\/en\/#website"},"datePublished":"2021-06-19T18:33:06+00:00","dateModified":"2026-03-25T08:12:22+00:00","description":"Quality Policy; As L\u0130MAK INTERNATIONAL HOTEL&RESORTS group hotels, with our motto of warm hospitality and excellent service, while institutionalizing, operating in accordance with international standards and","breadcrumb":{"@id":"https:\/\/limakthermal.com\/en\/quality-food-safety\/#breadcrumb"},"inLanguage":"en-US","potentialAction":[{"@type":"ReadAction","target":["https:\/\/limakthermal.com\/en\/quality-food-safety\/"]}]},{"@type":"BreadcrumbList","@id":"https:\/\/limakthermal.com\/en\/quality-food-safety\/#breadcrumb","itemListElement":[{"@type":"ListItem","position":1,"name":"Homepage","item":"https:\/\/limakthermal.com\/en\/"},{"@type":"ListItem","position":2,"name":"Our Quality Policy"}]},{"@type":"WebSite","@id":"https:\/\/limakthermal.com\/en\/#website","url":"https:\/\/limakthermal.com\/en\/","name":"Limak Yalova Thermal Boutique Hotel","description":"Warm Hospitality &amp; Excellent Service","publisher":{"@id":"https:\/\/limakthermal.com\/en\/#organization"},"potentialAction":[{"@type":"SearchAction","target":{"@type":"EntryPoint","urlTemplate":"https:\/\/limakthermal.com\/en\/?s={search_term_string}"},"query-input":{"@type":"PropertyValueSpecification","valueRequired":true,"valueName":"search_term_string"}}],"inLanguage":"en-US"},{"@type":"Organization","@id":"https:\/\/limakthermal.com\/en\/#organization","name":"Limak Thermal Boutique Hotel","url":"https:\/\/limakthermal.com\/en\/","logo":{"@type":"ImageObject","inLanguage":"en-US","@id":"https:\/\/limakthermal.com\/en\/#\/schema\/logo\/image\/","url":"https:\/\/limakthermal.com\/wp-content\/uploads\/logolimakthermalyeni.png","contentUrl":"https:\/\/limakthermal.com\/wp-content\/uploads\/logolimakthermalyeni.png","width":1795,"height":800,"caption":"Limak Thermal Boutique Hotel"},"image":{"@id":"https:\/\/limakthermal.com\/en\/#\/schema\/logo\/image\/"},"sameAs":["https:\/\/facebook.com\/limaktermalotel","https:\/\/x.com\/limakthermal","https:\/\/instagram.com\/limakthermal","https:\/\/tr.linkedin.com\/company\/limak-thermal-boutique-hotel","https:\/\/www.youtube.com\/user\/LimakHotels"]}]}},"jetpack-related-posts":[{"id":16968,"url":"https:\/\/limakthermal.com\/en\/our-energy-policy\/","url_meta":{"origin":6846,"position":0},"title":"Energy Policy","author":"harunsahin","date":"4 November 2023","format":false,"excerpt":"We take the sustainability of service quality as a basis and use our energy resources effectively and efficiently. In order to protect the environment and ensure the necessity of sustainable tourism, we identify our impacts on the environment, monitor energy consumption and carbon emissions resulting from energy consumption, and take\u2026","rel":"","context":"Similar post","block_context":{"text":"Similar post","link":""},"img":{"alt_text":"","src":"","width":0,"height":0},"classes":[]},{"id":5809,"url":"https:\/\/limakthermal.com\/en\/hygienic-pandemic-manifestation\/","url_meta":{"origin":6846,"position":1},"title":"Hygienic &#038; Pandemic Manifestation","author":"harunsahin","date":"20 July 2021","format":false,"excerpt":"WITH ASSURANCE OF WARM HOSPITALITY AND EXCELLENT SERVICE Dear guests of ours,The well-being of society, our employees and guests are of great importance for us Limak\u00a0International Hotels & Resorts.\u00a0Hygienic and sanitary measures that we\u2019ve increased with our employees while getting\u00a0through the COVID-19 Pandemic, are aimed at presenting you a vacation\u2026","rel":"","context":"Similar post","block_context":{"text":"Similar post","link":""},"img":{"alt_text":"","src":"https:\/\/i0.wp.com\/limakthermal.com\/wp-content\/uploads\/2021\/06\/Suit3-1536x981.jpg?resize=350%2C200&ssl=1","width":350,"height":200,"srcset":"https:\/\/i0.wp.com\/limakthermal.com\/wp-content\/uploads\/2021\/06\/Suit3-1536x981.jpg?resize=350%2C200&ssl=1 1x, https:\/\/i0.wp.com\/limakthermal.com\/wp-content\/uploads\/2021\/06\/Suit3-1536x981.jpg?resize=525%2C300&ssl=1 1.5x, https:\/\/i0.wp.com\/limakthermal.com\/wp-content\/uploads\/2021\/06\/Suit3-1536x981.jpg?resize=700%2C400&ssl=1 2x, https:\/\/i0.wp.com\/limakthermal.com\/wp-content\/uploads\/2021\/06\/Suit3-1536x981.jpg?resize=1050%2C600&ssl=1 3x"},"classes":[]},{"id":14010,"url":"https:\/\/limakthermal.com\/en\/sustainability\/","url_meta":{"origin":6846,"position":2},"title":"Sustainability","author":"harunsahin","date":"19 October 2022","format":false,"excerpt":"Sustainability INTRODUCTION In order to protect the environment and ensure the necessity of sustainable tourism, we evaluate our impacts on the environment and control our negative impacts, potential hazards and wastes. We strive to minimize the use of natural resources, carbon footprint, energy consumption, air, water and soil pollution.We try\u2026","rel":"","context":"Similar post","block_context":{"text":"Similar post","link":""},"img":{"alt_text":"Limak Thermal Boutique Hotel Sustainable Tourism GSTC","src":"https:\/\/i0.wp.com\/limakthermal.com\/wp-content\/uploads\/Sustainable-tourism-Sertifikali-EN-300x300.png?resize=350%2C200&ssl=1","width":350,"height":200},"classes":[]},{"id":11903,"url":"https:\/\/limakthermal.com\/en\/privacy-policy\/","url_meta":{"origin":6846,"position":3},"title":"Confidentiality Agreement","author":"harunsahin","date":"20 November 2021","format":false,"excerpt":"LI\u0307MAK THERMAL BOUTIQUE HOTELCONFIDENTIALITY STATEMENTData Controller: Limak Thermal Boutique HotelG\u00f6k\u00e7edere Mah. S\u0131cak Su Cad. No:1-3 Termal - YalovaLimak \u0130n\u015faat Sanayii Ticaret A.\u015e. (\"Limak Thermal Boutique Hotel) has prepared this privacy statement in order to inform our visitors, guests, employees, applicants and business contacts about the processing, storage and transfer of\u2026","rel":"","context":"Similar post","block_context":{"text":"Similar post","link":""},"img":{"alt_text":"","src":"","width":0,"height":0},"classes":[]},{"id":19912,"url":"https:\/\/limakthermal.com\/en\/protection-personal-data\/","url_meta":{"origin":6846,"position":4},"title":"Ki\u015fisel Verilerin Korunmas\u0131","author":"harunsahin","date":"14 June 2021","format":false,"excerpt":"L\u0130MAK THERMAL BOUT\u0130QUE HOTEL Privacy PolicyL\u0130MAK THERMAL BOUTIQUE HOTELPRIVACY STATEMENTData Controller: Limak \u0130n\u015faat Sanayi ve\u00a0Ticaret A.\u015e (Limak Thermal Boutique Hotel)G\u00f6k\u00e7edere Mah. S\u0131cak Su Cad. No:1-3 Termal \/ YalovaWe, as Limak \u0130n\u015faat San. ve Tic. A.\u015e. (\u201cLimak Thermal Boutique Hotel\u2019\u2019), prepared this privacy statement to inform our visitors, our guests, our\u2026","rel":"","context":"Similar post","block_context":{"text":"Similar post","link":""},"img":{"alt_text":"","src":"","width":0,"height":0},"classes":[]},{"id":6152,"url":"https:\/\/limakthermal.com\/en\/guest-services\/","url_meta":{"origin":6846,"position":5},"title":"Guest Services","author":"harunsahin","date":"26 July 2021","format":false,"excerpt":"Warm Hospitality & Excellent Service We are also with you on your special days. We offer the following services to provide you with a comfortable accommodation experience. In order to benefit from our honeymoon and wedding anniversary packages, a document must be presented by the check in. In order to\u2026","rel":"","context":"Similar post","block_context":{"text":"Similar post","link":""},"img":{"alt_text":"","src":"","width":0,"height":0},"classes":[]}],"_links":{"self":[{"href":"https:\/\/limakthermal.com\/en\/wp-json\/wp\/v2\/pages\/6846","targetHints":{"allow":["GET"]}}],"collection":[{"href":"https:\/\/limakthermal.com\/en\/wp-json\/wp\/v2\/pages"}],"about":[{"href":"https:\/\/limakthermal.com\/en\/wp-json\/wp\/v2\/types\/page"}],"author":[{"embeddable":true,"href":"https:\/\/limakthermal.com\/en\/wp-json\/wp\/v2\/users\/1"}],"replies":[{"embeddable":true,"href":"https:\/\/limakthermal.com\/en\/wp-json\/wp\/v2\/comments?post=6846"}],"version-history":[{"count":2,"href":"https:\/\/limakthermal.com\/en\/wp-json\/wp\/v2\/pages\/6846\/revisions"}],"predecessor-version":[{"id":22204,"href":"https:\/\/limakthermal.com\/en\/wp-json\/wp\/v2\/pages\/6846\/revisions\/22204"}],"wp:attachment":[{"href":"https:\/\/limakthermal.com\/en\/wp-json\/wp\/v2\/media?parent=6846"}],"curies":[{"name":"wp","href":"https:\/\/api.w.org\/{rel}","templated":true}]}}